{"id":771,"date":"2024-04-29T18:18:57","date_gmt":"2024-04-29T16:18:57","guid":{"rendered":"http:\/\/ahamarketing.hu\/teszt\/?page_id=771"},"modified":"2024-05-03T13:01:48","modified_gmt":"2024-05-03T11:01:48","slug":"impresszum","status":"publish","type":"page","link":"https:\/\/ahamarketing.hu\/en\/impresszum\/","title":{"rendered":"Impresszum"},"content":{"rendered":"\n<div class=\"wp-block-uagb-container uagb-block-81f09a13 alignfull uagb-is-root-container\"><div class=\"uagb-container-inner-blocks-wrap\">\n<div class=\"wp-block-uagb-container uagb-block-50fbf2b4\">\n<div class=\"wp-block-uagb-info-box uagb-block-d9c6d626 uagb-infobox__content-wrap  uagb-infobox-icon-above-title uagb-infobox-image-valign-top\"><div class=\"uagb-ifb-content\"><div class=\"uagb-ifb-title-wrap\"><h3 class=\"uagb-ifb-title\">Impresszum<\/h3><\/div><\/div><\/div>\n<\/div>\n\n\n\n<div class=\"wp-block-uagb-container uag-hide-mob uagb-block-4585ece4\">\n<p class=\"has-text-color has-link-color wp-elements-393789a7e905273abb60a897f0941359\" style=\"color:#4e596b;font-size:25px;font-style:normal;font-weight:400;letter-spacing:1px;line-height:1.6\"><strong>Aha Marketing Kft.<\/strong><br><br> 1139 Budapest, R\u00f6ppenty\u0171 u 65-67.<br> Ad\u00f3sz\u00e1m: 12463387-1-41<br> Telefonsz\u00e1m: +36 30 2560 623<br> Email: violettahorvath@ahamarketing.hu<br> Nyilv\u00e1ntart\u00e1sba vev\u0151 hat\u00f3s\u00e1g: Pest Megyei T\u00f6rv\u00e9nysz\u00e9k<br> Kamarai tags\u00e1g: Pest Megyei Iparkamara<br><\/p>\n\n\n\n<p class=\"has-text-color has-link-color wp-elements-b568f0d3dba0a9f6132e8992dd49a954\" style=\"color:#4e596b;font-size:25px;font-style:normal;font-weight:400;letter-spacing:1px;line-height:1.6\"><strong>T\u00c1RHELYSZOLG\u00c1LTAT\u00d3<\/strong><br><br> A c\u00e9g elnevez\u00e9se: T\u00e1rhely.Eu Kft<br> A c\u00e9g sz\u00e9khelye: 1144 Budapest, Orm\u00e1ns\u00e1g u.4.<br> Levelez\u00e9si c\u00edme: 1144 Budapest, Orm\u00e1ns\u00e1g u.4.<br> Telefonsz\u00e1ma: +36 1 789-2-789<br> Ad\u00f3sz\u00e1ma: 14571332-2-42<\/p>\n<\/div>\n\n\n\n<div class=\"wp-block-uagb-container uag-hide-desktop uag-hide-tab uagb-block-af2fc899\">\n<p class=\"has-text-color has-link-color wp-elements-ded8f57319ca0d5eb9238939dd497d50\" style=\"color:#4e596b;font-size:20px;font-style:normal;font-weight:400;letter-spacing:1px;line-height:1.6\"><strong>Aha Marketing Kft.<\/strong><br><br> 1139 Budapest, R\u00f6ppenty\u0171 u 65-67.<br> Ad\u00f3sz\u00e1m: 12463387-1-41<br> Telefonsz\u00e1m: +36 30 2560 623<br> Email: violettahorvath@ahamarketing.hu<br> Nyilv\u00e1ntart\u00e1sba vev\u0151 hat\u00f3s\u00e1g: Pest Megyei T\u00f6rv\u00e9nysz\u00e9k<br> Kamarai tags\u00e1g: Pest Megyei Iparkamara<br><\/p>\n\n\n\n<p class=\"has-text-color has-link-color wp-elements-79763593334ff31976b5574dc8fe803c\" style=\"color:#4e596b;font-size:20px;font-style:normal;font-weight:400;letter-spacing:1px;line-height:1.6\"><strong>T\u00c1RHELYSZOLG\u00c1LTAT\u00d3<\/strong><br><br> A c\u00e9g elnevez\u00e9se: T\u00e1rhely.Eu Kft<br> A c\u00e9g sz\u00e9khelye: 1144 Budapest, Orm\u00e1ns\u00e1g u.4.<br> Levelez\u00e9si c\u00edme: 1144 Budapest, Orm\u00e1ns\u00e1g u.4.<br> Telefonsz\u00e1ma: +36 1 789-2-789<br> Ad\u00f3sz\u00e1ma: 14571332-2-42<\/p>\n<\/div>\n<\/div><\/div>\n","protected":false},"excerpt":{"rendered":"<p>Aha Marketing Kft. 1139 Budapest, R\u00f6ppenty\u0171 u 65-67. Ad\u00f3sz\u00e1m: 12463387-1-41 Telefonsz\u00e1m: +36 30 2560 623 Email: violettahorvath@ahamarketing.hu Nyilv\u00e1ntart\u00e1sba vev\u0151 hat\u00f3s\u00e1g: [&hellip;]<\/p>\n","protected":false},"author":1,"featured_media":0,"parent":0,"menu_order":0,"comment_status":"closed","ping_status":"closed","template":"","meta":{"_uag_custom_page_level_css":"","site-sidebar-layout":"default","site-content-layout":"","ast-site-content-layout":"","site-content-style":"default","site-sidebar-style":"default","ast-global-header-display":"","ast-banner-title-visibility":"","ast-main-header-display":"","ast-hfb-above-header-display":"","ast-hfb-below-header-display":"","ast-hfb-mobile-header-display":"","site-post-title":"disabled","ast-breadcrumbs-content":"","ast-featured-img":"","footer-sml-layout":"","theme-transparent-header-meta":"","adv-header-id-meta":"","stick-header-meta":"","header-above-stick-meta":"","header-main-stick-meta":"","header-below-stick-meta":"","astra-migrate-meta-layouts":"default","ast-page-background-enabled":"default","ast-page-background-meta":{"desktop":{"background-color":"var(--ast-global-color-4)","background-image":"","background-repeat":"repeat","background-position":"center center","background-size":"auto","background-attachment":"scroll","background-type":"","background-media":"","overlay-type":"","overlay-color":"","overlay-gradient":""},"tablet":{"background-color":"","background-image":"","background-repeat":"repeat","background-position":"center center","background-size":"auto","background-attachment":"scroll","background-type":"","background-media":"","overlay-type":"","overlay-color":"","overlay-gradient":""},"mobile":{"background-color":"","background-image":"","background-repeat":"repeat","background-position":"center center","background-size":"auto","background-attachment":"scroll","background-type":"","background-media":"","overlay-type":"","overlay-color":"","overlay-gradient":""}},"ast-content-background-meta":{"desktop":{"background-color":"var(--ast-global-color-5)","background-image":"","background-repeat":"repeat","background-position":"center center","background-size":"auto","background-attachment":"scroll","background-type":"","background-media":"","overlay-type":"","overlay-color":"","overlay-gradient":""},"tablet":{"background-color":"var(--ast-global-color-5)","background-image":"","background-repeat":"repeat","background-position":"center center","background-size":"auto","background-attachment":"scroll","background-type":"","background-media":"","overlay-type":"","overlay-color":"","overlay-gradient":""},"mobile":{"background-color":"var(--ast-global-color-5)","background-image":"","background-repeat":"repeat","background-position":"center center","background-size":"auto","background-attachment":"scroll","background-type":"","background-media":"","overlay-type":"","overlay-color":"","overlay-gradient":""}},"footnotes":""},"class_list":["post-771","page","type-page","status-publish","hentry"],"yoast_head":"<!-- This site is optimized with the Yoast SEO plugin v22.5 - https:\/\/yoast.com\/wordpress\/plugins\/seo\/ -->\n<title>Rendezv\u00e9nyszervez\u00e9s c\u00e9geknek, roadshow-k, kitelep\u00fcl\u00e9sek - Aha Marketing<\/title>\n<meta name=\"description\" content=\"Sajt\u00f3esem\u00e9ny, roadshow, kitelep\u00fcl\u00e9s \u00e9s rendezv\u00e9nyszervez\u00e9s c\u00e9geknek. Dedik\u00e1lt projektvezet\u0151\u2714 Tapasztalt szakemberek\u2714 Profizmus\u2714.\" \/>\n<meta name=\"robots\" content=\"index, follow, max-snippet:-1, max-image-preview:large, max-video-preview:-1\" \/>\n<link rel=\"canonical\" href=\"https:\/\/ahamarketing.hu\/en\/impresszum\/\" \/>\n<meta property=\"og:locale\" content=\"hu_HU\" \/>\n<meta property=\"og:type\" content=\"article\" \/>\n<meta property=\"og:title\" content=\"Rendezv\u00e9nyszervez\u00e9s c\u00e9geknek, roadshow-k, kitelep\u00fcl\u00e9sek - Aha Marketing\" \/>\n<meta property=\"og:description\" content=\"Sajt\u00f3esem\u00e9ny, roadshow, kitelep\u00fcl\u00e9s \u00e9s rendezv\u00e9nyszervez\u00e9s c\u00e9geknek. Dedik\u00e1lt projektvezet\u0151\u2714 Tapasztalt szakemberek\u2714 Profizmus\u2714.\" \/>\n<meta property=\"og:url\" content=\"https:\/\/ahamarketing.hu\/en\/impresszum\/\" \/>\n<meta property=\"og:site_name\" content=\"AhaMarketing\" \/>\n<meta property=\"article:modified_time\" content=\"2024-05-03T11:01:48+00:00\" \/>\n<meta name=\"twitter:card\" content=\"summary_large_image\" \/>\n<meta name=\"twitter:label1\" content=\"Becs\u00fclt olvas\u00e1si id\u0151\" \/>\n\t<meta name=\"twitter:data1\" content=\"1 perc\" \/>\n<script type=\"application\/ld+json\" class=\"yoast-schema-graph\">{\"@context\":\"https:\/\/schema.org\",\"@graph\":[{\"@type\":\"WebPage\",\"@id\":\"https:\/\/ahamarketing.hu\/en\/impresszum\/\",\"url\":\"https:\/\/ahamarketing.hu\/en\/impresszum\/\",\"name\":\"Rendezv\u00e9nyszervez\u00e9s c\u00e9geknek, roadshow-k, kitelep\u00fcl\u00e9sek - Aha Marketing\",\"isPartOf\":{\"@id\":\"https:\/\/ahamarketing.hu\/en\/#website\"},\"datePublished\":\"2024-04-29T16:18:57+00:00\",\"dateModified\":\"2024-05-03T11:01:48+00:00\",\"description\":\"Sajt\u00f3esem\u00e9ny, roadshow, kitelep\u00fcl\u00e9s \u00e9s rendezv\u00e9nyszervez\u00e9s c\u00e9geknek. Dedik\u00e1lt projektvezet\u0151\u2714 Tapasztalt szakemberek\u2714 Profizmus\u2714.\",\"breadcrumb\":{\"@id\":\"https:\/\/ahamarketing.hu\/en\/impresszum\/#breadcrumb\"},\"inLanguage\":\"hu\",\"potentialAction\":[{\"@type\":\"ReadAction\",\"target\":[\"https:\/\/ahamarketing.hu\/en\/impresszum\/\"]}]},{\"@type\":\"BreadcrumbList\",\"@id\":\"https:\/\/ahamarketing.hu\/en\/impresszum\/#breadcrumb\",\"itemListElement\":[{\"@type\":\"ListItem\",\"position\":1,\"name\":\"Kezd\u0151lap\",\"item\":\"https:\/\/ahamarketing.hu\/en\/\"},{\"@type\":\"ListItem\",\"position\":2,\"name\":\"Impresszum\"}]},{\"@type\":\"WebSite\",\"@id\":\"https:\/\/ahamarketing.hu\/en\/#website\",\"url\":\"https:\/\/ahamarketing.hu\/en\/\",\"name\":\"AhaMarketing\",\"description\":\"\",\"publisher\":{\"@id\":\"https:\/\/ahamarketing.hu\/en\/#organization\"},\"potentialAction\":[{\"@type\":\"SearchAction\",\"target\":{\"@type\":\"EntryPoint\",\"urlTemplate\":\"https:\/\/ahamarketing.hu\/en\/?s={search_term_string}\"},\"query-input\":\"required name=search_term_string\"}],\"inLanguage\":\"hu\"},{\"@type\":\"Organization\",\"@id\":\"https:\/\/ahamarketing.hu\/en\/#organization\",\"name\":\"AhaMarketing\",\"url\":\"https:\/\/ahamarketing.hu\/en\/\",\"logo\":{\"@type\":\"ImageObject\",\"inLanguage\":\"hu\",\"@id\":\"https:\/\/ahamarketing.hu\/en\/#\/schema\/logo\/image\/\",\"url\":\"https:\/\/ahamarketing.hu\/en\/wp-content\/uploads\/2024\/04\/aha-marketing-studio-logo.png\",\"contentUrl\":\"https:\/\/ahamarketing.hu\/en\/wp-content\/uploads\/2024\/04\/aha-marketing-studio-logo.png\",\"width\":259,\"height\":139,\"caption\":\"AhaMarketing\"},\"image\":{\"@id\":\"https:\/\/ahamarketing.hu\/en\/#\/schema\/logo\/image\/\"}}]}<\/script>\n<!-- \/ Yoast SEO plugin. -->","yoast_head_json":{"title":"Rendezv\u00e9nyszervez\u00e9s c\u00e9geknek, roadshow-k, kitelep\u00fcl\u00e9sek - Aha Marketing","description":"Sajt\u00f3esem\u00e9ny, roadshow, kitelep\u00fcl\u00e9s \u00e9s rendezv\u00e9nyszervez\u00e9s c\u00e9geknek. Dedik\u00e1lt projektvezet\u0151\u2714 Tapasztalt szakemberek\u2714 Profizmus\u2714.","robots":{"index":"index","follow":"follow","max-snippet":"max-snippet:-1","max-image-preview":"max-image-preview:large","max-video-preview":"max-video-preview:-1"},"canonical":"https:\/\/ahamarketing.hu\/en\/impresszum\/","og_locale":"hu_HU","og_type":"article","og_title":"Rendezv\u00e9nyszervez\u00e9s c\u00e9geknek, roadshow-k, kitelep\u00fcl\u00e9sek - Aha Marketing","og_description":"Sajt\u00f3esem\u00e9ny, roadshow, kitelep\u00fcl\u00e9s \u00e9s rendezv\u00e9nyszervez\u00e9s c\u00e9geknek. Dedik\u00e1lt projektvezet\u0151\u2714 Tapasztalt szakemberek\u2714 Profizmus\u2714.","og_url":"https:\/\/ahamarketing.hu\/en\/impresszum\/","og_site_name":"AhaMarketing","article_modified_time":"2024-05-03T11:01:48+00:00","twitter_card":"summary_large_image","twitter_misc":{"Becs\u00fclt olvas\u00e1si id\u0151":"1 perc"},"schema":{"@context":"https:\/\/schema.org","@graph":[{"@type":"WebPage","@id":"https:\/\/ahamarketing.hu\/en\/impresszum\/","url":"https:\/\/ahamarketing.hu\/en\/impresszum\/","name":"Rendezv\u00e9nyszervez\u00e9s c\u00e9geknek, roadshow-k, kitelep\u00fcl\u00e9sek - Aha Marketing","isPartOf":{"@id":"https:\/\/ahamarketing.hu\/en\/#website"},"datePublished":"2024-04-29T16:18:57+00:00","dateModified":"2024-05-03T11:01:48+00:00","description":"Sajt\u00f3esem\u00e9ny, roadshow, kitelep\u00fcl\u00e9s \u00e9s rendezv\u00e9nyszervez\u00e9s c\u00e9geknek. Dedik\u00e1lt projektvezet\u0151\u2714 Tapasztalt szakemberek\u2714 Profizmus\u2714.","breadcrumb":{"@id":"https:\/\/ahamarketing.hu\/en\/impresszum\/#breadcrumb"},"inLanguage":"hu","potentialAction":[{"@type":"ReadAction","target":["https:\/\/ahamarketing.hu\/en\/impresszum\/"]}]},{"@type":"BreadcrumbList","@id":"https:\/\/ahamarketing.hu\/en\/impresszum\/#breadcrumb","itemListElement":[{"@type":"ListItem","position":1,"name":"Kezd\u0151lap","item":"https:\/\/ahamarketing.hu\/en\/"},{"@type":"ListItem","position":2,"name":"Impresszum"}]},{"@type":"WebSite","@id":"https:\/\/ahamarketing.hu\/en\/#website","url":"https:\/\/ahamarketing.hu\/en\/","name":"AhaMarketing","description":"","publisher":{"@id":"https:\/\/ahamarketing.hu\/en\/#organization"},"potentialAction":[{"@type":"SearchAction","target":{"@type":"EntryPoint","urlTemplate":"https:\/\/ahamarketing.hu\/en\/?s={search_term_string}"},"query-input":"required name=search_term_string"}],"inLanguage":"hu"},{"@type":"Organization","@id":"https:\/\/ahamarketing.hu\/en\/#organization","name":"AhaMarketing","url":"https:\/\/ahamarketing.hu\/en\/","logo":{"@type":"ImageObject","inLanguage":"hu","@id":"https:\/\/ahamarketing.hu\/en\/#\/schema\/logo\/image\/","url":"https:\/\/ahamarketing.hu\/en\/wp-content\/uploads\/2024\/04\/aha-marketing-studio-logo.png","contentUrl":"https:\/\/ahamarketing.hu\/en\/wp-content\/uploads\/2024\/04\/aha-marketing-studio-logo.png","width":259,"height":139,"caption":"AhaMarketing"},"image":{"@id":"https:\/\/ahamarketing.hu\/en\/#\/schema\/logo\/image\/"}}]}},"uagb_featured_image_src":{"full":false,"thumbnail":false,"medium":false,"medium_large":false,"large":false,"1536x1536":false,"2048x2048":false},"uagb_author_info":{"display_name":"wp-admin","author_link":"https:\/\/ahamarketing.hu\/en\/author\/wp-admin\/"},"uagb_comment_info":0,"uagb_excerpt":"Aha Marketing Kft. 1139 Budapest, R\u00f6ppenty\u0171 u 65-67. Ad\u00f3sz\u00e1m: 12463387-1-41 Telefonsz\u00e1m: +36 30 2560 623 Email: violettahorvath@ahamarketing.hu Nyilv\u00e1ntart\u00e1sba vev\u0151 hat\u00f3s\u00e1g: [&hellip;]","_links":{"self":[{"href":"https:\/\/ahamarketing.hu\/en\/wp-json\/wp\/v2\/pages\/771","targetHints":{"allow":["GET"]}}],"collection":[{"href":"https:\/\/ahamarketing.hu\/en\/wp-json\/wp\/v2\/pages"}],"about":[{"href":"https:\/\/ahamarketing.hu\/en\/wp-json\/wp\/v2\/types\/page"}],"author":[{"embeddable":true,"href":"https:\/\/ahamarketing.hu\/en\/wp-json\/wp\/v2\/users\/1"}],"replies":[{"embeddable":true,"href":"https:\/\/ahamarketing.hu\/en\/wp-json\/wp\/v2\/comments?post=771"}],"version-history":[{"count":27,"href":"https:\/\/ahamarketing.hu\/en\/wp-json\/wp\/v2\/pages\/771\/revisions"}],"predecessor-version":[{"id":1088,"href":"https:\/\/ahamarketing.hu\/en\/wp-json\/wp\/v2\/pages\/771\/revisions\/1088"}],"wp:attachment":[{"href":"https:\/\/ahamarketing.hu\/en\/wp-json\/wp\/v2\/media?parent=771"}],"curies":[{"name":"wp","href":"https:\/\/api.w.org\/{rel}","templated":true}]}}