{"id":693,"date":"2024-04-28T17:45:30","date_gmt":"2024-04-28T15:45:30","guid":{"rendered":"http:\/\/ahamarketing.hu\/teszt\/?page_id=693"},"modified":"2024-05-06T19:31:59","modified_gmt":"2024-05-06T17:31:59","slug":"event-management","status":"publish","type":"page","link":"https:\/\/ahamarketing.hu\/en\/event-management\/","title":{"rendered":"Event management"},"content":{"rendered":"\n<div class=\"wp-block-uagb-container uagb-block-81f09a13 alignfull uagb-is-root-container\"><div class=\"uagb-container-inner-blocks-wrap\">\n<div class=\"wp-block-uagb-container uag-hide-mob uagb-block-e675fc2c\">\n<div class=\"wp-block-uagb-image uagb-block-6ddc59f0 wp-block-uagb-image--layout-default wp-block-uagb-image--effect-static wp-block-uagb-image--align-none\"><figure class=\"wp-block-uagb-image__figure\"><img decoding=\"async\" srcset=\"https:\/\/ahamarketing.hu\/en\/wp-content\/uploads\/2024\/04\/rendezvenyszervezes-aha-marketing.jpg ,https:\/\/ahamarketing.hu\/en\/wp-content\/uploads\/2024\/04\/rendezvenyszervezes-aha-marketing.jpg 780w, https:\/\/ahamarketing.hu\/en\/wp-content\/uploads\/2024\/04\/rendezvenyszervezes-aha-marketing.jpg 360w\" sizes=\"auto, (max-width: 480px) 150px\" src=\"https:\/\/ahamarketing.hu\/en\/wp-content\/uploads\/2024\/04\/rendezvenyszervezes-aha-marketing.jpg\" alt=\"\" class=\"uag-image-816\" width=\"1920\" height=\"702\" title=\"rendezvenyszervezes-aha-marketing\" loading=\"lazy\" role=\"img\"\/><\/figure><\/div>\n<\/div>\n\n\n\n<div class=\"wp-block-uagb-container uag-hide-desktop uag-hide-tab uagb-block-10ba0b92\">\n<div class=\"wp-block-uagb-image uagb-block-9a50c6b0 wp-block-uagb-image--layout-default wp-block-uagb-image--effect-static wp-block-uagb-image--align-none\"><figure class=\"wp-block-uagb-image__figure\"><img decoding=\"async\" srcset=\"https:\/\/ahamarketing.hu\/en\/wp-content\/uploads\/2024\/05\/rendezvenyszervezes-mobil.jpg ,https:\/\/ahamarketing.hu\/en\/wp-content\/uploads\/2024\/05\/rendezvenyszervezes-mobil.jpg 780w, https:\/\/ahamarketing.hu\/en\/wp-content\/uploads\/2024\/05\/rendezvenyszervezes-mobil.jpg 360w\" sizes=\"auto, (max-width: 480px) 150px\" src=\"https:\/\/ahamarketing.hu\/en\/wp-content\/uploads\/2024\/05\/rendezvenyszervezes-mobil.jpg\" alt=\"\" class=\"uag-image-908\" width=\"540\" height=\"340\" title=\"rendezvenyszervezes-mobil\" loading=\"lazy\" role=\"img\"\/><\/figure><\/div>\n<\/div>\n\n\n\n<div class=\"wp-block-uagb-container uagb-block-50fbf2b4\">\n<div class=\"wp-block-uagb-info-box uagb-block-d9c6d626 uagb-infobox__content-wrap  uagb-infobox-icon-above-title uagb-infobox-image-valign-top\"><div class=\"uagb-ifb-content\"><div class=\"uagb-ifb-title-wrap\"><h3 class=\"uagb-ifb-title\">Event management<\/h3><\/div><\/div><\/div>\n<\/div>\n\n\n\n<div class=\"wp-block-uagb-container uag-hide-mob uagb-block-4585ece4\">\n<p class=\"has-text-color has-link-color wp-elements-4b6aee4fb687495c533f6247fbc88538\" style=\"color:#4e596b;font-size:25px;font-style:normal;font-weight:400;letter-spacing:1px;line-height:1.6\">In event management, you need a \u2018conductor\u2019 who is proactive and creates thorough plans. Here you need to coordinate a number of people and processes carefully. You need to find a venue and arrange for catering, invitations, an audiovisual system and streaming as necessary, and there are many more elements that may be required in event management.<br><br>At events, you can meet your clients and customers in person, which is a great opportunity to influence them directly. By inviting credible, acknowledged guests and speakers and creating memorable experiences, you can reach a whole new level of success.<br><br>We can organise PR events, press events, event series, promotional and protocol events, product demonstrations and fairs, and you can contact the Aha Marketing team with your unique needs.<\/p>\n\n\n\n<h2 class=\"wp-block-heading has-text-color has-link-color wp-elements-7b0a5ee596fe718f8101db551016c9af\" style=\"color:#4e596b;font-size:30px\">Corporate event management<\/h2>\n\n\n\n<p class=\"has-text-color has-link-color wp-elements-81422c0044566e91cba31cb3a240f422\" style=\"color:#4e596b;font-size:25px;font-style:normal;font-weight:400;letter-spacing:1px;line-height:1.6\">We can organise congresses, trade events, trade fairs, business conferences and corporate parties.<br><br>Of course, with corporate event management, the primary aim is also to provide first-rate, smooth management and to create a pleasant atmosphere.<\/p>\n\n\n\n<h2 class=\"wp-block-heading has-text-color has-link-color wp-elements-38d5f878eeefbdfb0c1e9491131aaf17\" style=\"color:#4e596b;font-size:30px\">The event management process<\/h2>\n\n\n\n<p class=\"has-text-color has-link-color wp-elements-3487239d97ed593c089deffd546b201c\" style=\"color:#4e596b;font-size:25px;font-style:normal;font-weight:400;letter-spacing:1px;line-height:1.6\">A dedicated event manager handles the stages of the event management process. This expert plans the event down to the tiniest detail and makes sure that it will support the image of the brand\/company.<br><br>In the first stage of the event management process, we explore the brand\/company, we develop a concept, and then plan the whole structure, logistics and scheduling of the event. We draw up a detailed budget for this. The event manager will be with you every step of the way, they will work with the coordinators on the day of the event and take part in the tasks afterwards.<\/p>\n\n\n\n<h2 class=\"wp-block-heading has-text-color has-link-color wp-elements-bb61e0c03b537261c792d6b75d0a66eb\" style=\"color:#4e596b;font-size:30px\">Event management prices<\/h2>\n\n\n\n<p class=\"has-text-color has-link-color wp-elements-03e817c3d0c371acaf955a921fddea11\" style=\"color:#4e596b;font-size:25px;font-style:normal;font-weight:400;letter-spacing:1px;line-height:1.6\">Event management is always tailored to the unique needs of the clients, and event management prices vary accordingly. Once we have discussed your needs in detail, we will give you a quote and you can get the best value for money.<\/p>\n<\/div>\n\n\n\n<div class=\"wp-block-uagb-container uag-hide-desktop uag-hide-tab uagb-block-117c5db5\">\n<p class=\"has-text-color has-link-color wp-elements-636260b86b2299e59a98eb6d7570b67e\" style=\"color:#4e596b;font-size:20px;font-style:normal;font-weight:400;letter-spacing:1px;line-height:1.6\">In event management, you need a \u2018conductor\u2019 who is proactive and creates thorough plans. Here you need to coordinate a number of people and processes carefully. You need to find a venue and arrange for catering, invitations, an audiovisual system and streaming as necessary, and there are many more elements that may be required in event management.<br><br>At events, you can meet your clients and customers in person, which is a great opportunity to influence them directly. By inviting credible, acknowledged guests and speakers and creating memorable experiences, you can reach a whole new level of success.<br><br>We can organise PR events, press events, event series, promotional and protocol events, product demonstrations and fairs, and you can contact the Aha Marketing team with your unique needs.<\/p>\n\n\n\n<h2 class=\"wp-block-heading has-text-color has-link-color wp-elements-bd3eaea94b4919da25064dd5049ad028\" style=\"color:#4e596b;font-size:25px\">Corporate event management<\/h2>\n\n\n\n<p class=\"has-text-color has-link-color wp-elements-919d92238464900c4fd55ac234116c4d\" style=\"color:#4e596b;font-size:20px;font-style:normal;font-weight:400;letter-spacing:1px;line-height:1.6\">We can organise congresses, trade events, trade fairs, business conferences and corporate parties.<br><br>Of course, with corporate event management, the primary aim is also to provide first-rate, smooth management and to create a pleasant atmosphere.<\/p>\n\n\n\n<h2 class=\"wp-block-heading has-text-color has-link-color wp-elements-e57fbaf24f197682d869be6bd4d4958f\" style=\"color:#4e596b;font-size:25px\">The event management process<\/h2>\n\n\n\n<p class=\"has-text-color has-link-color wp-elements-24f4e607e983d33ae4e43f7182e0471c\" style=\"color:#4e596b;font-size:20px;font-style:normal;font-weight:400;letter-spacing:1px;line-height:1.6\">A dedicated event manager handles the stages of the event management process. This expert plans the event down to the tiniest detail and makes sure that it will support the image of the brand\/company.<br><br>In the first stage of the event management process, we explore the brand\/company, we develop a concept, and then plan the whole structure, logistics and scheduling of the event. We draw up a detailed budget for this. The event manager will be with you every step of the way, they will work with the coordinators on the day of the event and take part in the tasks afterwards.<\/p>\n\n\n\n<h2 class=\"wp-block-heading has-text-color has-link-color wp-elements-680e1a6439523f1d66b35c848faf1d94\" style=\"color:#4e596b;font-size:25px\">Event management prices<\/h2>\n\n\n\n<p class=\"has-text-color has-link-color wp-elements-8ca9240eb89ac9d92718f7cf6568f5ec\" style=\"color:#4e596b;font-size:20px;font-style:normal;font-weight:400;letter-spacing:1px;line-height:1.6\">Event management is always tailored to the unique needs of the clients, and event management prices vary accordingly. Once we have discussed your needs in detail, we will give you a quote and you can get the best value for money.<\/p>\n<\/div>\n<\/div><\/div>\n","protected":false},"excerpt":{"rendered":"<p>In event management, you need a \u2018conductor\u2019 who is proactive and creates thorough plans. Here you need to coordinate a [&hellip;]<\/p>\n","protected":false},"author":1,"featured_media":0,"parent":0,"menu_order":0,"comment_status":"closed","ping_status":"closed","template":"","meta":{"_uag_custom_page_level_css":"","site-sidebar-layout":"default","site-content-layout":"","ast-site-content-layout":"","site-content-style":"default","site-sidebar-style":"default","ast-global-header-display":"","ast-banner-title-visibility":"","ast-main-header-display":"","ast-hfb-above-header-display":"","ast-hfb-below-header-display":"","ast-hfb-mobile-header-display":"","site-post-title":"disabled","ast-breadcrumbs-content":"","ast-featured-img":"","footer-sml-layout":"","theme-transparent-header-meta":"","adv-header-id-meta":"","stick-header-meta":"","header-above-stick-meta":"","header-main-stick-meta":"","header-below-stick-meta":"","astra-migrate-meta-layouts":"default","ast-page-background-enabled":"default","ast-page-background-meta":{"desktop":{"background-color":"var(--ast-global-color-4)","background-image":"","background-repeat":"repeat","background-position":"center center","background-size":"auto","background-attachment":"scroll","background-type":"","background-media":"","overlay-type":"","overlay-color":"","overlay-gradient":""},"tablet":{"background-color":"","background-image":"","background-repeat":"repeat","background-position":"center center","background-size":"auto","background-attachment":"scroll","background-type":"","background-media":"","overlay-type":"","overlay-color":"","overlay-gradient":""},"mobile":{"background-color":"","background-image":"","background-repeat":"repeat","background-position":"center center","background-size":"auto","background-attachment":"scroll","background-type":"","background-media":"","overlay-type":"","overlay-color":"","overlay-gradient":""}},"ast-content-background-meta":{"desktop":{"background-color":"var(--ast-global-color-5)","background-image":"","background-repeat":"repeat","background-position":"center center","background-size":"auto","background-attachment":"scroll","background-type":"","background-media":"","overlay-type":"","overlay-color":"","overlay-gradient":""},"tablet":{"background-color":"var(--ast-global-color-5)","background-image":"","background-repeat":"repeat","background-position":"center center","background-size":"auto","background-attachment":"scroll","background-type":"","background-media":"","overlay-type":"","overlay-color":"","overlay-gradient":""},"mobile":{"background-color":"var(--ast-global-color-5)","background-image":"","background-repeat":"repeat","background-position":"center center","background-size":"auto","background-attachment":"scroll","background-type":"","background-media":"","overlay-type":"","overlay-color":"","overlay-gradient":""}},"footnotes":""},"class_list":["post-693","page","type-page","status-publish","hentry"],"yoast_head":"<!-- This site is optimized with the Yoast SEO plugin v22.5 - https:\/\/yoast.com\/wordpress\/plugins\/seo\/ -->\n<title>Corporate event management, roadshows and pop-ups - Aha Marketing<\/title>\n<meta name=\"description\" content=\"Press events, roadshows, pop-ups and corporate event management. Dedicated project manager\u2714 Skilled experts\u2714 Professionalism\u2714.\" \/>\n<meta name=\"robots\" content=\"index, follow, max-snippet:-1, max-image-preview:large, max-video-preview:-1\" \/>\n<link rel=\"canonical\" href=\"https:\/\/ahamarketing.hu\/en\/event-management\/\" \/>\n<meta property=\"og:locale\" content=\"hu_HU\" \/>\n<meta property=\"og:type\" content=\"article\" \/>\n<meta property=\"og:title\" content=\"Corporate event management, roadshows and pop-ups - Aha Marketing\" \/>\n<meta property=\"og:description\" content=\"Press events, roadshows, pop-ups and corporate event management. Dedicated project manager\u2714 Skilled experts\u2714 Professionalism\u2714.\" \/>\n<meta property=\"og:url\" content=\"https:\/\/ahamarketing.hu\/en\/event-management\/\" \/>\n<meta property=\"og:site_name\" content=\"AhaMarketing\" \/>\n<meta property=\"article:modified_time\" content=\"2024-05-06T17:31:59+00:00\" \/>\n<meta property=\"og:image\" content=\"https:\/\/ahamarketing.hu\/en\/wp-content\/uploads\/2024\/04\/rendezvenyszervezes-aha-marketing.jpg\" \/>\n<meta name=\"twitter:card\" content=\"summary_large_image\" \/>\n<meta name=\"twitter:label1\" content=\"Becs\u00fclt olvas\u00e1si id\u0151\" \/>\n\t<meta name=\"twitter:data1\" content=\"4 perc\" \/>\n<script type=\"application\/ld+json\" class=\"yoast-schema-graph\">{\"@context\":\"https:\/\/schema.org\",\"@graph\":[{\"@type\":\"WebPage\",\"@id\":\"https:\/\/ahamarketing.hu\/en\/event-management\/\",\"url\":\"https:\/\/ahamarketing.hu\/en\/event-management\/\",\"name\":\"Corporate event management, roadshows and pop-ups - Aha Marketing\",\"isPartOf\":{\"@id\":\"https:\/\/ahamarketing.hu\/en\/#website\"},\"primaryImageOfPage\":{\"@id\":\"https:\/\/ahamarketing.hu\/en\/event-management\/#primaryimage\"},\"image\":{\"@id\":\"https:\/\/ahamarketing.hu\/en\/event-management\/#primaryimage\"},\"thumbnailUrl\":\"https:\/\/ahamarketing.hu\/en\/wp-content\/uploads\/2024\/04\/rendezvenyszervezes-aha-marketing.jpg\",\"datePublished\":\"2024-04-28T15:45:30+00:00\",\"dateModified\":\"2024-05-06T17:31:59+00:00\",\"description\":\"Press events, roadshows, pop-ups and corporate event management. Dedicated project manager\u2714 Skilled experts\u2714 Professionalism\u2714.\",\"breadcrumb\":{\"@id\":\"https:\/\/ahamarketing.hu\/en\/event-management\/#breadcrumb\"},\"inLanguage\":\"hu\",\"potentialAction\":[{\"@type\":\"ReadAction\",\"target\":[\"https:\/\/ahamarketing.hu\/en\/event-management\/\"]}]},{\"@type\":\"ImageObject\",\"inLanguage\":\"hu\",\"@id\":\"https:\/\/ahamarketing.hu\/en\/event-management\/#primaryimage\",\"url\":\"https:\/\/ahamarketing.hu\/en\/wp-content\/uploads\/2024\/04\/rendezvenyszervezes-aha-marketing.jpg\",\"contentUrl\":\"https:\/\/ahamarketing.hu\/en\/wp-content\/uploads\/2024\/04\/rendezvenyszervezes-aha-marketing.jpg\",\"width\":1920,\"height\":702},{\"@type\":\"BreadcrumbList\",\"@id\":\"https:\/\/ahamarketing.hu\/en\/event-management\/#breadcrumb\",\"itemListElement\":[{\"@type\":\"ListItem\",\"position\":1,\"name\":\"Kezd\u0151lap\",\"item\":\"https:\/\/ahamarketing.hu\/en\/\"},{\"@type\":\"ListItem\",\"position\":2,\"name\":\"Event management\"}]},{\"@type\":\"WebSite\",\"@id\":\"https:\/\/ahamarketing.hu\/en\/#website\",\"url\":\"https:\/\/ahamarketing.hu\/en\/\",\"name\":\"AhaMarketing\",\"description\":\"\",\"publisher\":{\"@id\":\"https:\/\/ahamarketing.hu\/en\/#organization\"},\"potentialAction\":[{\"@type\":\"SearchAction\",\"target\":{\"@type\":\"EntryPoint\",\"urlTemplate\":\"https:\/\/ahamarketing.hu\/en\/?s={search_term_string}\"},\"query-input\":\"required name=search_term_string\"}],\"inLanguage\":\"hu\"},{\"@type\":\"Organization\",\"@id\":\"https:\/\/ahamarketing.hu\/en\/#organization\",\"name\":\"AhaMarketing\",\"url\":\"https:\/\/ahamarketing.hu\/en\/\",\"logo\":{\"@type\":\"ImageObject\",\"inLanguage\":\"hu\",\"@id\":\"https:\/\/ahamarketing.hu\/en\/#\/schema\/logo\/image\/\",\"url\":\"https:\/\/ahamarketing.hu\/en\/wp-content\/uploads\/2024\/04\/aha-marketing-studio-logo.png\",\"contentUrl\":\"https:\/\/ahamarketing.hu\/en\/wp-content\/uploads\/2024\/04\/aha-marketing-studio-logo.png\",\"width\":259,\"height\":139,\"caption\":\"AhaMarketing\"},\"image\":{\"@id\":\"https:\/\/ahamarketing.hu\/en\/#\/schema\/logo\/image\/\"}}]}<\/script>\n<!-- \/ Yoast SEO plugin. -->","yoast_head_json":{"title":"Corporate event management, roadshows and pop-ups - Aha Marketing","description":"Press events, roadshows, pop-ups and corporate event management. Dedicated project manager\u2714 Skilled experts\u2714 Professionalism\u2714.","robots":{"index":"index","follow":"follow","max-snippet":"max-snippet:-1","max-image-preview":"max-image-preview:large","max-video-preview":"max-video-preview:-1"},"canonical":"https:\/\/ahamarketing.hu\/en\/event-management\/","og_locale":"hu_HU","og_type":"article","og_title":"Corporate event management, roadshows and pop-ups - Aha Marketing","og_description":"Press events, roadshows, pop-ups and corporate event management. Dedicated project manager\u2714 Skilled experts\u2714 Professionalism\u2714.","og_url":"https:\/\/ahamarketing.hu\/en\/event-management\/","og_site_name":"AhaMarketing","article_modified_time":"2024-05-06T17:31:59+00:00","og_image":[{"url":"https:\/\/ahamarketing.hu\/en\/wp-content\/uploads\/2024\/04\/rendezvenyszervezes-aha-marketing.jpg"}],"twitter_card":"summary_large_image","twitter_misc":{"Becs\u00fclt olvas\u00e1si id\u0151":"4 perc"},"schema":{"@context":"https:\/\/schema.org","@graph":[{"@type":"WebPage","@id":"https:\/\/ahamarketing.hu\/en\/event-management\/","url":"https:\/\/ahamarketing.hu\/en\/event-management\/","name":"Corporate event management, roadshows and pop-ups - Aha Marketing","isPartOf":{"@id":"https:\/\/ahamarketing.hu\/en\/#website"},"primaryImageOfPage":{"@id":"https:\/\/ahamarketing.hu\/en\/event-management\/#primaryimage"},"image":{"@id":"https:\/\/ahamarketing.hu\/en\/event-management\/#primaryimage"},"thumbnailUrl":"https:\/\/ahamarketing.hu\/en\/wp-content\/uploads\/2024\/04\/rendezvenyszervezes-aha-marketing.jpg","datePublished":"2024-04-28T15:45:30+00:00","dateModified":"2024-05-06T17:31:59+00:00","description":"Press events, roadshows, pop-ups and corporate event management. Dedicated project manager\u2714 Skilled experts\u2714 Professionalism\u2714.","breadcrumb":{"@id":"https:\/\/ahamarketing.hu\/en\/event-management\/#breadcrumb"},"inLanguage":"hu","potentialAction":[{"@type":"ReadAction","target":["https:\/\/ahamarketing.hu\/en\/event-management\/"]}]},{"@type":"ImageObject","inLanguage":"hu","@id":"https:\/\/ahamarketing.hu\/en\/event-management\/#primaryimage","url":"https:\/\/ahamarketing.hu\/en\/wp-content\/uploads\/2024\/04\/rendezvenyszervezes-aha-marketing.jpg","contentUrl":"https:\/\/ahamarketing.hu\/en\/wp-content\/uploads\/2024\/04\/rendezvenyszervezes-aha-marketing.jpg","width":1920,"height":702},{"@type":"BreadcrumbList","@id":"https:\/\/ahamarketing.hu\/en\/event-management\/#breadcrumb","itemListElement":[{"@type":"ListItem","position":1,"name":"Kezd\u0151lap","item":"https:\/\/ahamarketing.hu\/en\/"},{"@type":"ListItem","position":2,"name":"Event management"}]},{"@type":"WebSite","@id":"https:\/\/ahamarketing.hu\/en\/#website","url":"https:\/\/ahamarketing.hu\/en\/","name":"AhaMarketing","description":"","publisher":{"@id":"https:\/\/ahamarketing.hu\/en\/#organization"},"potentialAction":[{"@type":"SearchAction","target":{"@type":"EntryPoint","urlTemplate":"https:\/\/ahamarketing.hu\/en\/?s={search_term_string}"},"query-input":"required name=search_term_string"}],"inLanguage":"hu"},{"@type":"Organization","@id":"https:\/\/ahamarketing.hu\/en\/#organization","name":"AhaMarketing","url":"https:\/\/ahamarketing.hu\/en\/","logo":{"@type":"ImageObject","inLanguage":"hu","@id":"https:\/\/ahamarketing.hu\/en\/#\/schema\/logo\/image\/","url":"https:\/\/ahamarketing.hu\/en\/wp-content\/uploads\/2024\/04\/aha-marketing-studio-logo.png","contentUrl":"https:\/\/ahamarketing.hu\/en\/wp-content\/uploads\/2024\/04\/aha-marketing-studio-logo.png","width":259,"height":139,"caption":"AhaMarketing"},"image":{"@id":"https:\/\/ahamarketing.hu\/en\/#\/schema\/logo\/image\/"}}]}},"uagb_featured_image_src":{"full":false,"thumbnail":false,"medium":false,"medium_large":false,"large":false,"1536x1536":false,"2048x2048":false},"uagb_author_info":{"display_name":"wp-admin","author_link":"https:\/\/ahamarketing.hu\/en\/author\/wp-admin\/"},"uagb_comment_info":0,"uagb_excerpt":"In event management, you need a \u2018conductor\u2019 who is proactive and creates thorough plans. Here you need to coordinate a [&hellip;]","_links":{"self":[{"href":"https:\/\/ahamarketing.hu\/en\/wp-json\/wp\/v2\/pages\/693","targetHints":{"allow":["GET"]}}],"collection":[{"href":"https:\/\/ahamarketing.hu\/en\/wp-json\/wp\/v2\/pages"}],"about":[{"href":"https:\/\/ahamarketing.hu\/en\/wp-json\/wp\/v2\/types\/page"}],"author":[{"embeddable":true,"href":"https:\/\/ahamarketing.hu\/en\/wp-json\/wp\/v2\/users\/1"}],"replies":[{"embeddable":true,"href":"https:\/\/ahamarketing.hu\/en\/wp-json\/wp\/v2\/comments?post=693"}],"version-history":[{"count":53,"href":"https:\/\/ahamarketing.hu\/en\/wp-json\/wp\/v2\/pages\/693\/revisions"}],"predecessor-version":[{"id":1290,"href":"https:\/\/ahamarketing.hu\/en\/wp-json\/wp\/v2\/pages\/693\/revisions\/1290"}],"wp:attachment":[{"href":"https:\/\/ahamarketing.hu\/en\/wp-json\/wp\/v2\/media?parent=693"}],"curies":[{"name":"wp","href":"https:\/\/api.w.org\/{rel}","templated":true}]}}