{"id":677,"date":"2024-04-28T17:26:13","date_gmt":"2024-04-28T15:26:13","guid":{"rendered":"http:\/\/ahamarketing.hu\/teszt\/?page_id=677"},"modified":"2024-05-06T19:29:17","modified_gmt":"2024-05-06T17:29:17","slug":"regional-marketing","status":"publish","type":"page","link":"https:\/\/ahamarketing.hu\/en\/regional-marketing\/","title":{"rendered":"Regional marketing"},"content":{"rendered":"\n<div class=\"wp-block-uagb-container uagb-block-81f09a13 alignfull uagb-is-root-container\"><div class=\"uagb-container-inner-blocks-wrap\">\n<div class=\"wp-block-uagb-container uag-hide-mob uagb-block-e675fc2c\">\n<div class=\"wp-block-uagb-image uagb-block-6ddc59f0 wp-block-uagb-image--layout-default wp-block-uagb-image--effect-static wp-block-uagb-image--align-none\"><figure class=\"wp-block-uagb-image__figure\"><img decoding=\"async\" srcset=\"https:\/\/ahamarketing.hu\/en\/wp-content\/uploads\/2024\/04\/regionalis-marketing-aha_marketing.jpg ,https:\/\/ahamarketing.hu\/en\/wp-content\/uploads\/2024\/04\/regionalis-marketing-aha_marketing.jpg 780w, https:\/\/ahamarketing.hu\/en\/wp-content\/uploads\/2024\/04\/regionalis-marketing-aha_marketing.jpg 360w\" sizes=\"auto, (max-width: 480px) 150px\" src=\"https:\/\/ahamarketing.hu\/en\/wp-content\/uploads\/2024\/04\/regionalis-marketing-aha_marketing.jpg\" alt=\"\" class=\"uag-image-786\" width=\"1920\" height=\"702\" title=\"regionalis-marketing-aha_marketing\" loading=\"lazy\" role=\"img\"\/><\/figure><\/div>\n<\/div>\n\n\n\n<div class=\"wp-block-uagb-container uag-hide-desktop uag-hide-tab uagb-block-02d831b7\">\n<div class=\"wp-block-uagb-image uagb-block-acb8e6f5 wp-block-uagb-image--layout-default wp-block-uagb-image--effect-static wp-block-uagb-image--align-none\"><figure class=\"wp-block-uagb-image__figure\"><img decoding=\"async\" srcset=\"https:\/\/ahamarketing.hu\/en\/wp-content\/uploads\/2024\/05\/regionalis-marketing-mobil.jpg ,https:\/\/ahamarketing.hu\/en\/wp-content\/uploads\/2024\/05\/regionalis-marketing-mobil.jpg 780w, https:\/\/ahamarketing.hu\/en\/wp-content\/uploads\/2024\/05\/regionalis-marketing-mobil.jpg 360w\" sizes=\"auto, (max-width: 480px) 150px\" src=\"https:\/\/ahamarketing.hu\/en\/wp-content\/uploads\/2024\/05\/regionalis-marketing-mobil.jpg\" alt=\"\" class=\"uag-image-986\" width=\"540\" height=\"340\" title=\"regionalis-marketing-mobil\" loading=\"lazy\" role=\"img\"\/><\/figure><\/div>\n<\/div>\n\n\n\n<div class=\"wp-block-uagb-container uagb-block-50fbf2b4\">\n<div class=\"wp-block-uagb-info-box uagb-block-d9c6d626 uagb-infobox__content-wrap  uagb-infobox-icon-above-title uagb-infobox-image-valign-top\"><div class=\"uagb-ifb-content\"><div class=\"uagb-ifb-title-wrap\"><h3 class=\"uagb-ifb-title\">Regional marketing<\/h3><\/div><\/div><\/div>\n<\/div>\n\n\n\n<div class=\"wp-block-uagb-container uag-hide-mob uagb-block-4585ece4\">\n<p class=\"has-text-color has-link-color wp-elements-9e255defe9a284db52cffd27a8492fcd\" style=\"color:#4e596b;font-size:25px;font-style:normal;font-weight:400;letter-spacing:1px;line-height:1.6\">It is often said that the world is a global market, and it is, indeed, true. The online world gives you an opportunity to go international and expand your customer base geographically. But here is a twist: what should you do if you want to sell your services or products only in one, well-defined geographical region? In such cases, regional marketing comes to the fore.<br><br>To understand the importance of regional marketing, let\u2019s take a look at the advantages below:<\/p>\n\n\n\n<ul style=\"color:#4e596b;font-size:30px\" class=\"has-text-color has-link-color wp-block-list wp-elements-b4e3626b7c206d7764a8ae7bb392eb44\">\n<li style=\"font-size:25px;line-height:1.6\"><strong>Deeper understanding:<\/strong> Regional marketing gives you a deeper insight into the regional market and its needs. Explore the culture and customs in the region so that you can create effective, targeted messages.<\/li>\n\n\n\n<li style=\"font-size:25px;line-height:1.6\"><strong><strong>Cost-efficiency<\/strong>:<\/strong> While international and national marketing may incur considerable costs, regional marketing can be much more cost-effective. Investing in local communities and tools may cost less and lead to better results.<\/li>\n\n\n\n<li style=\"font-size:25px;line-height:1.6\"><strong>Personalised communication:<\/strong> Regional marketing allows you to have more personalised communication with your customers. You can understand their unique needs and problems better and you can provide more effective service.<\/li>\n\n\n\n<li style=\"font-size:25px;line-height:1.6\"><strong><strong>Faster results<\/strong>:<\/strong> While expansion to international markets may take long, regional marketing can deliver results sooner. Engaging with and supporting local communities can help you increase brand recognition and sales faster.<\/li>\n\n\n\n<li style=\"font-size:25px;line-height:1.6\"><strong><strong>Improved competitiveness<\/strong>:<\/strong> With regional marketing, you can build strong relationships with local communities and you can gain a better insight into the local activities of your competitors. This can improve the competitiveness of your business and you can stay successful in the long term.<\/li>\n<\/ul>\n\n\n\n<p class=\"has-text-color has-link-color wp-elements-0703489c7feec145a8dc7df5edf58746\" style=\"color:#4e596b;font-size:25px;font-style:normal;font-weight:400;letter-spacing:1px;line-height:1.6\">If you are seeking to grow your business in a cost-effective way and to reach more customers, explore the opportunities in regional marketing. If you want to use these advantages, don\u2019t hesitate to contact our agency. We will help you create and implement your regional marketing strategy.<\/p>\n<\/div>\n\n\n\n<div class=\"wp-block-uagb-container uag-hide-desktop uag-hide-tab uagb-block-c5a00e26\">\n<p class=\"has-text-color has-link-color wp-elements-0d7d7640ea87f7cc3f64bf28a5968f6e\" style=\"color:#4e596b;font-size:20px;font-style:normal;font-weight:400;letter-spacing:1px;line-height:1.6\">It is often said that the world is a global market, and it is, indeed, true. The online world gives you an opportunity to go international and expand your customer base geographically. But here is a twist: what should you do if you want to sell your services or products only in one, well-defined geographical region? In such cases, regional marketing comes to the fore.<br><br>To understand the importance of regional marketing, let\u2019s take a look at the advantages below:<\/p>\n\n\n\n<ul style=\"color:#4e596b;font-size:30px\" class=\"has-text-color has-link-color wp-block-list wp-elements-6c6d4299159e075f017086b58360d6ce\">\n<li style=\"font-size:20px;line-height:1.6\"><strong>Deeper understanding:<\/strong> Regional marketing gives you a deeper insight into the regional market and its needs. Explore the culture and customs in the region so that you can create effective, targeted messages.<\/li>\n\n\n\n<li style=\"font-size:20px;line-height:1.6\"><strong><strong>Cost-efficiency<\/strong>:<\/strong> While international and national marketing may incur considerable costs, regional marketing can be much more cost-effective. Investing in local communities and tools may cost less and lead to better results.<\/li>\n\n\n\n<li style=\"font-size:20px;line-height:1.6\"><strong>Personalised communication:<\/strong> Regional marketing allows you to have more personalised communication with your customers. You can understand their unique needs and problems better and you can provide more effective service.<\/li>\n\n\n\n<li style=\"font-size:20px;line-height:1.6\"><strong><strong>Faster results<\/strong>:<\/strong> While expansion to international markets may take long, regional marketing can deliver results sooner. Engaging with and supporting local communities can help you increase brand recognition and sales faster.<\/li>\n\n\n\n<li style=\"font-size:20px;line-height:1.6\"><strong><strong>Improved competitiveness<\/strong>:<\/strong> With regional marketing, you can build strong relationships with local communities and you can gain a better insight into the local activities of your competitors. This can improve the competitiveness of your business and you can stay successful in the long term.<\/li>\n<\/ul>\n\n\n\n<p class=\"has-text-color has-link-color wp-elements-c66fffcbfdc1aae1d1e7eb706c2367a3\" style=\"color:#4e596b;font-size:20px;font-style:normal;font-weight:400;letter-spacing:1px;line-height:1.6\">If you are seeking to grow your business in a cost-effective way and to reach more customers, explore the opportunities in regional marketing. If you want to use these advantages, don\u2019t hesitate to contact our agency. We will help you create and implement your regional marketing strategy.<\/p>\n<\/div>\n<\/div><\/div>\n","protected":false},"excerpt":{"rendered":"<p>It is often said that the world is a global market, and it is, indeed, true. The online world gives [&hellip;]<\/p>\n","protected":false},"author":1,"featured_media":0,"parent":0,"menu_order":0,"comment_status":"closed","ping_status":"closed","template":"","meta":{"_uag_custom_page_level_css":"","site-sidebar-layout":"default","site-content-layout":"","ast-site-content-layout":"","site-content-style":"default","site-sidebar-style":"default","ast-global-header-display":"","ast-banner-title-visibility":"","ast-main-header-display":"","ast-hfb-above-header-display":"","ast-hfb-below-header-display":"","ast-hfb-mobile-header-display":"","site-post-title":"disabled","ast-breadcrumbs-content":"","ast-featured-img":"","footer-sml-layout":"","theme-transparent-header-meta":"","adv-header-id-meta":"","stick-header-meta":"","header-above-stick-meta":"","header-main-stick-meta":"","header-below-stick-meta":"","astra-migrate-meta-layouts":"default","ast-page-background-enabled":"default","ast-page-background-meta":{"desktop":{"background-color":"var(--ast-global-color-4)","background-image":"","background-repeat":"repeat","background-position":"center center","background-size":"auto","background-attachment":"scroll","background-type":"","background-media":"","overlay-type":"","overlay-color":"","overlay-gradient":""},"tablet":{"background-color":"","background-image":"","background-repeat":"repeat","background-position":"center center","background-size":"auto","background-attachment":"scroll","background-type":"","background-media":"","overlay-type":"","overlay-color":"","overlay-gradient":""},"mobile":{"background-color":"","background-image":"","background-repeat":"repeat","background-position":"center center","background-size":"auto","background-attachment":"scroll","background-type":"","background-media":"","overlay-type":"","overlay-color":"","overlay-gradient":""}},"ast-content-background-meta":{"desktop":{"background-color":"var(--ast-global-color-5)","background-image":"","background-repeat":"repeat","background-position":"center center","background-size":"auto","background-attachment":"scroll","background-type":"","background-media":"","overlay-type":"","overlay-color":"","overlay-gradient":""},"tablet":{"background-color":"var(--ast-global-color-5)","background-image":"","background-repeat":"repeat","background-position":"center center","background-size":"auto","background-attachment":"scroll","background-type":"","background-media":"","overlay-type":"","overlay-color":"","overlay-gradient":""},"mobile":{"background-color":"var(--ast-global-color-5)","background-image":"","background-repeat":"repeat","background-position":"center center","background-size":"auto","background-attachment":"scroll","background-type":"","background-media":"","overlay-type":"","overlay-color":"","overlay-gradient":""}},"footnotes":""},"class_list":["post-677","page","type-page","status-publish","hentry"],"yoast_head":"<!-- This site is optimized with the Yoast SEO plugin v22.5 - https:\/\/yoast.com\/wordpress\/plugins\/seo\/ -->\n<title>Regional marketing - Aha Marketing<\/title>\n<meta name=\"description\" content=\"Regional marketing is more cost-efficient, more customisable and more competitive than national and international marketing. Think regionally and go big.\" \/>\n<meta name=\"robots\" content=\"index, follow, max-snippet:-1, max-image-preview:large, max-video-preview:-1\" \/>\n<link rel=\"canonical\" href=\"https:\/\/ahamarketing.hu\/en\/regional-marketing\/\" \/>\n<meta property=\"og:locale\" content=\"hu_HU\" \/>\n<meta property=\"og:type\" content=\"article\" \/>\n<meta property=\"og:title\" content=\"Regional marketing - Aha Marketing\" \/>\n<meta property=\"og:description\" content=\"Regional marketing is more cost-efficient, more customisable and more competitive than national and international marketing. Think regionally and go big.\" \/>\n<meta property=\"og:url\" content=\"https:\/\/ahamarketing.hu\/en\/regional-marketing\/\" \/>\n<meta property=\"og:site_name\" content=\"AhaMarketing\" \/>\n<meta property=\"article:modified_time\" content=\"2024-05-06T17:29:17+00:00\" \/>\n<meta property=\"og:image\" content=\"https:\/\/ahamarketing.hu\/en\/wp-content\/uploads\/2024\/04\/regionalis-marketing-aha_marketing.jpg\" \/>\n<meta name=\"twitter:card\" content=\"summary_large_image\" \/>\n<meta name=\"twitter:label1\" content=\"Becs\u00fclt olvas\u00e1si id\u0151\" \/>\n\t<meta name=\"twitter:data1\" content=\"4 perc\" \/>\n<script type=\"application\/ld+json\" class=\"yoast-schema-graph\">{\"@context\":\"https:\/\/schema.org\",\"@graph\":[{\"@type\":\"WebPage\",\"@id\":\"https:\/\/ahamarketing.hu\/en\/regional-marketing\/\",\"url\":\"https:\/\/ahamarketing.hu\/en\/regional-marketing\/\",\"name\":\"Regional marketing - Aha Marketing\",\"isPartOf\":{\"@id\":\"https:\/\/ahamarketing.hu\/en\/#website\"},\"primaryImageOfPage\":{\"@id\":\"https:\/\/ahamarketing.hu\/en\/regional-marketing\/#primaryimage\"},\"image\":{\"@id\":\"https:\/\/ahamarketing.hu\/en\/regional-marketing\/#primaryimage\"},\"thumbnailUrl\":\"https:\/\/ahamarketing.hu\/en\/wp-content\/uploads\/2024\/04\/regionalis-marketing-aha_marketing.jpg\",\"datePublished\":\"2024-04-28T15:26:13+00:00\",\"dateModified\":\"2024-05-06T17:29:17+00:00\",\"description\":\"Regional marketing is more cost-efficient, more customisable and more competitive than national and international marketing. Think regionally and go big.\",\"breadcrumb\":{\"@id\":\"https:\/\/ahamarketing.hu\/en\/regional-marketing\/#breadcrumb\"},\"inLanguage\":\"hu\",\"potentialAction\":[{\"@type\":\"ReadAction\",\"target\":[\"https:\/\/ahamarketing.hu\/en\/regional-marketing\/\"]}]},{\"@type\":\"ImageObject\",\"inLanguage\":\"hu\",\"@id\":\"https:\/\/ahamarketing.hu\/en\/regional-marketing\/#primaryimage\",\"url\":\"https:\/\/ahamarketing.hu\/en\/wp-content\/uploads\/2024\/04\/regionalis-marketing-aha_marketing.jpg\",\"contentUrl\":\"https:\/\/ahamarketing.hu\/en\/wp-content\/uploads\/2024\/04\/regionalis-marketing-aha_marketing.jpg\",\"width\":1920,\"height\":702},{\"@type\":\"BreadcrumbList\",\"@id\":\"https:\/\/ahamarketing.hu\/en\/regional-marketing\/#breadcrumb\",\"itemListElement\":[{\"@type\":\"ListItem\",\"position\":1,\"name\":\"Kezd\u0151lap\",\"item\":\"https:\/\/ahamarketing.hu\/en\/\"},{\"@type\":\"ListItem\",\"position\":2,\"name\":\"Regional marketing\"}]},{\"@type\":\"WebSite\",\"@id\":\"https:\/\/ahamarketing.hu\/en\/#website\",\"url\":\"https:\/\/ahamarketing.hu\/en\/\",\"name\":\"AhaMarketing\",\"description\":\"\",\"publisher\":{\"@id\":\"https:\/\/ahamarketing.hu\/en\/#organization\"},\"potentialAction\":[{\"@type\":\"SearchAction\",\"target\":{\"@type\":\"EntryPoint\",\"urlTemplate\":\"https:\/\/ahamarketing.hu\/en\/?s={search_term_string}\"},\"query-input\":\"required name=search_term_string\"}],\"inLanguage\":\"hu\"},{\"@type\":\"Organization\",\"@id\":\"https:\/\/ahamarketing.hu\/en\/#organization\",\"name\":\"AhaMarketing\",\"url\":\"https:\/\/ahamarketing.hu\/en\/\",\"logo\":{\"@type\":\"ImageObject\",\"inLanguage\":\"hu\",\"@id\":\"https:\/\/ahamarketing.hu\/en\/#\/schema\/logo\/image\/\",\"url\":\"https:\/\/ahamarketing.hu\/en\/wp-content\/uploads\/2024\/04\/aha-marketing-studio-logo.png\",\"contentUrl\":\"https:\/\/ahamarketing.hu\/en\/wp-content\/uploads\/2024\/04\/aha-marketing-studio-logo.png\",\"width\":259,\"height\":139,\"caption\":\"AhaMarketing\"},\"image\":{\"@id\":\"https:\/\/ahamarketing.hu\/en\/#\/schema\/logo\/image\/\"}}]}<\/script>\n<!-- \/ Yoast SEO plugin. -->","yoast_head_json":{"title":"Regional marketing - Aha Marketing","description":"Regional marketing is more cost-efficient, more customisable and more competitive than national and international marketing. Think regionally and go big.","robots":{"index":"index","follow":"follow","max-snippet":"max-snippet:-1","max-image-preview":"max-image-preview:large","max-video-preview":"max-video-preview:-1"},"canonical":"https:\/\/ahamarketing.hu\/en\/regional-marketing\/","og_locale":"hu_HU","og_type":"article","og_title":"Regional marketing - Aha Marketing","og_description":"Regional marketing is more cost-efficient, more customisable and more competitive than national and international marketing. Think regionally and go big.","og_url":"https:\/\/ahamarketing.hu\/en\/regional-marketing\/","og_site_name":"AhaMarketing","article_modified_time":"2024-05-06T17:29:17+00:00","og_image":[{"url":"https:\/\/ahamarketing.hu\/en\/wp-content\/uploads\/2024\/04\/regionalis-marketing-aha_marketing.jpg"}],"twitter_card":"summary_large_image","twitter_misc":{"Becs\u00fclt olvas\u00e1si id\u0151":"4 perc"},"schema":{"@context":"https:\/\/schema.org","@graph":[{"@type":"WebPage","@id":"https:\/\/ahamarketing.hu\/en\/regional-marketing\/","url":"https:\/\/ahamarketing.hu\/en\/regional-marketing\/","name":"Regional marketing - Aha Marketing","isPartOf":{"@id":"https:\/\/ahamarketing.hu\/en\/#website"},"primaryImageOfPage":{"@id":"https:\/\/ahamarketing.hu\/en\/regional-marketing\/#primaryimage"},"image":{"@id":"https:\/\/ahamarketing.hu\/en\/regional-marketing\/#primaryimage"},"thumbnailUrl":"https:\/\/ahamarketing.hu\/en\/wp-content\/uploads\/2024\/04\/regionalis-marketing-aha_marketing.jpg","datePublished":"2024-04-28T15:26:13+00:00","dateModified":"2024-05-06T17:29:17+00:00","description":"Regional marketing is more cost-efficient, more customisable and more competitive than national and international marketing. Think regionally and go big.","breadcrumb":{"@id":"https:\/\/ahamarketing.hu\/en\/regional-marketing\/#breadcrumb"},"inLanguage":"hu","potentialAction":[{"@type":"ReadAction","target":["https:\/\/ahamarketing.hu\/en\/regional-marketing\/"]}]},{"@type":"ImageObject","inLanguage":"hu","@id":"https:\/\/ahamarketing.hu\/en\/regional-marketing\/#primaryimage","url":"https:\/\/ahamarketing.hu\/en\/wp-content\/uploads\/2024\/04\/regionalis-marketing-aha_marketing.jpg","contentUrl":"https:\/\/ahamarketing.hu\/en\/wp-content\/uploads\/2024\/04\/regionalis-marketing-aha_marketing.jpg","width":1920,"height":702},{"@type":"BreadcrumbList","@id":"https:\/\/ahamarketing.hu\/en\/regional-marketing\/#breadcrumb","itemListElement":[{"@type":"ListItem","position":1,"name":"Kezd\u0151lap","item":"https:\/\/ahamarketing.hu\/en\/"},{"@type":"ListItem","position":2,"name":"Regional marketing"}]},{"@type":"WebSite","@id":"https:\/\/ahamarketing.hu\/en\/#website","url":"https:\/\/ahamarketing.hu\/en\/","name":"AhaMarketing","description":"","publisher":{"@id":"https:\/\/ahamarketing.hu\/en\/#organization"},"potentialAction":[{"@type":"SearchAction","target":{"@type":"EntryPoint","urlTemplate":"https:\/\/ahamarketing.hu\/en\/?s={search_term_string}"},"query-input":"required name=search_term_string"}],"inLanguage":"hu"},{"@type":"Organization","@id":"https:\/\/ahamarketing.hu\/en\/#organization","name":"AhaMarketing","url":"https:\/\/ahamarketing.hu\/en\/","logo":{"@type":"ImageObject","inLanguage":"hu","@id":"https:\/\/ahamarketing.hu\/en\/#\/schema\/logo\/image\/","url":"https:\/\/ahamarketing.hu\/en\/wp-content\/uploads\/2024\/04\/aha-marketing-studio-logo.png","contentUrl":"https:\/\/ahamarketing.hu\/en\/wp-content\/uploads\/2024\/04\/aha-marketing-studio-logo.png","width":259,"height":139,"caption":"AhaMarketing"},"image":{"@id":"https:\/\/ahamarketing.hu\/en\/#\/schema\/logo\/image\/"}}]}},"uagb_featured_image_src":{"full":false,"thumbnail":false,"medium":false,"medium_large":false,"large":false,"1536x1536":false,"2048x2048":false},"uagb_author_info":{"display_name":"wp-admin","author_link":"https:\/\/ahamarketing.hu\/en\/author\/wp-admin\/"},"uagb_comment_info":0,"uagb_excerpt":"It is often said that the world is a global market, and it is, indeed, true. The online world gives [&hellip;]","_links":{"self":[{"href":"https:\/\/ahamarketing.hu\/en\/wp-json\/wp\/v2\/pages\/677","targetHints":{"allow":["GET"]}}],"collection":[{"href":"https:\/\/ahamarketing.hu\/en\/wp-json\/wp\/v2\/pages"}],"about":[{"href":"https:\/\/ahamarketing.hu\/en\/wp-json\/wp\/v2\/types\/page"}],"author":[{"embeddable":true,"href":"https:\/\/ahamarketing.hu\/en\/wp-json\/wp\/v2\/users\/1"}],"replies":[{"embeddable":true,"href":"https:\/\/ahamarketing.hu\/en\/wp-json\/wp\/v2\/comments?post=677"}],"version-history":[{"count":44,"href":"https:\/\/ahamarketing.hu\/en\/wp-json\/wp\/v2\/pages\/677\/revisions"}],"predecessor-version":[{"id":1288,"href":"https:\/\/ahamarketing.hu\/en\/wp-json\/wp\/v2\/pages\/677\/revisions\/1288"}],"wp:attachment":[{"href":"https:\/\/ahamarketing.hu\/en\/wp-json\/wp\/v2\/media?parent=677"}],"curies":[{"name":"wp","href":"https:\/\/api.w.org\/{rel}","templated":true}]}}