{"id":651,"date":"2024-04-28T17:02:11","date_gmt":"2024-04-28T15:02:11","guid":{"rendered":"http:\/\/ahamarketing.hu\/teszt\/?page_id=651"},"modified":"2024-05-07T06:02:09","modified_gmt":"2024-05-07T04:02:09","slug":"graphic-design","status":"publish","type":"page","link":"https:\/\/ahamarketing.hu\/en\/graphic-design\/","title":{"rendered":"Graphic design"},"content":{"rendered":"\n<div class=\"wp-block-uagb-container uagb-block-81f09a13 alignfull uagb-is-root-container\"><div class=\"uagb-container-inner-blocks-wrap\">\n<div class=\"wp-block-uagb-container uag-hide-mob uagb-block-e675fc2c\">\n<div class=\"wp-block-uagb-image uagb-block-6ddc59f0 wp-block-uagb-image--layout-default wp-block-uagb-image--effect-static wp-block-uagb-image--align-none\"><figure class=\"wp-block-uagb-image__figure\"><img decoding=\"async\" srcset=\"https:\/\/ahamarketing.hu\/en\/wp-content\/uploads\/2024\/04\/grafikai-tervezes-aha-marketing.jpg ,http:\/\/ahamarketing.hu\/teszt\/wp-content\/uploads\/2024\/04\/grafikai-tervezes-aha-marketing.jpg 780w, http:\/\/ahamarketing.hu\/teszt\/wp-content\/uploads\/2024\/04\/grafikai-tervezes-aha-marketing.jpg 360w\" sizes=\"auto, (max-width: 480px) 150px\" src=\"https:\/\/ahamarketing.hu\/en\/wp-content\/uploads\/2024\/04\/grafikai-tervezes-aha-marketing.jpg\" alt=\"\" class=\"uag-image-809\" width=\"1920\" height=\"702\" title=\"grafikai-tervezes-aha-marketing\" loading=\"lazy\" role=\"img\"\/><\/figure><\/div>\n<\/div>\n\n\n\n<div class=\"wp-block-uagb-container uag-hide-desktop uag-hide-tab uagb-block-dea483c0\">\n<div class=\"wp-block-uagb-image uagb-block-72b7391d wp-block-uagb-image--layout-default wp-block-uagb-image--effect-static wp-block-uagb-image--align-none\"><figure class=\"wp-block-uagb-image__figure\"><img decoding=\"async\" srcset=\"https:\/\/ahamarketing.hu\/en\/wp-content\/uploads\/2024\/05\/grafikai-tervezes-mobil.jpg ,https:\/\/ahamarketing.hu\/en\/wp-content\/uploads\/2024\/05\/grafikai-tervezes-mobil.jpg 780w, https:\/\/ahamarketing.hu\/en\/wp-content\/uploads\/2024\/05\/grafikai-tervezes-mobil.jpg 360w\" sizes=\"auto, (max-width: 480px) 150px\" src=\"https:\/\/ahamarketing.hu\/en\/wp-content\/uploads\/2024\/05\/grafikai-tervezes-mobil.jpg\" alt=\"\" class=\"uag-image-1051\" width=\"540\" height=\"340\" title=\"grafikai-tervezes-mobil\" loading=\"lazy\" role=\"img\"\/><\/figure><\/div>\n<\/div>\n\n\n\n<div class=\"wp-block-uagb-container uagb-block-50fbf2b4\">\n<div class=\"wp-block-uagb-info-box uagb-block-d9c6d626 uagb-infobox__content-wrap  uagb-infobox-icon-above-title uagb-infobox-image-valign-top\"><div class=\"uagb-ifb-content\"><div class=\"uagb-ifb-title-wrap\"><h3 class=\"uagb-ifb-title\">Graphic design services<\/h3><\/div><\/div><\/div>\n<\/div>\n\n\n\n<div class=\"wp-block-uagb-container uag-hide-mob uagb-block-4585ece4\">\n<p class=\"has-text-color has-link-color wp-elements-9b99a24e37457e7925464cbd3552340d\" style=\"color:#4e596b;font-size:25px;font-style:normal;font-weight:400;letter-spacing:1px;line-height:1.6\">Graphic design is the most emotional element of a marketing strategy, and it can help your business stand out and reach its goals. You will definitely need graphic designs for your marketing communication. You need graphic design services to create your posters and ads, and product packaging and branding elements are also designed by experts. Visual identity and graphic templates appear in online posts, in various advertising spaces and across communication channels. <br><br>A well-developed design can help you enormously when you\u2019re trying to attract the attention of the consumers and to create an emotional connection.<\/p>\n\n\n\n<h2 class=\"wp-block-heading has-text-color has-link-color wp-elements-00eb9d5fa07b652c7aab57a1e659c950\" style=\"color:#4e596b;font-size:30px\">The benefits of graphic design<\/h2>\n\n\n\n<p class=\"has-text-color has-link-color wp-elements-23fff08e567ae6229236dd7e8748ba11\" style=\"color:#4e596b;font-size:30px;font-style:normal;font-weight:600;letter-spacing:1px;line-height:1.6\">Attractive Visual Appearance<br>\nEffective Communication<br>\nWell-designed graphics can give authenticity to your business and improve your professional image.<br>\nCompetitive Advantage<br><\/p>\n\n\n\n<p class=\"has-text-color has-link-color wp-elements-c2c72eea65e0cd1edce4e2c52f6abbed\" style=\"color:#4e596b;font-size:25px;font-style:normal;font-weight:400;letter-spacing:1px;line-height:1.6\">A graphic design agency can creatively develop ads and publications that are informative and aesthetically pleasing and grab the audience\u2019s attention. This is what Aha Marketing\u2019s graphic designers do: we can refresh the visual appearance of your brand with memorable, unique and creative solutions.<\/p>\n\n\n\n<h2 class=\"wp-block-heading has-text-color has-link-color wp-elements-c2817d8bf27f0bfbc4eef38bd721a123\" style=\"color:#4e596b;font-size:30px\">Graphic design prices<\/h2>\n\n\n\n<p class=\"has-text-color has-link-color wp-elements-fd98f466fab49ccb51912e021b14eb40\" style=\"color:#4e596b;font-size:25px;font-style:normal;font-weight:400;letter-spacing:1px;line-height:1.6\">If your business needs professional graphic designs, don\u2019t hesitate to contact our agency. Our creative designers will help you develop the ideal visual identity and appearance for your business, and our graphic design fees are affordable. Don\u2019t miss this opportunity, take your business to the next level with powerful graphic design.<\/p>\n<\/div>\n\n\n\n<div class=\"wp-block-uagb-container uag-hide-desktop uag-hide-tab uagb-block-c9821e70\">\n<p class=\"has-text-color has-link-color wp-elements-c2483eb05a9f81190ac9dfd766214582\" style=\"color:#4e596b;font-size:20px;font-style:normal;font-weight:400;letter-spacing:1px;line-height:1.6\">Graphic design is the most emotional element of a marketing strategy, and it can help your business stand out and reach its goals. You will definitely need graphic designs for your marketing communication. You need graphic design services to create your posters and ads, and product packaging and branding elements are also designed by experts. Visual identity and graphic templates appear in online posts, in various advertising spaces and across communication channels. <br><br>A well-developed design can help you enormously when you\u2019re trying to attract the attention of the consumers and to create an emotional connection.<\/p>\n\n\n\n<h2 class=\"wp-block-heading has-text-color has-link-color wp-elements-605ff549411c41a4f0004f7dadd9ee45\" style=\"color:#4e596b;font-size:25px\">The benefits of graphic design<\/h2>\n\n\n\n<p class=\"has-text-color has-link-color wp-elements-2e307e9064bb2f09ec44d6cae2faa1e0\" style=\"color:#4e596b;font-size:25px;font-style:normal;font-weight:600;letter-spacing:1px;line-height:1.6\">Attractive Visual Appearance<br>Effective Communication<br>Well-designed graphics can give authenticity to your business and improve your professional image.<br>Competitive Advantage<br><\/p>\n\n\n\n<p class=\"has-text-color has-link-color wp-elements-8b87b70fdfd8cbac667136fea0492c6d\" style=\"color:#4e596b;font-size:20px;font-style:normal;font-weight:400;letter-spacing:1px;line-height:1.6\">A graphic design agency can creatively develop ads and publications that are informative and aesthetically pleasing and grab the audience\u2019s attention. This is what Aha Marketing\u2019s graphic designers do: we can refresh the visual appearance of your brand with memorable, unique and creative solutions.<\/p>\n\n\n\n<h2 class=\"wp-block-heading has-text-color has-link-color wp-elements-f28e41251c21f5b606bec93004c15be9\" style=\"color:#4e596b;font-size:25px\">Graphic design prices<\/h2>\n\n\n\n<p class=\"has-text-color has-link-color wp-elements-785725d37e37ca8a9e7b1479bd040609\" style=\"color:#4e596b;font-size:20px;font-style:normal;font-weight:400;letter-spacing:1px;line-height:1.6\">If your business needs professional graphic designs, don\u2019t hesitate to contact our agency. Our creative designers will help you develop the ideal visual identity and appearance for your business, and our graphic design fees are affordable. Don\u2019t miss this opportunity, take your business to the next level with powerful graphic design.<\/p>\n<\/div>\n<\/div><\/div>\n","protected":false},"excerpt":{"rendered":"<p>Graphic design is the most emotional element of a marketing strategy, and it can help your business stand out and [&hellip;]<\/p>\n","protected":false},"author":1,"featured_media":0,"parent":0,"menu_order":0,"comment_status":"closed","ping_status":"closed","template":"","meta":{"_uag_custom_page_level_css":"","site-sidebar-layout":"default","site-content-layout":"","ast-site-content-layout":"","site-content-style":"default","site-sidebar-style":"default","ast-global-header-display":"","ast-banner-title-visibility":"","ast-main-header-display":"","ast-hfb-above-header-display":"","ast-hfb-below-header-display":"","ast-hfb-mobile-header-display":"","site-post-title":"disabled","ast-breadcrumbs-content":"","ast-featured-img":"","footer-sml-layout":"","theme-transparent-header-meta":"","adv-header-id-meta":"","stick-header-meta":"","header-above-stick-meta":"","header-main-stick-meta":"","header-below-stick-meta":"","astra-migrate-meta-layouts":"default","ast-page-background-enabled":"default","ast-page-background-meta":{"desktop":{"background-color":"var(--ast-global-color-4)","background-image":"","background-repeat":"repeat","background-position":"center center","background-size":"auto","background-attachment":"scroll","background-type":"","background-media":"","overlay-type":"","overlay-color":"","overlay-gradient":""},"tablet":{"background-color":"","background-image":"","background-repeat":"repeat","background-position":"center center","background-size":"auto","background-attachment":"scroll","background-type":"","background-media":"","overlay-type":"","overlay-color":"","overlay-gradient":""},"mobile":{"background-color":"","background-image":"","background-repeat":"repeat","background-position":"center center","background-size":"auto","background-attachment":"scroll","background-type":"","background-media":"","overlay-type":"","overlay-color":"","overlay-gradient":""}},"ast-content-background-meta":{"desktop":{"background-color":"var(--ast-global-color-5)","background-image":"","background-repeat":"repeat","background-position":"center center","background-size":"auto","background-attachment":"scroll","background-type":"","background-media":"","overlay-type":"","overlay-color":"","overlay-gradient":""},"tablet":{"background-color":"var(--ast-global-color-5)","background-image":"","background-repeat":"repeat","background-position":"center center","background-size":"auto","background-attachment":"scroll","background-type":"","background-media":"","overlay-type":"","overlay-color":"","overlay-gradient":""},"mobile":{"background-color":"var(--ast-global-color-5)","background-image":"","background-repeat":"repeat","background-position":"center center","background-size":"auto","background-attachment":"scroll","background-type":"","background-media":"","overlay-type":"","overlay-color":"","overlay-gradient":""}},"footnotes":""},"class_list":["post-651","page","type-page","status-publish","hentry"],"yoast_head":"<!-- This site is optimized with the Yoast SEO plugin v22.5 - https:\/\/yoast.com\/wordpress\/plugins\/seo\/ -->\n<title>Graphic design services - Aha Marketing<\/title>\n<meta name=\"description\" content=\"Graphic design consistent with your visual identity for online and offline use, for SMEs and larger companies. Dedicated project manager\u2714 Skilled graphic designers\u2714 Corporate professionalism\u2714.\" \/>\n<meta name=\"robots\" content=\"index, follow, max-snippet:-1, max-image-preview:large, max-video-preview:-1\" \/>\n<link rel=\"canonical\" href=\"https:\/\/ahamarketing.hu\/en\/graphic-design\/\" \/>\n<meta property=\"og:locale\" content=\"hu_HU\" \/>\n<meta property=\"og:type\" content=\"article\" \/>\n<meta property=\"og:title\" content=\"Graphic design services - Aha Marketing\" \/>\n<meta property=\"og:description\" content=\"Graphic design consistent with your visual identity for online and offline use, for SMEs and larger companies. Dedicated project manager\u2714 Skilled graphic designers\u2714 Corporate professionalism\u2714.\" \/>\n<meta property=\"og:url\" content=\"https:\/\/ahamarketing.hu\/en\/graphic-design\/\" \/>\n<meta property=\"og:site_name\" content=\"AhaMarketing\" \/>\n<meta property=\"article:modified_time\" content=\"2024-05-07T04:02:09+00:00\" \/>\n<meta property=\"og:image\" content=\"https:\/\/ahamarketing.hu\/en\/wp-content\/uploads\/2024\/04\/grafikai-tervezes-aha-marketing.jpg\" \/>\n<meta name=\"twitter:card\" content=\"summary_large_image\" \/>\n<meta name=\"twitter:label1\" content=\"Becs\u00fclt olvas\u00e1si id\u0151\" \/>\n\t<meta name=\"twitter:data1\" content=\"3 perc\" \/>\n<script type=\"application\/ld+json\" class=\"yoast-schema-graph\">{\"@context\":\"https:\/\/schema.org\",\"@graph\":[{\"@type\":\"WebPage\",\"@id\":\"https:\/\/ahamarketing.hu\/en\/graphic-design\/\",\"url\":\"https:\/\/ahamarketing.hu\/en\/graphic-design\/\",\"name\":\"Graphic design services - Aha Marketing\",\"isPartOf\":{\"@id\":\"https:\/\/ahamarketing.hu\/en\/#website\"},\"primaryImageOfPage\":{\"@id\":\"https:\/\/ahamarketing.hu\/en\/graphic-design\/#primaryimage\"},\"image\":{\"@id\":\"https:\/\/ahamarketing.hu\/en\/graphic-design\/#primaryimage\"},\"thumbnailUrl\":\"https:\/\/ahamarketing.hu\/en\/wp-content\/uploads\/2024\/04\/grafikai-tervezes-aha-marketing.jpg\",\"datePublished\":\"2024-04-28T15:02:11+00:00\",\"dateModified\":\"2024-05-07T04:02:09+00:00\",\"description\":\"Graphic design consistent with your visual identity for online and offline use, for SMEs and larger companies. Dedicated project manager\u2714 Skilled graphic designers\u2714 Corporate professionalism\u2714.\",\"breadcrumb\":{\"@id\":\"https:\/\/ahamarketing.hu\/en\/graphic-design\/#breadcrumb\"},\"inLanguage\":\"hu\",\"potentialAction\":[{\"@type\":\"ReadAction\",\"target\":[\"https:\/\/ahamarketing.hu\/en\/graphic-design\/\"]}]},{\"@type\":\"ImageObject\",\"inLanguage\":\"hu\",\"@id\":\"https:\/\/ahamarketing.hu\/en\/graphic-design\/#primaryimage\",\"url\":\"https:\/\/ahamarketing.hu\/en\/wp-content\/uploads\/2024\/04\/grafikai-tervezes-aha-marketing.jpg\",\"contentUrl\":\"https:\/\/ahamarketing.hu\/en\/wp-content\/uploads\/2024\/04\/grafikai-tervezes-aha-marketing.jpg\",\"width\":1920,\"height\":702},{\"@type\":\"BreadcrumbList\",\"@id\":\"https:\/\/ahamarketing.hu\/en\/graphic-design\/#breadcrumb\",\"itemListElement\":[{\"@type\":\"ListItem\",\"position\":1,\"name\":\"Kezd\u0151lap\",\"item\":\"https:\/\/ahamarketing.hu\/en\/\"},{\"@type\":\"ListItem\",\"position\":2,\"name\":\"Graphic design\"}]},{\"@type\":\"WebSite\",\"@id\":\"https:\/\/ahamarketing.hu\/en\/#website\",\"url\":\"https:\/\/ahamarketing.hu\/en\/\",\"name\":\"AhaMarketing\",\"description\":\"\",\"publisher\":{\"@id\":\"https:\/\/ahamarketing.hu\/en\/#organization\"},\"potentialAction\":[{\"@type\":\"SearchAction\",\"target\":{\"@type\":\"EntryPoint\",\"urlTemplate\":\"https:\/\/ahamarketing.hu\/en\/?s={search_term_string}\"},\"query-input\":\"required name=search_term_string\"}],\"inLanguage\":\"hu\"},{\"@type\":\"Organization\",\"@id\":\"https:\/\/ahamarketing.hu\/en\/#organization\",\"name\":\"AhaMarketing\",\"url\":\"https:\/\/ahamarketing.hu\/en\/\",\"logo\":{\"@type\":\"ImageObject\",\"inLanguage\":\"hu\",\"@id\":\"https:\/\/ahamarketing.hu\/en\/#\/schema\/logo\/image\/\",\"url\":\"https:\/\/ahamarketing.hu\/en\/wp-content\/uploads\/2024\/04\/aha-marketing-studio-logo.png\",\"contentUrl\":\"https:\/\/ahamarketing.hu\/en\/wp-content\/uploads\/2024\/04\/aha-marketing-studio-logo.png\",\"width\":259,\"height\":139,\"caption\":\"AhaMarketing\"},\"image\":{\"@id\":\"https:\/\/ahamarketing.hu\/en\/#\/schema\/logo\/image\/\"}}]}<\/script>\n<!-- \/ Yoast SEO plugin. -->","yoast_head_json":{"title":"Graphic design services - Aha Marketing","description":"Graphic design consistent with your visual identity for online and offline use, for SMEs and larger companies. Dedicated project manager\u2714 Skilled graphic designers\u2714 Corporate professionalism\u2714.","robots":{"index":"index","follow":"follow","max-snippet":"max-snippet:-1","max-image-preview":"max-image-preview:large","max-video-preview":"max-video-preview:-1"},"canonical":"https:\/\/ahamarketing.hu\/en\/graphic-design\/","og_locale":"hu_HU","og_type":"article","og_title":"Graphic design services - Aha Marketing","og_description":"Graphic design consistent with your visual identity for online and offline use, for SMEs and larger companies. Dedicated project manager\u2714 Skilled graphic designers\u2714 Corporate professionalism\u2714.","og_url":"https:\/\/ahamarketing.hu\/en\/graphic-design\/","og_site_name":"AhaMarketing","article_modified_time":"2024-05-07T04:02:09+00:00","og_image":[{"url":"https:\/\/ahamarketing.hu\/en\/wp-content\/uploads\/2024\/04\/grafikai-tervezes-aha-marketing.jpg"}],"twitter_card":"summary_large_image","twitter_misc":{"Becs\u00fclt olvas\u00e1si id\u0151":"3 perc"},"schema":{"@context":"https:\/\/schema.org","@graph":[{"@type":"WebPage","@id":"https:\/\/ahamarketing.hu\/en\/graphic-design\/","url":"https:\/\/ahamarketing.hu\/en\/graphic-design\/","name":"Graphic design services - Aha Marketing","isPartOf":{"@id":"https:\/\/ahamarketing.hu\/en\/#website"},"primaryImageOfPage":{"@id":"https:\/\/ahamarketing.hu\/en\/graphic-design\/#primaryimage"},"image":{"@id":"https:\/\/ahamarketing.hu\/en\/graphic-design\/#primaryimage"},"thumbnailUrl":"https:\/\/ahamarketing.hu\/en\/wp-content\/uploads\/2024\/04\/grafikai-tervezes-aha-marketing.jpg","datePublished":"2024-04-28T15:02:11+00:00","dateModified":"2024-05-07T04:02:09+00:00","description":"Graphic design consistent with your visual identity for online and offline use, for SMEs and larger companies. Dedicated project manager\u2714 Skilled graphic designers\u2714 Corporate professionalism\u2714.","breadcrumb":{"@id":"https:\/\/ahamarketing.hu\/en\/graphic-design\/#breadcrumb"},"inLanguage":"hu","potentialAction":[{"@type":"ReadAction","target":["https:\/\/ahamarketing.hu\/en\/graphic-design\/"]}]},{"@type":"ImageObject","inLanguage":"hu","@id":"https:\/\/ahamarketing.hu\/en\/graphic-design\/#primaryimage","url":"https:\/\/ahamarketing.hu\/en\/wp-content\/uploads\/2024\/04\/grafikai-tervezes-aha-marketing.jpg","contentUrl":"https:\/\/ahamarketing.hu\/en\/wp-content\/uploads\/2024\/04\/grafikai-tervezes-aha-marketing.jpg","width":1920,"height":702},{"@type":"BreadcrumbList","@id":"https:\/\/ahamarketing.hu\/en\/graphic-design\/#breadcrumb","itemListElement":[{"@type":"ListItem","position":1,"name":"Kezd\u0151lap","item":"https:\/\/ahamarketing.hu\/en\/"},{"@type":"ListItem","position":2,"name":"Graphic design"}]},{"@type":"WebSite","@id":"https:\/\/ahamarketing.hu\/en\/#website","url":"https:\/\/ahamarketing.hu\/en\/","name":"AhaMarketing","description":"","publisher":{"@id":"https:\/\/ahamarketing.hu\/en\/#organization"},"potentialAction":[{"@type":"SearchAction","target":{"@type":"EntryPoint","urlTemplate":"https:\/\/ahamarketing.hu\/en\/?s={search_term_string}"},"query-input":"required name=search_term_string"}],"inLanguage":"hu"},{"@type":"Organization","@id":"https:\/\/ahamarketing.hu\/en\/#organization","name":"AhaMarketing","url":"https:\/\/ahamarketing.hu\/en\/","logo":{"@type":"ImageObject","inLanguage":"hu","@id":"https:\/\/ahamarketing.hu\/en\/#\/schema\/logo\/image\/","url":"https:\/\/ahamarketing.hu\/en\/wp-content\/uploads\/2024\/04\/aha-marketing-studio-logo.png","contentUrl":"https:\/\/ahamarketing.hu\/en\/wp-content\/uploads\/2024\/04\/aha-marketing-studio-logo.png","width":259,"height":139,"caption":"AhaMarketing"},"image":{"@id":"https:\/\/ahamarketing.hu\/en\/#\/schema\/logo\/image\/"}}]}},"uagb_featured_image_src":{"full":false,"thumbnail":false,"medium":false,"medium_large":false,"large":false,"1536x1536":false,"2048x2048":false},"uagb_author_info":{"display_name":"wp-admin","author_link":"https:\/\/ahamarketing.hu\/en\/author\/wp-admin\/"},"uagb_comment_info":0,"uagb_excerpt":"Graphic design is the most emotional element of a marketing strategy, and it can help your business stand out and [&hellip;]","_links":{"self":[{"href":"https:\/\/ahamarketing.hu\/en\/wp-json\/wp\/v2\/pages\/651","targetHints":{"allow":["GET"]}}],"collection":[{"href":"https:\/\/ahamarketing.hu\/en\/wp-json\/wp\/v2\/pages"}],"about":[{"href":"https:\/\/ahamarketing.hu\/en\/wp-json\/wp\/v2\/types\/page"}],"author":[{"embeddable":true,"href":"https:\/\/ahamarketing.hu\/en\/wp-json\/wp\/v2\/users\/1"}],"replies":[{"embeddable":true,"href":"https:\/\/ahamarketing.hu\/en\/wp-json\/wp\/v2\/comments?post=651"}],"version-history":[{"count":50,"href":"https:\/\/ahamarketing.hu\/en\/wp-json\/wp\/v2\/pages\/651\/revisions"}],"predecessor-version":[{"id":1303,"href":"https:\/\/ahamarketing.hu\/en\/wp-json\/wp\/v2\/pages\/651\/revisions\/1303"}],"wp:attachment":[{"href":"https:\/\/ahamarketing.hu\/en\/wp-json\/wp\/v2\/media?parent=651"}],"curies":[{"name":"wp","href":"https:\/\/api.w.org\/{rel}","templated":true}]}}