{"id":616,"date":"2024-04-28T16:23:10","date_gmt":"2024-04-28T14:23:10","guid":{"rendered":"http:\/\/ahamarketing.hu\/teszt\/?page_id=616"},"modified":"2024-05-06T19:26:03","modified_gmt":"2024-05-06T17:26:03","slug":"online-marketing-management","status":"publish","type":"page","link":"https:\/\/ahamarketing.hu\/en\/online-marketing-management\/","title":{"rendered":"Online marketing management"},"content":{"rendered":"\n<div class=\"wp-block-uagb-container uagb-block-81f09a13 alignfull uagb-is-root-container\"><div class=\"uagb-container-inner-blocks-wrap\">\n<div class=\"wp-block-uagb-container uag-hide-mob uagb-block-e675fc2c\">\n<div class=\"wp-block-uagb-image uagb-block-6ddc59f0 wp-block-uagb-image--layout-default wp-block-uagb-image--effect-static wp-block-uagb-image--align-none\"><figure class=\"wp-block-uagb-image__figure\"><img decoding=\"async\" srcset=\"https:\/\/ahamarketing.hu\/en\/wp-content\/uploads\/2024\/04\/online-marketing-kivitelezes-aha_marketing.jpg ,https:\/\/ahamarketing.hu\/en\/wp-content\/uploads\/2024\/04\/online-marketing-kivitelezes-aha_marketing.jpg 780w, https:\/\/ahamarketing.hu\/en\/wp-content\/uploads\/2024\/04\/online-marketing-kivitelezes-aha_marketing.jpg 360w\" sizes=\"auto, (max-width: 480px) 150px\" src=\"https:\/\/ahamarketing.hu\/en\/wp-content\/uploads\/2024\/04\/online-marketing-kivitelezes-aha_marketing.jpg\" alt=\"\" class=\"uag-image-784\" width=\"1920\" height=\"702\" title=\"online-marketing-kivitelezes-aha_marketing\" loading=\"lazy\" role=\"img\"\/><\/figure><\/div>\n<\/div>\n\n\n\n<div class=\"wp-block-uagb-container uag-hide-desktop uag-hide-tab uagb-block-b027d8f4\">\n<div class=\"wp-block-uagb-image uagb-block-5c23cc75 wp-block-uagb-image--layout-default wp-block-uagb-image--effect-static wp-block-uagb-image--align-none\"><figure class=\"wp-block-uagb-image__figure\"><img decoding=\"async\" srcset=\"https:\/\/ahamarketing.hu\/en\/wp-content\/uploads\/2024\/05\/online-marketing-mobil.jpg ,https:\/\/ahamarketing.hu\/en\/wp-content\/uploads\/2024\/05\/online-marketing-mobil.jpg 780w, https:\/\/ahamarketing.hu\/en\/wp-content\/uploads\/2024\/05\/online-marketing-mobil.jpg 360w\" sizes=\"auto, (max-width: 480px) 150px\" src=\"https:\/\/ahamarketing.hu\/en\/wp-content\/uploads\/2024\/05\/online-marketing-mobil.jpg\" alt=\"\" class=\"uag-image-1000\" width=\"540\" height=\"340\" title=\"online-marketing-mobil\" loading=\"lazy\" role=\"img\"\/><\/figure><\/div>\n<\/div>\n\n\n\n<div class=\"wp-block-uagb-container uagb-block-50fbf2b4\">\n<div class=\"wp-block-uagb-info-box uagb-block-d9c6d626 uagb-infobox__content-wrap  uagb-infobox-icon-above-title uagb-infobox-image-valign-top\"><div class=\"uagb-ifb-content\"><div class=\"uagb-ifb-title-wrap\"><h3 class=\"uagb-ifb-title\">Online marketing management, pay-per-click (PPC) campaigns<\/h3><\/div><\/div><\/div>\n<\/div>\n\n\n\n<div class=\"wp-block-uagb-container uag-hide-mob uagb-block-4585ece4\">\n<p class=\"has-text-color has-link-color wp-elements-b53f36e8cefdf75db4b8c8d2ee1dde8f\" style=\"color:#4e596b;font-size:25px;font-style:normal;font-weight:400;letter-spacing:1px;line-height:1.6\">Online marketing has now become a major tool in business globally. A digital presence and an online image are key for every business. In online marketing, businesses must consider digital trends and the behaviour of their target audience if they want to reach their business goals effectively and scale their online presence.<\/p>\n\n\n\n<h2 class=\"wp-block-heading has-text-color has-link-color wp-elements-2d2d639cd7b0d770724f04180ced195a\" style=\"color:#4e596b;font-size:30px\">The advantages of online marketing<\/h2>\n\n\n\n<ul style=\"color:#4e596b;font-size:30px\" class=\"has-text-color has-link-color wp-block-list wp-elements-1cb4393cc2d41646bcfa111dc4b5d9e0\">\n<li style=\"font-size:25px;line-height:1.6\"><strong><strong>Accurate measurement: we can prepare statistics during and after the campaign to inform your spending and improve efficiency<\/strong><\/strong><\/li>\n\n\n\n<li style=\"font-size:25px;line-height:1.6\"><strong><strong>Audience targeting<\/strong>:<\/strong> you can use filters like gender, age, geographical location and also interests, which helps a lot in getting your message through to the right people.<\/li>\n\n\n\n<li style=\"font-size:25px;line-height:1.6\"><strong><strong>Cost-efficiency<\/strong>:<\/strong> it follows that with targeted marketing your spending is much more effective, and the return on a unit of spending is much higher here than with conventional marketing tools.<\/li>\n\n\n\n<li style=\"font-size:25px;line-height:1.6\"><strong><strong><strong>Modifications: you can modify the campaigns, which is a benefit and an opportunity you can take advantage of. Campaigns can be finetuned as you gain more insight, and you can respond to market changes immediately<\/strong><\/strong><\/strong>.<\/li>\n\n\n\n<li style=\"font-size:25px;line-height:1.6\"><strong><strong>Diverse options<\/strong>:<\/strong> there are a number of tools and platforms to choose from, we\u2019ll surely find a suitable communication channel for your business.<\/li>\n<\/ul>\n\n\n\n<p><\/p>\n\n\n\n<h2 class=\"wp-block-heading has-text-color has-link-color wp-elements-bdeb41dcd44243b5d11148ce85079c92\" style=\"color:#4e596b;font-size:30px\">Online marketing tools<\/h2>\n\n\n\n<p class=\"has-text-color has-link-color wp-elements-1c8ce07f80a285265e9c3d6f290b4dfe\" style=\"color:#4e596b;font-size:25px;font-style:normal;font-weight:400;letter-spacing:1px;line-height:1.6\">We have already mentioned that the online marketing toolkit we have at our disposal is almost infinite. The key tools:<\/p>\n\n\n\n<ul style=\"color:#4e596b;font-size:30px\" class=\"has-text-color has-link-color wp-block-list wp-elements-6118096de7354b6e3ece15d6b577619b\">\n<li style=\"font-size:25px;line-height:1.6\">Website, Webshop<\/li>\n\n\n\n<li style=\"font-size:25px;line-height:1.6\">PPC campaigns (search ads, display ads, social media ads)<\/li>\n\n\n\n<li style=\"font-size:25px;line-height:1.6\">Social media marketing<\/li>\n\n\n\n<li style=\"font-size:25px;line-height:1.6\">Direkt Mail, E-mail marketing<\/li>\n\n\n\n<li style=\"font-size:25px;line-height:1.6\">Search engine optimization (SEO)<\/li>\n\n\n\n<li style=\"font-size:25px;line-height:1.6\">Content marketing (blog, vlog, video)<\/li>\n\n\n\n<li style=\"font-size:25px;line-height:1.6\">Web analytics<\/li>\n\n\n\n<li style=\"font-size:25px;line-height:1.6\">Marketing automation<\/li>\n\n\n\n<li style=\"font-size:25px;line-height:1.6\">Online PR \u2013 publication of online articles<\/li>\n<\/ul>\n\n\n\n<h2 class=\"wp-block-heading has-text-color has-link-color wp-elements-83f8b9cc58e400f470652c93ed84b02c\" style=\"color:#4e596b;font-size:30px\">Comprehensive online marketing consultancy and management<\/h2>\n\n\n\n<p class=\"has-text-color has-link-color wp-elements-89c87f46a6e048755449441cead0554c\" style=\"color:#4e596b;font-size:25px;font-style:normal;font-weight:400;letter-spacing:1px;line-height:1.6\">Our experienced team will help you develop and implement your online marketing campaigns.<br><br>For the development of an online marketing strategy, you need a good insight of the situation, measurable goals and competitor analysis. While it is one of the most cost-effective forms of advertising, without the right targeting, online marketing costs can be a waste of money.<br><br>Together we can define your target group, develop an accurate buyer persona and choose the right online marketing tools for your business.<br><br>There is no impossible task, you can achieve anything with creativity and expertise. Contact us with your online marketing management needs.<\/p>\n<\/div>\n\n\n\n<div class=\"wp-block-uagb-container uag-hide-desktop uag-hide-tab uagb-block-4db3f421\">\n<p class=\"has-text-color has-link-color wp-elements-b1d90d9801dfc98944beb2bb8a1e3f87\" style=\"color:#4e596b;font-size:20px;font-style:normal;font-weight:400;letter-spacing:1px;line-height:1.6\">Online marketing has now become a major tool in business globally. A digital presence and an online image are key for every business. In online marketing, businesses must consider digital trends and the behaviour of their target audience if they want to reach their business goals effectively and scale their online presence.<\/p>\n\n\n\n<h2 class=\"wp-block-heading has-text-color has-link-color wp-elements-73a84ec15792aa43de72da48b6eef6d4\" style=\"color:#4e596b;font-size:25px\">The advantages of online marketing<\/h2>\n\n\n\n<ul style=\"color:#4e596b;font-size:30px\" class=\"has-text-color has-link-color wp-block-list wp-elements-b1a7853c034eac8022797944c66df6a2\">\n<li style=\"font-size:20px;line-height:1.6\"><strong><strong>Accurate measurement: we can prepare statistics during and after the campaign to inform your spending and improve efficiency<\/strong><\/strong><\/li>\n\n\n\n<li style=\"font-size:20px;line-height:1.6\"><strong><strong>Audience targeting<\/strong>:<\/strong> you can use filters like gender, age, geographical location and also interests, which helps a lot in getting your message through to the right people.<\/li>\n\n\n\n<li style=\"font-size:20px;line-height:1.6\"><strong><strong>Cost-efficiency<\/strong>:<\/strong> it follows that with targeted marketing your spending is much more effective, and the return on a unit of spending is much higher here than with conventional marketing tools.<\/li>\n\n\n\n<li style=\"font-size:20px;line-height:1.6\"><strong><strong><strong>Modifications: you can modify the campaigns, which is a benefit and an opportunity you can take advantage of. Campaigns can be finetuned as you gain more insight, and you can respond to market changes immediately<\/strong><\/strong><\/strong>.<\/li>\n\n\n\n<li style=\"font-size:20px;line-height:1.6\"><strong><strong>Diverse options<\/strong>:<\/strong> there are a number of tools and platforms to choose from, we\u2019ll surely find a suitable communication channel for your business.<\/li>\n<\/ul>\n\n\n\n<p><\/p>\n\n\n\n<h2 class=\"wp-block-heading has-text-color has-link-color wp-elements-9836e0ea58d2957500e86b23e8cda483\" style=\"color:#4e596b;font-size:25px\">Online marketing tools<\/h2>\n\n\n\n<p class=\"has-text-color has-link-color wp-elements-5c8ecf2ee2659423b22466c898d6a802\" style=\"color:#4e596b;font-size:20px;font-style:normal;font-weight:400;letter-spacing:1px;line-height:1.6\">We have already mentioned that the online marketing toolkit we have at our disposal is almost infinite. The key tools:<\/p>\n\n\n\n<ul style=\"color:#4e596b;font-size:30px\" class=\"has-text-color has-link-color wp-block-list wp-elements-259280422c2f8e73835c7ffc393c5344\">\n<li style=\"font-size:20px;line-height:1.6\">Website, Webshop<\/li>\n\n\n\n<li style=\"font-size:20px;line-height:1.6\">PPC campaigns (search ads, display ads, social media ads)<\/li>\n\n\n\n<li style=\"font-size:20px;line-height:1.6\">Social media marketing<\/li>\n\n\n\n<li style=\"font-size:20px;line-height:1.6\">Direkt Mail, E-mail marketing<\/li>\n\n\n\n<li style=\"font-size:20px;line-height:1.6\">Search engine optimization (SEO)<\/li>\n\n\n\n<li style=\"font-size:20px;line-height:1.6\">Content marketing (blog, vlog, video)<\/li>\n\n\n\n<li style=\"font-size:20px;line-height:1.6\">Web analytics<\/li>\n\n\n\n<li style=\"font-size:20px;line-height:1.6\">Marketing automation<\/li>\n\n\n\n<li style=\"font-size:20px;line-height:1.6\">Online PR \u2013 publication of online articles<\/li>\n<\/ul>\n\n\n\n<h2 class=\"wp-block-heading has-text-color has-link-color wp-elements-4e5d7c2fd26476c75abb09d25a7fd9fa\" style=\"color:#4e596b;font-size:25px\">Comprehensive online marketing consultancy and management<\/h2>\n\n\n\n<p class=\"has-text-color has-link-color wp-elements-a9ef011d168b46f5842e6d4fbd20646b\" style=\"color:#4e596b;font-size:20px;font-style:normal;font-weight:400;letter-spacing:1px;line-height:1.6\">Our experienced team will help you develop and implement your online marketing campaigns.<br><br>For the development of an online marketing strategy, you need a good insight of the situation, measurable goals and competitor analysis. While it is one of the most cost-effective forms of advertising, without the right targeting, online marketing costs can be a waste of money.<br><br>Together we can define your target group, develop an accurate buyer persona and choose the right online marketing tools for your business.<br><br>There is no impossible task, you can achieve anything with creativity and expertise. Contact us with your online marketing management needs.<\/p>\n<\/div>\n<\/div><\/div>\n","protected":false},"excerpt":{"rendered":"<p>Online marketing has now become a major tool in business globally. A digital presence and an online image are key [&hellip;]<\/p>\n","protected":false},"author":1,"featured_media":0,"parent":0,"menu_order":0,"comment_status":"closed","ping_status":"closed","template":"","meta":{"_uag_custom_page_level_css":"","site-sidebar-layout":"default","site-content-layout":"","ast-site-content-layout":"","site-content-style":"default","site-sidebar-style":"default","ast-global-header-display":"","ast-banner-title-visibility":"","ast-main-header-display":"","ast-hfb-above-header-display":"","ast-hfb-below-header-display":"","ast-hfb-mobile-header-display":"","site-post-title":"disabled","ast-breadcrumbs-content":"","ast-featured-img":"","footer-sml-layout":"","theme-transparent-header-meta":"","adv-header-id-meta":"","stick-header-meta":"","header-above-stick-meta":"","header-main-stick-meta":"","header-below-stick-meta":"","astra-migrate-meta-layouts":"default","ast-page-background-enabled":"default","ast-page-background-meta":{"desktop":{"background-color":"var(--ast-global-color-4)","background-image":"","background-repeat":"repeat","background-position":"center center","background-size":"auto","background-attachment":"scroll","background-type":"","background-media":"","overlay-type":"","overlay-color":"","overlay-gradient":""},"tablet":{"background-color":"","background-image":"","background-repeat":"repeat","background-position":"center center","background-size":"auto","background-attachment":"scroll","background-type":"","background-media":"","overlay-type":"","overlay-color":"","overlay-gradient":""},"mobile":{"background-color":"","background-image":"","background-repeat":"repeat","background-position":"center center","background-size":"auto","background-attachment":"scroll","background-type":"","background-media":"","overlay-type":"","overlay-color":"","overlay-gradient":""}},"ast-content-background-meta":{"desktop":{"background-color":"var(--ast-global-color-5)","background-image":"","background-repeat":"repeat","background-position":"center center","background-size":"auto","background-attachment":"scroll","background-type":"","background-media":"","overlay-type":"","overlay-color":"","overlay-gradient":""},"tablet":{"background-color":"var(--ast-global-color-5)","background-image":"","background-repeat":"repeat","background-position":"center center","background-size":"auto","background-attachment":"scroll","background-type":"","background-media":"","overlay-type":"","overlay-color":"","overlay-gradient":""},"mobile":{"background-color":"var(--ast-global-color-5)","background-image":"","background-repeat":"repeat","background-position":"center center","background-size":"auto","background-attachment":"scroll","background-type":"","background-media":"","overlay-type":"","overlay-color":"","overlay-gradient":""}},"footnotes":""},"class_list":["post-616","page","type-page","status-publish","hentry"],"yoast_head":"<!-- This site is optimized with the Yoast SEO plugin v22.5 - https:\/\/yoast.com\/wordpress\/plugins\/seo\/ -->\n<title>Online marketing management, campaign management - Aha Marketing<\/title>\n<meta name=\"description\" content=\"Comprehensive online marketing management for all, from SMEs to giant corporations. Dedicated project manager\u2714 Skilled experts\u2714 Corporate professionalism\u2714. Get in touch!\" \/>\n<meta name=\"robots\" content=\"index, follow, max-snippet:-1, max-image-preview:large, max-video-preview:-1\" \/>\n<link rel=\"canonical\" href=\"https:\/\/ahamarketing.hu\/en\/online-marketing-management\/\" \/>\n<meta property=\"og:locale\" content=\"hu_HU\" \/>\n<meta property=\"og:type\" content=\"article\" \/>\n<meta property=\"og:title\" content=\"Online marketing management, campaign management - Aha Marketing\" \/>\n<meta property=\"og:description\" content=\"Comprehensive online marketing management for all, from SMEs to giant corporations. Dedicated project manager\u2714 Skilled experts\u2714 Corporate professionalism\u2714. Get in touch!\" \/>\n<meta property=\"og:url\" content=\"https:\/\/ahamarketing.hu\/en\/online-marketing-management\/\" \/>\n<meta property=\"og:site_name\" content=\"AhaMarketing\" \/>\n<meta property=\"article:modified_time\" content=\"2024-05-06T17:26:03+00:00\" \/>\n<meta property=\"og:image\" content=\"https:\/\/ahamarketing.hu\/en\/wp-content\/uploads\/2024\/04\/online-marketing-kivitelezes-aha_marketing.jpg\" \/>\n<meta name=\"twitter:card\" content=\"summary_large_image\" \/>\n<meta name=\"twitter:label1\" content=\"Becs\u00fclt olvas\u00e1si id\u0151\" \/>\n\t<meta name=\"twitter:data1\" content=\"5 perc\" \/>\n<script type=\"application\/ld+json\" class=\"yoast-schema-graph\">{\"@context\":\"https:\/\/schema.org\",\"@graph\":[{\"@type\":\"WebPage\",\"@id\":\"https:\/\/ahamarketing.hu\/en\/online-marketing-management\/\",\"url\":\"https:\/\/ahamarketing.hu\/en\/online-marketing-management\/\",\"name\":\"Online marketing management, campaign management - Aha Marketing\",\"isPartOf\":{\"@id\":\"https:\/\/ahamarketing.hu\/en\/#website\"},\"primaryImageOfPage\":{\"@id\":\"https:\/\/ahamarketing.hu\/en\/online-marketing-management\/#primaryimage\"},\"image\":{\"@id\":\"https:\/\/ahamarketing.hu\/en\/online-marketing-management\/#primaryimage\"},\"thumbnailUrl\":\"https:\/\/ahamarketing.hu\/en\/wp-content\/uploads\/2024\/04\/online-marketing-kivitelezes-aha_marketing.jpg\",\"datePublished\":\"2024-04-28T14:23:10+00:00\",\"dateModified\":\"2024-05-06T17:26:03+00:00\",\"description\":\"Comprehensive online marketing management for all, from SMEs to giant corporations. Dedicated project manager\u2714 Skilled experts\u2714 Corporate professionalism\u2714. Get in touch!\",\"breadcrumb\":{\"@id\":\"https:\/\/ahamarketing.hu\/en\/online-marketing-management\/#breadcrumb\"},\"inLanguage\":\"hu\",\"potentialAction\":[{\"@type\":\"ReadAction\",\"target\":[\"https:\/\/ahamarketing.hu\/en\/online-marketing-management\/\"]}]},{\"@type\":\"ImageObject\",\"inLanguage\":\"hu\",\"@id\":\"https:\/\/ahamarketing.hu\/en\/online-marketing-management\/#primaryimage\",\"url\":\"https:\/\/ahamarketing.hu\/en\/wp-content\/uploads\/2024\/04\/online-marketing-kivitelezes-aha_marketing.jpg\",\"contentUrl\":\"https:\/\/ahamarketing.hu\/en\/wp-content\/uploads\/2024\/04\/online-marketing-kivitelezes-aha_marketing.jpg\",\"width\":1920,\"height\":702},{\"@type\":\"BreadcrumbList\",\"@id\":\"https:\/\/ahamarketing.hu\/en\/online-marketing-management\/#breadcrumb\",\"itemListElement\":[{\"@type\":\"ListItem\",\"position\":1,\"name\":\"Kezd\u0151lap\",\"item\":\"https:\/\/ahamarketing.hu\/en\/\"},{\"@type\":\"ListItem\",\"position\":2,\"name\":\"Online marketing management\"}]},{\"@type\":\"WebSite\",\"@id\":\"https:\/\/ahamarketing.hu\/en\/#website\",\"url\":\"https:\/\/ahamarketing.hu\/en\/\",\"name\":\"AhaMarketing\",\"description\":\"\",\"publisher\":{\"@id\":\"https:\/\/ahamarketing.hu\/en\/#organization\"},\"potentialAction\":[{\"@type\":\"SearchAction\",\"target\":{\"@type\":\"EntryPoint\",\"urlTemplate\":\"https:\/\/ahamarketing.hu\/en\/?s={search_term_string}\"},\"query-input\":\"required name=search_term_string\"}],\"inLanguage\":\"hu\"},{\"@type\":\"Organization\",\"@id\":\"https:\/\/ahamarketing.hu\/en\/#organization\",\"name\":\"AhaMarketing\",\"url\":\"https:\/\/ahamarketing.hu\/en\/\",\"logo\":{\"@type\":\"ImageObject\",\"inLanguage\":\"hu\",\"@id\":\"https:\/\/ahamarketing.hu\/en\/#\/schema\/logo\/image\/\",\"url\":\"https:\/\/ahamarketing.hu\/en\/wp-content\/uploads\/2024\/04\/aha-marketing-studio-logo.png\",\"contentUrl\":\"https:\/\/ahamarketing.hu\/en\/wp-content\/uploads\/2024\/04\/aha-marketing-studio-logo.png\",\"width\":259,\"height\":139,\"caption\":\"AhaMarketing\"},\"image\":{\"@id\":\"https:\/\/ahamarketing.hu\/en\/#\/schema\/logo\/image\/\"}}]}<\/script>\n<!-- \/ Yoast SEO plugin. -->","yoast_head_json":{"title":"Online marketing management, campaign management - Aha Marketing","description":"Comprehensive online marketing management for all, from SMEs to giant corporations. Dedicated project manager\u2714 Skilled experts\u2714 Corporate professionalism\u2714. Get in touch!","robots":{"index":"index","follow":"follow","max-snippet":"max-snippet:-1","max-image-preview":"max-image-preview:large","max-video-preview":"max-video-preview:-1"},"canonical":"https:\/\/ahamarketing.hu\/en\/online-marketing-management\/","og_locale":"hu_HU","og_type":"article","og_title":"Online marketing management, campaign management - Aha Marketing","og_description":"Comprehensive online marketing management for all, from SMEs to giant corporations. Dedicated project manager\u2714 Skilled experts\u2714 Corporate professionalism\u2714. Get in touch!","og_url":"https:\/\/ahamarketing.hu\/en\/online-marketing-management\/","og_site_name":"AhaMarketing","article_modified_time":"2024-05-06T17:26:03+00:00","og_image":[{"url":"https:\/\/ahamarketing.hu\/en\/wp-content\/uploads\/2024\/04\/online-marketing-kivitelezes-aha_marketing.jpg"}],"twitter_card":"summary_large_image","twitter_misc":{"Becs\u00fclt olvas\u00e1si id\u0151":"5 perc"},"schema":{"@context":"https:\/\/schema.org","@graph":[{"@type":"WebPage","@id":"https:\/\/ahamarketing.hu\/en\/online-marketing-management\/","url":"https:\/\/ahamarketing.hu\/en\/online-marketing-management\/","name":"Online marketing management, campaign management - Aha Marketing","isPartOf":{"@id":"https:\/\/ahamarketing.hu\/en\/#website"},"primaryImageOfPage":{"@id":"https:\/\/ahamarketing.hu\/en\/online-marketing-management\/#primaryimage"},"image":{"@id":"https:\/\/ahamarketing.hu\/en\/online-marketing-management\/#primaryimage"},"thumbnailUrl":"https:\/\/ahamarketing.hu\/en\/wp-content\/uploads\/2024\/04\/online-marketing-kivitelezes-aha_marketing.jpg","datePublished":"2024-04-28T14:23:10+00:00","dateModified":"2024-05-06T17:26:03+00:00","description":"Comprehensive online marketing management for all, from SMEs to giant corporations. Dedicated project manager\u2714 Skilled experts\u2714 Corporate professionalism\u2714. Get in touch!","breadcrumb":{"@id":"https:\/\/ahamarketing.hu\/en\/online-marketing-management\/#breadcrumb"},"inLanguage":"hu","potentialAction":[{"@type":"ReadAction","target":["https:\/\/ahamarketing.hu\/en\/online-marketing-management\/"]}]},{"@type":"ImageObject","inLanguage":"hu","@id":"https:\/\/ahamarketing.hu\/en\/online-marketing-management\/#primaryimage","url":"https:\/\/ahamarketing.hu\/en\/wp-content\/uploads\/2024\/04\/online-marketing-kivitelezes-aha_marketing.jpg","contentUrl":"https:\/\/ahamarketing.hu\/en\/wp-content\/uploads\/2024\/04\/online-marketing-kivitelezes-aha_marketing.jpg","width":1920,"height":702},{"@type":"BreadcrumbList","@id":"https:\/\/ahamarketing.hu\/en\/online-marketing-management\/#breadcrumb","itemListElement":[{"@type":"ListItem","position":1,"name":"Kezd\u0151lap","item":"https:\/\/ahamarketing.hu\/en\/"},{"@type":"ListItem","position":2,"name":"Online marketing management"}]},{"@type":"WebSite","@id":"https:\/\/ahamarketing.hu\/en\/#website","url":"https:\/\/ahamarketing.hu\/en\/","name":"AhaMarketing","description":"","publisher":{"@id":"https:\/\/ahamarketing.hu\/en\/#organization"},"potentialAction":[{"@type":"SearchAction","target":{"@type":"EntryPoint","urlTemplate":"https:\/\/ahamarketing.hu\/en\/?s={search_term_string}"},"query-input":"required name=search_term_string"}],"inLanguage":"hu"},{"@type":"Organization","@id":"https:\/\/ahamarketing.hu\/en\/#organization","name":"AhaMarketing","url":"https:\/\/ahamarketing.hu\/en\/","logo":{"@type":"ImageObject","inLanguage":"hu","@id":"https:\/\/ahamarketing.hu\/en\/#\/schema\/logo\/image\/","url":"https:\/\/ahamarketing.hu\/en\/wp-content\/uploads\/2024\/04\/aha-marketing-studio-logo.png","contentUrl":"https:\/\/ahamarketing.hu\/en\/wp-content\/uploads\/2024\/04\/aha-marketing-studio-logo.png","width":259,"height":139,"caption":"AhaMarketing"},"image":{"@id":"https:\/\/ahamarketing.hu\/en\/#\/schema\/logo\/image\/"}}]}},"uagb_featured_image_src":{"full":false,"thumbnail":false,"medium":false,"medium_large":false,"large":false,"1536x1536":false,"2048x2048":false},"uagb_author_info":{"display_name":"wp-admin","author_link":"https:\/\/ahamarketing.hu\/en\/author\/wp-admin\/"},"uagb_comment_info":0,"uagb_excerpt":"Online marketing has now become a major tool in business globally. A digital presence and an online image are key [&hellip;]","_links":{"self":[{"href":"https:\/\/ahamarketing.hu\/en\/wp-json\/wp\/v2\/pages\/616","targetHints":{"allow":["GET"]}}],"collection":[{"href":"https:\/\/ahamarketing.hu\/en\/wp-json\/wp\/v2\/pages"}],"about":[{"href":"https:\/\/ahamarketing.hu\/en\/wp-json\/wp\/v2\/types\/page"}],"author":[{"embeddable":true,"href":"https:\/\/ahamarketing.hu\/en\/wp-json\/wp\/v2\/users\/1"}],"replies":[{"embeddable":true,"href":"https:\/\/ahamarketing.hu\/en\/wp-json\/wp\/v2\/comments?post=616"}],"version-history":[{"count":70,"href":"https:\/\/ahamarketing.hu\/en\/wp-json\/wp\/v2\/pages\/616\/revisions"}],"predecessor-version":[{"id":1286,"href":"https:\/\/ahamarketing.hu\/en\/wp-json\/wp\/v2\/pages\/616\/revisions\/1286"}],"wp:attachment":[{"href":"https:\/\/ahamarketing.hu\/en\/wp-json\/wp\/v2\/media?parent=616"}],"curies":[{"name":"wp","href":"https:\/\/api.w.org\/{rel}","templated":true}]}}