{"id":596,"date":"2024-04-28T16:03:05","date_gmt":"2024-04-28T14:03:05","guid":{"rendered":"http:\/\/ahamarketing.hu\/teszt\/?page_id=596"},"modified":"2024-05-06T19:20:19","modified_gmt":"2024-05-06T17:20:19","slug":"marketing-consultancy-and-project-management","status":"publish","type":"page","link":"https:\/\/ahamarketing.hu\/en\/marketing-consultancy-and-project-management\/","title":{"rendered":"Marketing consultancy and management"},"content":{"rendered":"\n<div class=\"wp-block-uagb-container uagb-block-81f09a13 alignfull uagb-is-root-container\"><div class=\"uagb-container-inner-blocks-wrap\">\n<div class=\"wp-block-uagb-container uag-hide-mob uagb-block-e675fc2c\">\n<div class=\"wp-block-uagb-image uagb-block-6ddc59f0 wp-block-uagb-image--layout-default wp-block-uagb-image--effect-static wp-block-uagb-image--align-none\"><figure class=\"wp-block-uagb-image__figure\"><img decoding=\"async\" srcset=\"https:\/\/ahamarketing.hu\/en\/wp-content\/uploads\/2024\/04\/marketing-tanacsadas-aha_marketing.jpg ,https:\/\/ahamarketing.hu\/en\/wp-content\/uploads\/2024\/04\/marketing-tanacsadas-aha_marketing.jpg 780w, https:\/\/ahamarketing.hu\/en\/wp-content\/uploads\/2024\/04\/marketing-tanacsadas-aha_marketing.jpg 360w\" sizes=\"auto, (max-width: 480px) 150px\" src=\"https:\/\/ahamarketing.hu\/en\/wp-content\/uploads\/2024\/04\/marketing-tanacsadas-aha_marketing.jpg\" alt=\"\" class=\"uag-image-783\" width=\"1920\" height=\"702\" title=\"marketing-tanacsadas-aha_marketing\" loading=\"lazy\" role=\"img\"\/><\/figure><\/div>\n<\/div>\n\n\n\n<div class=\"wp-block-uagb-container uag-hide-desktop uag-hide-tab uagb-block-bd37950e\">\n<div class=\"wp-block-uagb-image uagb-block-31c90cef wp-block-uagb-image--layout-default wp-block-uagb-image--effect-static wp-block-uagb-image--align-none\"><figure class=\"wp-block-uagb-image__figure\"><img decoding=\"async\" srcset=\"https:\/\/ahamarketing.hu\/en\/wp-content\/uploads\/2024\/05\/marketing-tanacsadas-mobil.jpg ,https:\/\/ahamarketing.hu\/en\/wp-content\/uploads\/2024\/05\/marketing-tanacsadas-mobil.jpg 780w, https:\/\/ahamarketing.hu\/en\/wp-content\/uploads\/2024\/05\/marketing-tanacsadas-mobil.jpg 360w\" sizes=\"auto, (max-width: 480px) 150px\" src=\"https:\/\/ahamarketing.hu\/en\/wp-content\/uploads\/2024\/05\/marketing-tanacsadas-mobil.jpg\" alt=\"\" class=\"uag-image-1036\" width=\"540\" height=\"340\" title=\"marketing-tanacsadas-mobil\" loading=\"lazy\" role=\"img\"\/><\/figure><\/div>\n<\/div>\n\n\n\n<div class=\"wp-block-uagb-container uagb-block-50fbf2b4\">\n<div class=\"wp-block-uagb-info-box uagb-block-d9c6d626 uagb-infobox__content-wrap  uagb-infobox-icon-above-title uagb-infobox-image-valign-top\"><div class=\"uagb-ifb-content\"><div class=\"uagb-ifb-title-wrap\"><h3 class=\"uagb-ifb-title\">Marketing consultancy and management<\/h3><\/div><\/div><\/div>\n<\/div>\n\n\n\n<div class=\"wp-block-uagb-container uag-hide-mob uagb-block-4585ece4\">\n<p class=\"has-text-color has-link-color wp-elements-3c400cc31b51fa566fa68d5651e211dc\" style=\"color:#4e596b;font-size:25px;font-style:normal;font-weight:400;letter-spacing:1px;line-height:1.6\">Marketing can be a challenge, both for small businesses and larger companies. When it comes to marketing, many people expect miracles. They think about it as an area they don\u2019t know much about, but that can somehow give a boost to their business.  Competition is fierce, the marketing noise is significant, and competitors use aggressive expansion techniques. In such an environment, an appropriate marketing strategy and effective implementation can be the key to your success. <br><br>When you are entering a new market, you need to explore the new area and learn about consumer behaviour\u2014during marketing consultancy, our experts will provide you with insights and help you expand or launch your business.<br><br>We are ready to provide comprehensive marketing management services based on our recommendations, which is a convenient solution for you as we can act on them effectively and accurately. While we are taking care of marketing management, you can focus on your business.<\/p>\n\n\n\n<h2 class=\"wp-block-heading has-text-color has-link-color wp-elements-acb5c8f44049a57ed1cab6c66aff6383\" style=\"color:#4e596b;font-size:30px\"><strong>What does marketing consultancy involve?<\/strong><\/h2>\n\n\n\n<p class=\"has-text-color has-link-color wp-elements-d0cb3c988bebce455ad41b326503459a\" style=\"color:#4e596b;font-size:25px;font-style:normal;font-weight:400;letter-spacing:1px;line-height:1.6\">During marketing consultancy, you will be provided recommendations about positioning, unexploited markets and your budget. Relying on the competitor analysis, our consultant will comment on your product and service range and may suggest some changes. They will observe your customer relationship management and your communication strategy. Where there is room for improvement, we will recommend easy-to-use tactics and tools.<br><br>We can provide comprehensive consultancy or we can focus on online marketing, PR or any other marketing field. Our consultants have experience in many areas, so whatever you wish to focus on, you can rest assured that your company\u2019s marketing activities will be in good hands.<br><br>Our marketing management services include graphic design, media buying and copywriting services. We monitor the results and adjust the strategy accordingly.<\/p>\n\n\n\n<h2 class=\"wp-block-heading has-text-color has-link-color wp-elements-82e880e874ea5909784c87439746d0d0\" style=\"color:#4e596b;font-size:30px\"><strong>Marketing consultancy prices<\/strong><\/h2>\n\n\n\n<p class=\"has-text-color has-link-color wp-elements-0520cf4a9c371436a7225673c1977b24\" style=\"color:#4e596b;font-size:25px;font-style:normal;font-weight:400;letter-spacing:1px;line-height:1.6\">Marketing consultancy is a comprehensive and long-term partnership. With the understanding you gain, your brand will have professional guidance for the coming years, so even after the consultancy is over, you can benefit from the efforts you put into it. <br><br>Contact us about the prices of our marketing consultancy services and we will give you a custom quote.<\/p>\n<\/div>\n\n\n\n<div class=\"wp-block-uagb-container uag-hide-desktop uag-hide-tab uagb-block-b54771b3\">\n<p class=\"has-text-color has-link-color wp-elements-b1913bbe16829c4eee8851b2f93c99b7\" style=\"color:#4e596b;font-size:20px;font-style:normal;font-weight:400;letter-spacing:1px;line-height:1.6\">Marketing can be a challenge, both for small businesses and larger companies. When it comes to marketing, many people expect miracles. They think about it as an area they don\u2019t know much about, but that can somehow give a boost to their business.  Competition is fierce, the marketing noise is significant, and competitors use aggressive expansion techniques. In such an environment, an appropriate marketing strategy and effective implementation can be the key to your success. <br><br>When you are entering a new market, you need to explore the new area and learn about consumer behaviour\u2014during marketing consultancy, our experts will provide you with insights and help you expand or launch your business.<br><br>We are ready to provide comprehensive marketing management services based on our recommendations, which is a convenient solution for you as we can act on them effectively and accurately. While we are taking care of marketing management, you can focus on your business.<\/p>\n\n\n\n<h2 class=\"wp-block-heading has-text-color has-link-color wp-elements-85debc35103f1b24ccb04b35f4fa0ab2\" style=\"color:#4e596b;font-size:25px\"><strong>What does marketing consultancy involve?<\/strong><\/h2>\n\n\n\n<p class=\"has-text-color has-link-color wp-elements-6a001cb31d2cd912f593e358cad26780\" style=\"color:#4e596b;font-size:20px;font-style:normal;font-weight:400;letter-spacing:1px;line-height:1.6\">During marketing consultancy, you will be provided recommendations about positioning, unexploited markets and your budget. Relying on the competitor analysis, our consultant will comment on your product and service range and may suggest some changes. They will observe your customer relationship management and your communication strategy. Where there is room for improvement, we will recommend easy-to-use tactics and tools.<br><br>We can provide comprehensive consultancy or we can focus on online marketing, PR or any other marketing field. Our consultants have experience in many areas, so whatever you wish to focus on, you can rest assured that your company\u2019s marketing activities will be in good hands.<br><br>Our marketing management services include graphic design, media buying and copywriting services. We monitor the results and adjust the strategy accordingly.<\/p>\n\n\n\n<h2 class=\"wp-block-heading has-text-color has-link-color wp-elements-6cb87b084a9b7024b144cbcd8f3451c4\" style=\"color:#4e596b;font-size:25px\"><strong>Marketing consultancy prices<\/strong><\/h2>\n\n\n\n<p class=\"has-text-color has-link-color wp-elements-a5186ba9fc5e2e4a561ddcba2582f671\" style=\"color:#4e596b;font-size:20px;font-style:normal;font-weight:400;letter-spacing:1px;line-height:1.6\">Marketing consultancy is a comprehensive and long-term partnership. With the understanding you gain, your brand will have professional guidance for the coming years, so even after the consultancy is over, you can benefit from the efforts you put into it. <br><br>Contact us about the prices of our marketing consultancy services and we will give you a custom quote.<\/p>\n<\/div>\n<\/div><\/div>\n","protected":false},"excerpt":{"rendered":"<p>Marketing can be a challenge, both for small businesses and larger companies. When it comes to marketing, many people expect [&hellip;]<\/p>\n","protected":false},"author":1,"featured_media":0,"parent":0,"menu_order":0,"comment_status":"closed","ping_status":"closed","template":"","meta":{"_uag_custom_page_level_css":"","site-sidebar-layout":"default","site-content-layout":"","ast-site-content-layout":"","site-content-style":"default","site-sidebar-style":"default","ast-global-header-display":"","ast-banner-title-visibility":"","ast-main-header-display":"","ast-hfb-above-header-display":"","ast-hfb-below-header-display":"","ast-hfb-mobile-header-display":"","site-post-title":"disabled","ast-breadcrumbs-content":"","ast-featured-img":"","footer-sml-layout":"","theme-transparent-header-meta":"","adv-header-id-meta":"","stick-header-meta":"","header-above-stick-meta":"","header-main-stick-meta":"","header-below-stick-meta":"","astra-migrate-meta-layouts":"default","ast-page-background-enabled":"default","ast-page-background-meta":{"desktop":{"background-color":"var(--ast-global-color-4)","background-image":"","background-repeat":"repeat","background-position":"center center","background-size":"auto","background-attachment":"scroll","background-type":"","background-media":"","overlay-type":"","overlay-color":"","overlay-gradient":""},"tablet":{"background-color":"","background-image":"","background-repeat":"repeat","background-position":"center center","background-size":"auto","background-attachment":"scroll","background-type":"","background-media":"","overlay-type":"","overlay-color":"","overlay-gradient":""},"mobile":{"background-color":"","background-image":"","background-repeat":"repeat","background-position":"center center","background-size":"auto","background-attachment":"scroll","background-type":"","background-media":"","overlay-type":"","overlay-color":"","overlay-gradient":""}},"ast-content-background-meta":{"desktop":{"background-color":"var(--ast-global-color-5)","background-image":"","background-repeat":"repeat","background-position":"center center","background-size":"auto","background-attachment":"scroll","background-type":"","background-media":"","overlay-type":"","overlay-color":"","overlay-gradient":""},"tablet":{"background-color":"var(--ast-global-color-5)","background-image":"","background-repeat":"repeat","background-position":"center center","background-size":"auto","background-attachment":"scroll","background-type":"","background-media":"","overlay-type":"","overlay-color":"","overlay-gradient":""},"mobile":{"background-color":"var(--ast-global-color-5)","background-image":"","background-repeat":"repeat","background-position":"center center","background-size":"auto","background-attachment":"scroll","background-type":"","background-media":"","overlay-type":"","overlay-color":"","overlay-gradient":""}},"footnotes":""},"class_list":["post-596","page","type-page","status-publish","hentry"],"yoast_head":"<!-- This site is optimized with the Yoast SEO plugin v22.5 - https:\/\/yoast.com\/wordpress\/plugins\/seo\/ -->\n<title>Marketing consultancy and management - Aha Marketing<\/title>\n<meta name=\"description\" content=\"360-degree marketing consultancy and management services for SMEs and larger companies. Dedicated project manager\u2714 Skilled experts\u2714 Corporate professionalism\u2714. Get in touch!\" \/>\n<meta name=\"robots\" content=\"index, follow, max-snippet:-1, max-image-preview:large, max-video-preview:-1\" \/>\n<link rel=\"canonical\" href=\"https:\/\/ahamarketing.hu\/en\/marketing-consultancy-and-project-management\/\" \/>\n<meta property=\"og:locale\" content=\"hu_HU\" \/>\n<meta property=\"og:type\" content=\"article\" \/>\n<meta property=\"og:title\" content=\"Marketing consultancy and management - Aha Marketing\" \/>\n<meta property=\"og:description\" content=\"360-degree marketing consultancy and management services for SMEs and larger companies. Dedicated project manager\u2714 Skilled experts\u2714 Corporate professionalism\u2714. Get in touch!\" \/>\n<meta property=\"og:url\" content=\"https:\/\/ahamarketing.hu\/en\/marketing-consultancy-and-project-management\/\" \/>\n<meta property=\"og:site_name\" content=\"AhaMarketing\" \/>\n<meta property=\"article:modified_time\" content=\"2024-05-06T17:20:19+00:00\" \/>\n<meta property=\"og:image\" content=\"https:\/\/ahamarketing.hu\/en\/wp-content\/uploads\/2024\/04\/marketing-tanacsadas-aha_marketing.jpg\" \/>\n<meta name=\"twitter:card\" content=\"summary_large_image\" \/>\n<meta name=\"twitter:label1\" content=\"Becs\u00fclt olvas\u00e1si id\u0151\" \/>\n\t<meta name=\"twitter:data1\" content=\"5 perc\" \/>\n<script type=\"application\/ld+json\" class=\"yoast-schema-graph\">{\"@context\":\"https:\/\/schema.org\",\"@graph\":[{\"@type\":\"WebPage\",\"@id\":\"https:\/\/ahamarketing.hu\/en\/marketing-consultancy-and-project-management\/\",\"url\":\"https:\/\/ahamarketing.hu\/en\/marketing-consultancy-and-project-management\/\",\"name\":\"Marketing consultancy and management - Aha Marketing\",\"isPartOf\":{\"@id\":\"https:\/\/ahamarketing.hu\/en\/#website\"},\"primaryImageOfPage\":{\"@id\":\"https:\/\/ahamarketing.hu\/en\/marketing-consultancy-and-project-management\/#primaryimage\"},\"image\":{\"@id\":\"https:\/\/ahamarketing.hu\/en\/marketing-consultancy-and-project-management\/#primaryimage\"},\"thumbnailUrl\":\"https:\/\/ahamarketing.hu\/en\/wp-content\/uploads\/2024\/04\/marketing-tanacsadas-aha_marketing.jpg\",\"datePublished\":\"2024-04-28T14:03:05+00:00\",\"dateModified\":\"2024-05-06T17:20:19+00:00\",\"description\":\"360-degree marketing consultancy and management services for SMEs and larger companies. Dedicated project manager\u2714 Skilled experts\u2714 Corporate professionalism\u2714. Get in touch!\",\"breadcrumb\":{\"@id\":\"https:\/\/ahamarketing.hu\/en\/marketing-consultancy-and-project-management\/#breadcrumb\"},\"inLanguage\":\"hu\",\"potentialAction\":[{\"@type\":\"ReadAction\",\"target\":[\"https:\/\/ahamarketing.hu\/en\/marketing-consultancy-and-project-management\/\"]}]},{\"@type\":\"ImageObject\",\"inLanguage\":\"hu\",\"@id\":\"https:\/\/ahamarketing.hu\/en\/marketing-consultancy-and-project-management\/#primaryimage\",\"url\":\"https:\/\/ahamarketing.hu\/en\/wp-content\/uploads\/2024\/04\/marketing-tanacsadas-aha_marketing.jpg\",\"contentUrl\":\"https:\/\/ahamarketing.hu\/en\/wp-content\/uploads\/2024\/04\/marketing-tanacsadas-aha_marketing.jpg\",\"width\":1920,\"height\":702},{\"@type\":\"BreadcrumbList\",\"@id\":\"https:\/\/ahamarketing.hu\/en\/marketing-consultancy-and-project-management\/#breadcrumb\",\"itemListElement\":[{\"@type\":\"ListItem\",\"position\":1,\"name\":\"Kezd\u0151lap\",\"item\":\"https:\/\/ahamarketing.hu\/en\/\"},{\"@type\":\"ListItem\",\"position\":2,\"name\":\"Marketing consultancy and management\"}]},{\"@type\":\"WebSite\",\"@id\":\"https:\/\/ahamarketing.hu\/en\/#website\",\"url\":\"https:\/\/ahamarketing.hu\/en\/\",\"name\":\"AhaMarketing\",\"description\":\"\",\"publisher\":{\"@id\":\"https:\/\/ahamarketing.hu\/en\/#organization\"},\"potentialAction\":[{\"@type\":\"SearchAction\",\"target\":{\"@type\":\"EntryPoint\",\"urlTemplate\":\"https:\/\/ahamarketing.hu\/en\/?s={search_term_string}\"},\"query-input\":\"required name=search_term_string\"}],\"inLanguage\":\"hu\"},{\"@type\":\"Organization\",\"@id\":\"https:\/\/ahamarketing.hu\/en\/#organization\",\"name\":\"AhaMarketing\",\"url\":\"https:\/\/ahamarketing.hu\/en\/\",\"logo\":{\"@type\":\"ImageObject\",\"inLanguage\":\"hu\",\"@id\":\"https:\/\/ahamarketing.hu\/en\/#\/schema\/logo\/image\/\",\"url\":\"https:\/\/ahamarketing.hu\/en\/wp-content\/uploads\/2024\/04\/aha-marketing-studio-logo.png\",\"contentUrl\":\"https:\/\/ahamarketing.hu\/en\/wp-content\/uploads\/2024\/04\/aha-marketing-studio-logo.png\",\"width\":259,\"height\":139,\"caption\":\"AhaMarketing\"},\"image\":{\"@id\":\"https:\/\/ahamarketing.hu\/en\/#\/schema\/logo\/image\/\"}}]}<\/script>\n<!-- \/ Yoast SEO plugin. -->","yoast_head_json":{"title":"Marketing consultancy and management - Aha Marketing","description":"360-degree marketing consultancy and management services for SMEs and larger companies. Dedicated project manager\u2714 Skilled experts\u2714 Corporate professionalism\u2714. Get in touch!","robots":{"index":"index","follow":"follow","max-snippet":"max-snippet:-1","max-image-preview":"max-image-preview:large","max-video-preview":"max-video-preview:-1"},"canonical":"https:\/\/ahamarketing.hu\/en\/marketing-consultancy-and-project-management\/","og_locale":"hu_HU","og_type":"article","og_title":"Marketing consultancy and management - Aha Marketing","og_description":"360-degree marketing consultancy and management services for SMEs and larger companies. Dedicated project manager\u2714 Skilled experts\u2714 Corporate professionalism\u2714. Get in touch!","og_url":"https:\/\/ahamarketing.hu\/en\/marketing-consultancy-and-project-management\/","og_site_name":"AhaMarketing","article_modified_time":"2024-05-06T17:20:19+00:00","og_image":[{"url":"https:\/\/ahamarketing.hu\/en\/wp-content\/uploads\/2024\/04\/marketing-tanacsadas-aha_marketing.jpg"}],"twitter_card":"summary_large_image","twitter_misc":{"Becs\u00fclt olvas\u00e1si id\u0151":"5 perc"},"schema":{"@context":"https:\/\/schema.org","@graph":[{"@type":"WebPage","@id":"https:\/\/ahamarketing.hu\/en\/marketing-consultancy-and-project-management\/","url":"https:\/\/ahamarketing.hu\/en\/marketing-consultancy-and-project-management\/","name":"Marketing consultancy and management - Aha Marketing","isPartOf":{"@id":"https:\/\/ahamarketing.hu\/en\/#website"},"primaryImageOfPage":{"@id":"https:\/\/ahamarketing.hu\/en\/marketing-consultancy-and-project-management\/#primaryimage"},"image":{"@id":"https:\/\/ahamarketing.hu\/en\/marketing-consultancy-and-project-management\/#primaryimage"},"thumbnailUrl":"https:\/\/ahamarketing.hu\/en\/wp-content\/uploads\/2024\/04\/marketing-tanacsadas-aha_marketing.jpg","datePublished":"2024-04-28T14:03:05+00:00","dateModified":"2024-05-06T17:20:19+00:00","description":"360-degree marketing consultancy and management services for SMEs and larger companies. Dedicated project manager\u2714 Skilled experts\u2714 Corporate professionalism\u2714. Get in touch!","breadcrumb":{"@id":"https:\/\/ahamarketing.hu\/en\/marketing-consultancy-and-project-management\/#breadcrumb"},"inLanguage":"hu","potentialAction":[{"@type":"ReadAction","target":["https:\/\/ahamarketing.hu\/en\/marketing-consultancy-and-project-management\/"]}]},{"@type":"ImageObject","inLanguage":"hu","@id":"https:\/\/ahamarketing.hu\/en\/marketing-consultancy-and-project-management\/#primaryimage","url":"https:\/\/ahamarketing.hu\/en\/wp-content\/uploads\/2024\/04\/marketing-tanacsadas-aha_marketing.jpg","contentUrl":"https:\/\/ahamarketing.hu\/en\/wp-content\/uploads\/2024\/04\/marketing-tanacsadas-aha_marketing.jpg","width":1920,"height":702},{"@type":"BreadcrumbList","@id":"https:\/\/ahamarketing.hu\/en\/marketing-consultancy-and-project-management\/#breadcrumb","itemListElement":[{"@type":"ListItem","position":1,"name":"Kezd\u0151lap","item":"https:\/\/ahamarketing.hu\/en\/"},{"@type":"ListItem","position":2,"name":"Marketing consultancy and management"}]},{"@type":"WebSite","@id":"https:\/\/ahamarketing.hu\/en\/#website","url":"https:\/\/ahamarketing.hu\/en\/","name":"AhaMarketing","description":"","publisher":{"@id":"https:\/\/ahamarketing.hu\/en\/#organization"},"potentialAction":[{"@type":"SearchAction","target":{"@type":"EntryPoint","urlTemplate":"https:\/\/ahamarketing.hu\/en\/?s={search_term_string}"},"query-input":"required name=search_term_string"}],"inLanguage":"hu"},{"@type":"Organization","@id":"https:\/\/ahamarketing.hu\/en\/#organization","name":"AhaMarketing","url":"https:\/\/ahamarketing.hu\/en\/","logo":{"@type":"ImageObject","inLanguage":"hu","@id":"https:\/\/ahamarketing.hu\/en\/#\/schema\/logo\/image\/","url":"https:\/\/ahamarketing.hu\/en\/wp-content\/uploads\/2024\/04\/aha-marketing-studio-logo.png","contentUrl":"https:\/\/ahamarketing.hu\/en\/wp-content\/uploads\/2024\/04\/aha-marketing-studio-logo.png","width":259,"height":139,"caption":"AhaMarketing"},"image":{"@id":"https:\/\/ahamarketing.hu\/en\/#\/schema\/logo\/image\/"}}]}},"uagb_featured_image_src":{"full":false,"thumbnail":false,"medium":false,"medium_large":false,"large":false,"1536x1536":false,"2048x2048":false},"uagb_author_info":{"display_name":"wp-admin","author_link":"https:\/\/ahamarketing.hu\/en\/author\/wp-admin\/"},"uagb_comment_info":0,"uagb_excerpt":"Marketing can be a challenge, both for small businesses and larger companies. When it comes to marketing, many people expect [&hellip;]","_links":{"self":[{"href":"https:\/\/ahamarketing.hu\/en\/wp-json\/wp\/v2\/pages\/596","targetHints":{"allow":["GET"]}}],"collection":[{"href":"https:\/\/ahamarketing.hu\/en\/wp-json\/wp\/v2\/pages"}],"about":[{"href":"https:\/\/ahamarketing.hu\/en\/wp-json\/wp\/v2\/types\/page"}],"author":[{"embeddable":true,"href":"https:\/\/ahamarketing.hu\/en\/wp-json\/wp\/v2\/users\/1"}],"replies":[{"embeddable":true,"href":"https:\/\/ahamarketing.hu\/en\/wp-json\/wp\/v2\/comments?post=596"}],"version-history":[{"count":45,"href":"https:\/\/ahamarketing.hu\/en\/wp-json\/wp\/v2\/pages\/596\/revisions"}],"predecessor-version":[{"id":1282,"href":"https:\/\/ahamarketing.hu\/en\/wp-json\/wp\/v2\/pages\/596\/revisions\/1282"}],"wp:attachment":[{"href":"https:\/\/ahamarketing.hu\/en\/wp-json\/wp\/v2\/media?parent=596"}],"curies":[{"name":"wp","href":"https:\/\/api.w.org\/{rel}","templated":true}]}}