{"id":1387,"date":"2025-08-28T09:35:09","date_gmt":"2025-08-28T07:35:09","guid":{"rendered":"https:\/\/ahamarketing.hu\/en\/?page_id=1387"},"modified":"2025-08-28T09:35:11","modified_gmt":"2025-08-28T07:35:11","slug":"flyer-design-production","status":"publish","type":"page","link":"https:\/\/ahamarketing.hu\/en\/flyer-design-production\/","title":{"rendered":"Flyer design"},"content":{"rendered":"\n<div class=\"wp-block-uagb-container uagb-block-81f09a13 alignfull uagb-is-root-container\"><div class=\"uagb-container-inner-blocks-wrap\">\n<div class=\"wp-block-uagb-container uag-hide-mob uagb-block-e675fc2c\">\n<div class=\"wp-block-uagb-image uagb-block-6ddc59f0 wp-block-uagb-image--layout-default wp-block-uagb-image--effect-static wp-block-uagb-image--align-none\"><figure class=\"wp-block-uagb-image__figure\"><img decoding=\"async\" srcset=\"https:\/\/ahamarketing.hu\/en\/wp-content\/uploads\/2025\/08\/szorolap-tervezes-szorolap-keszites.png ,https:\/\/ahamarketing.hu\/en\/wp-content\/uploads\/2025\/08\/szorolap-tervezes-szorolap-keszites.png 780w, https:\/\/ahamarketing.hu\/en\/wp-content\/uploads\/2025\/08\/szorolap-tervezes-szorolap-keszites.png 360w\" sizes=\"auto, (max-width: 480px) 150px\" src=\"https:\/\/ahamarketing.hu\/en\/wp-content\/uploads\/2025\/08\/szorolap-tervezes-szorolap-keszites.png\" alt=\"\" class=\"uag-image-1406\" width=\"1920\" height=\"700\" title=\"szorolap-tervezes-szorolap-keszites\" loading=\"lazy\" role=\"img\"\/><\/figure><\/div>\n<\/div>\n\n\n\n<div class=\"wp-block-uagb-container uag-hide-desktop uag-hide-tab uagb-block-649d10c8\">\n<div class=\"wp-block-uagb-image uagb-block-930b664a wp-block-uagb-image--layout-default wp-block-uagb-image--effect-static wp-block-uagb-image--align-none\"><figure class=\"wp-block-uagb-image__figure\"><img decoding=\"async\" srcset=\"https:\/\/ahamarketing.hu\/en\/wp-content\/uploads\/2025\/08\/szorolap-tervezes-szorolap-keszites_.png ,https:\/\/ahamarketing.hu\/en\/wp-content\/uploads\/2025\/08\/szorolap-tervezes-szorolap-keszites_.png 780w, https:\/\/ahamarketing.hu\/en\/wp-content\/uploads\/2025\/08\/szorolap-tervezes-szorolap-keszites_.png 360w\" sizes=\"auto, (max-width: 480px) 150px\" src=\"https:\/\/ahamarketing.hu\/en\/wp-content\/uploads\/2025\/08\/szorolap-tervezes-szorolap-keszites_.png\" alt=\"\" class=\"uag-image-1407\" width=\"540\" height=\"340\" title=\"szorolap-tervezes-szorolap-keszites_\" loading=\"lazy\" role=\"img\"\/><\/figure><\/div>\n<\/div>\n\n\n\n<div class=\"wp-block-uagb-container uagb-block-50fbf2b4\">\n<div class=\"wp-block-uagb-info-box uagb-block-d9c6d626 uagb-infobox__content-wrap  uagb-infobox-icon-above-title uagb-infobox-image-valign-top\"><div class=\"uagb-ifb-content\"><div class=\"uagb-ifb-title-wrap\"><h3 class=\"uagb-ifb-title\">Flyer design and flyer creation \u2013 Eye-catching, purposeful materials <\/h3><\/div><\/div><\/div>\n<\/div>\n\n\n\n<div class=\"wp-block-uagb-container uag-hide-mob uagb-block-4585ece4\">\n<p class=\"has-text-color has-link-color wp-elements-b4a00f3766583240e2174d04f60a96c5\" style=\"color:#4e596b;font-size:25px;font-style:normal;font-weight:400;letter-spacing:1px;line-height:1.6\"><strong>Flyer design<\/strong> and <strong>flyer creation<\/strong> are still among the most effective offline marketing tools \u2013 if done right. A well-designed flyer quickly communicates your message, gives direction, and encourages action. Whether you&#8217;re promoting a local event or launching a new service, <strong>Aha Marketing<\/strong> ensures your flyer not only informs, but grabs attention too.<br><br><strong>Creative copy<\/strong>, bold visuals, and a clean layout all contribute to making a flyer truly effective. <strong>Flyer printing<\/strong> is only the final step \u2013 before that, you need thoughtful concept and design to ensure your investment pays off.<\/p>\n\n\n\n<h2 class=\"wp-block-heading has-text-color has-link-color wp-elements-b0b84047b891969fde43f18ac3186e28\" style=\"color:#4e596b;font-size:30px\">Flyer design pricing \u2013 What affects the cost?<\/h2>\n\n\n\n<p class=\"has-text-color has-link-color wp-elements-fa0e0a44388b691ae67de5b2a67459c8\" style=\"color:#4e596b;font-size:25px;font-style:normal;font-weight:400;letter-spacing:1px;line-height:1.6\">The <strong>flyer design price<\/strong> depends on several factors. These include the size of the flyer, whether it\u2019s single- or double-sided, the uniqueness of the design concept, the need for stock images, and the amount of text content to be included. It also matters whether you only need the design, or if <strong>flyer creation<\/strong> and <strong>flyer printing<\/strong> are part of the project.<br><br>At <strong>Aha Marketing<\/strong>, we tailor every project to your needs. We provide a detailed quote after understanding your requirements \u2013 and we help you find the best value for your budget.<\/p>\n\n\n\n<h2 class=\"wp-block-heading has-text-color has-link-color wp-elements-d42d61c479bd96b89caadafc7f0ac166\" style=\"color:#4e596b;font-size:30px\">What makes a good flyer?<\/h2>\n\n\n\n<p class=\"has-text-color has-link-color wp-elements-45637b11036d7584f9d4081545f85006\" style=\"color:#4e596b;font-size:25px;font-style:normal;font-weight:400;letter-spacing:1px;line-height:1.6\">A good flyer is instantly understandable, visually appealing, and action-oriented. A <strong>creative flyer<\/strong> doesn\u2019t need to be complicated \u2013 but it should never be generic. It includes a strong headline, a clear message, and a compelling <strong>CTA (call to action)<\/strong> like:<br>&#8222;Visit us today!&#8221;<br>&#8222;Use your coupon code!&#8221;<br>&#8222;Call now!&#8221;<br><br>It speaks the language of your target audience and takes into account where and how it will be received \u2013 handed out on the street, delivered to mailboxes, or distributed at events? We consider every detail during the design process so your flyer won\u2019t end up in the trash, but instead drives real results.<br><br><strong>Flyer creation<\/strong> is not just a graphic design task \u2013 it\u2019s a strategic marketing tool that allows you to speak directly to your audience. If you\u2019re looking for materials that are not only beautiful but truly effective, choose the <strong>Aha Marketing<\/strong> team!<\/p>\n<\/div>\n<\/div><\/div>\n","protected":false},"excerpt":{"rendered":"<p>Flyer design and flyer creation are still among the most effective offline marketing tools \u2013 if done right. A well-designed [&hellip;]<\/p>\n","protected":false},"author":1,"featured_media":0,"parent":0,"menu_order":0,"comment_status":"closed","ping_status":"closed","template":"","meta":{"_uag_custom_page_level_css":"","site-sidebar-layout":"default","site-content-layout":"","ast-site-content-layout":"","site-content-style":"default","site-sidebar-style":"default","ast-global-header-display":"","ast-banner-title-visibility":"","ast-main-header-display":"","ast-hfb-above-header-display":"","ast-hfb-below-header-display":"","ast-hfb-mobile-header-display":"","site-post-title":"disabled","ast-breadcrumbs-content":"","ast-featured-img":"","footer-sml-layout":"","theme-transparent-header-meta":"","adv-header-id-meta":"","stick-header-meta":"","header-above-stick-meta":"","header-main-stick-meta":"","header-below-stick-meta":"","astra-migrate-meta-layouts":"default","ast-page-background-enabled":"default","ast-page-background-meta":{"desktop":{"background-color":"var(--ast-global-color-4)","background-image":"","background-repeat":"repeat","background-position":"center center","background-size":"auto","background-attachment":"scroll","background-type":"","background-media":"","overlay-type":"","overlay-color":"","overlay-gradient":""},"tablet":{"background-color":"","background-image":"","background-repeat":"repeat","background-position":"center center","background-size":"auto","background-attachment":"scroll","background-type":"","background-media":"","overlay-type":"","overlay-color":"","overlay-gradient":""},"mobile":{"background-color":"","background-image":"","background-repeat":"repeat","background-position":"center center","background-size":"auto","background-attachment":"scroll","background-type":"","background-media":"","overlay-type":"","overlay-color":"","overlay-gradient":""}},"ast-content-background-meta":{"desktop":{"background-color":"var(--ast-global-color-5)","background-image":"","background-repeat":"repeat","background-position":"center center","background-size":"auto","background-attachment":"scroll","background-type":"","background-media":"","overlay-type":"","overlay-color":"","overlay-gradient":""},"tablet":{"background-color":"var(--ast-global-color-5)","background-image":"","background-repeat":"repeat","background-position":"center center","background-size":"auto","background-attachment":"scroll","background-type":"","background-media":"","overlay-type":"","overlay-color":"","overlay-gradient":""},"mobile":{"background-color":"var(--ast-global-color-5)","background-image":"","background-repeat":"repeat","background-position":"center center","background-size":"auto","background-attachment":"scroll","background-type":"","background-media":"","overlay-type":"","overlay-color":"","overlay-gradient":""}},"footnotes":""},"class_list":["post-1387","page","type-page","status-publish","hentry"],"yoast_head":"<!-- This site is optimized with the Yoast SEO plugin v22.5 - https:\/\/yoast.com\/wordpress\/plugins\/seo\/ -->\n<title>Flyer design &amp; production - Aha Marketing<\/title>\n<meta name=\"description\" content=\"Professional flyer design with full printing services \u2014 tailored even for SMEs! \u2714 Dedicated project manager \u2714 Experienced experts \u2714 Corporate-level professionalism \u2714 Get in touch!\" \/>\n<meta name=\"robots\" content=\"index, follow, max-snippet:-1, max-image-preview:large, max-video-preview:-1\" \/>\n<link rel=\"canonical\" href=\"https:\/\/ahamarketing.hu\/en\/flyer-design-production\/\" \/>\n<meta property=\"og:locale\" content=\"hu_HU\" \/>\n<meta property=\"og:type\" content=\"article\" \/>\n<meta property=\"og:title\" content=\"Flyer design &amp; production - Aha Marketing\" \/>\n<meta property=\"og:description\" content=\"Professional flyer design with full printing services \u2014 tailored even for SMEs! \u2714 Dedicated project manager \u2714 Experienced experts \u2714 Corporate-level professionalism \u2714 Get in touch!\" \/>\n<meta property=\"og:url\" content=\"https:\/\/ahamarketing.hu\/en\/flyer-design-production\/\" \/>\n<meta property=\"og:site_name\" content=\"AhaMarketing\" \/>\n<meta property=\"article:modified_time\" content=\"2025-08-28T07:35:11+00:00\" \/>\n<meta property=\"og:image\" content=\"https:\/\/ahamarketing.hu\/en\/wp-content\/uploads\/2025\/08\/szorolap-tervezes-szorolap-keszites.png\" \/>\n<meta name=\"twitter:card\" content=\"summary_large_image\" \/>\n<meta name=\"twitter:label1\" content=\"Becs\u00fclt olvas\u00e1si id\u0151\" \/>\n\t<meta name=\"twitter:data1\" content=\"3 perc\" \/>\n<script type=\"application\/ld+json\" class=\"yoast-schema-graph\">{\"@context\":\"https:\/\/schema.org\",\"@graph\":[{\"@type\":\"WebPage\",\"@id\":\"https:\/\/ahamarketing.hu\/en\/flyer-design-production\/\",\"url\":\"https:\/\/ahamarketing.hu\/en\/flyer-design-production\/\",\"name\":\"Flyer design & production - Aha Marketing\",\"isPartOf\":{\"@id\":\"https:\/\/ahamarketing.hu\/en\/#website\"},\"primaryImageOfPage\":{\"@id\":\"https:\/\/ahamarketing.hu\/en\/flyer-design-production\/#primaryimage\"},\"image\":{\"@id\":\"https:\/\/ahamarketing.hu\/en\/flyer-design-production\/#primaryimage\"},\"thumbnailUrl\":\"https:\/\/ahamarketing.hu\/en\/wp-content\/uploads\/2025\/08\/szorolap-tervezes-szorolap-keszites.png\",\"datePublished\":\"2025-08-28T07:35:09+00:00\",\"dateModified\":\"2025-08-28T07:35:11+00:00\",\"description\":\"Professional flyer design with full printing services \u2014 tailored even for SMEs! \u2714 Dedicated project manager \u2714 Experienced experts \u2714 Corporate-level professionalism \u2714 Get in touch!\",\"breadcrumb\":{\"@id\":\"https:\/\/ahamarketing.hu\/en\/flyer-design-production\/#breadcrumb\"},\"inLanguage\":\"hu\",\"potentialAction\":[{\"@type\":\"ReadAction\",\"target\":[\"https:\/\/ahamarketing.hu\/en\/flyer-design-production\/\"]}]},{\"@type\":\"ImageObject\",\"inLanguage\":\"hu\",\"@id\":\"https:\/\/ahamarketing.hu\/en\/flyer-design-production\/#primaryimage\",\"url\":\"https:\/\/ahamarketing.hu\/en\/wp-content\/uploads\/2025\/08\/szorolap-tervezes-szorolap-keszites.png\",\"contentUrl\":\"https:\/\/ahamarketing.hu\/en\/wp-content\/uploads\/2025\/08\/szorolap-tervezes-szorolap-keszites.png\",\"width\":1920,\"height\":700},{\"@type\":\"BreadcrumbList\",\"@id\":\"https:\/\/ahamarketing.hu\/en\/flyer-design-production\/#breadcrumb\",\"itemListElement\":[{\"@type\":\"ListItem\",\"position\":1,\"name\":\"Kezd\u0151lap\",\"item\":\"https:\/\/ahamarketing.hu\/en\/\"},{\"@type\":\"ListItem\",\"position\":2,\"name\":\"Flyer design\"}]},{\"@type\":\"WebSite\",\"@id\":\"https:\/\/ahamarketing.hu\/en\/#website\",\"url\":\"https:\/\/ahamarketing.hu\/en\/\",\"name\":\"AhaMarketing\",\"description\":\"\",\"publisher\":{\"@id\":\"https:\/\/ahamarketing.hu\/en\/#organization\"},\"potentialAction\":[{\"@type\":\"SearchAction\",\"target\":{\"@type\":\"EntryPoint\",\"urlTemplate\":\"https:\/\/ahamarketing.hu\/en\/?s={search_term_string}\"},\"query-input\":\"required name=search_term_string\"}],\"inLanguage\":\"hu\"},{\"@type\":\"Organization\",\"@id\":\"https:\/\/ahamarketing.hu\/en\/#organization\",\"name\":\"AhaMarketing\",\"url\":\"https:\/\/ahamarketing.hu\/en\/\",\"logo\":{\"@type\":\"ImageObject\",\"inLanguage\":\"hu\",\"@id\":\"https:\/\/ahamarketing.hu\/en\/#\/schema\/logo\/image\/\",\"url\":\"https:\/\/ahamarketing.hu\/en\/wp-content\/uploads\/2024\/04\/aha-marketing-studio-logo.png\",\"contentUrl\":\"https:\/\/ahamarketing.hu\/en\/wp-content\/uploads\/2024\/04\/aha-marketing-studio-logo.png\",\"width\":259,\"height\":139,\"caption\":\"AhaMarketing\"},\"image\":{\"@id\":\"https:\/\/ahamarketing.hu\/en\/#\/schema\/logo\/image\/\"}}]}<\/script>\n<!-- \/ Yoast SEO plugin. -->","yoast_head_json":{"title":"Flyer design & production - Aha Marketing","description":"Professional flyer design with full printing services \u2014 tailored even for SMEs! \u2714 Dedicated project manager \u2714 Experienced experts \u2714 Corporate-level professionalism \u2714 Get in touch!","robots":{"index":"index","follow":"follow","max-snippet":"max-snippet:-1","max-image-preview":"max-image-preview:large","max-video-preview":"max-video-preview:-1"},"canonical":"https:\/\/ahamarketing.hu\/en\/flyer-design-production\/","og_locale":"hu_HU","og_type":"article","og_title":"Flyer design & production - Aha Marketing","og_description":"Professional flyer design with full printing services \u2014 tailored even for SMEs! \u2714 Dedicated project manager \u2714 Experienced experts \u2714 Corporate-level professionalism \u2714 Get in touch!","og_url":"https:\/\/ahamarketing.hu\/en\/flyer-design-production\/","og_site_name":"AhaMarketing","article_modified_time":"2025-08-28T07:35:11+00:00","og_image":[{"url":"https:\/\/ahamarketing.hu\/en\/wp-content\/uploads\/2025\/08\/szorolap-tervezes-szorolap-keszites.png"}],"twitter_card":"summary_large_image","twitter_misc":{"Becs\u00fclt olvas\u00e1si id\u0151":"3 perc"},"schema":{"@context":"https:\/\/schema.org","@graph":[{"@type":"WebPage","@id":"https:\/\/ahamarketing.hu\/en\/flyer-design-production\/","url":"https:\/\/ahamarketing.hu\/en\/flyer-design-production\/","name":"Flyer design & production - Aha Marketing","isPartOf":{"@id":"https:\/\/ahamarketing.hu\/en\/#website"},"primaryImageOfPage":{"@id":"https:\/\/ahamarketing.hu\/en\/flyer-design-production\/#primaryimage"},"image":{"@id":"https:\/\/ahamarketing.hu\/en\/flyer-design-production\/#primaryimage"},"thumbnailUrl":"https:\/\/ahamarketing.hu\/en\/wp-content\/uploads\/2025\/08\/szorolap-tervezes-szorolap-keszites.png","datePublished":"2025-08-28T07:35:09+00:00","dateModified":"2025-08-28T07:35:11+00:00","description":"Professional flyer design with full printing services \u2014 tailored even for SMEs! \u2714 Dedicated project manager \u2714 Experienced experts \u2714 Corporate-level professionalism \u2714 Get in touch!","breadcrumb":{"@id":"https:\/\/ahamarketing.hu\/en\/flyer-design-production\/#breadcrumb"},"inLanguage":"hu","potentialAction":[{"@type":"ReadAction","target":["https:\/\/ahamarketing.hu\/en\/flyer-design-production\/"]}]},{"@type":"ImageObject","inLanguage":"hu","@id":"https:\/\/ahamarketing.hu\/en\/flyer-design-production\/#primaryimage","url":"https:\/\/ahamarketing.hu\/en\/wp-content\/uploads\/2025\/08\/szorolap-tervezes-szorolap-keszites.png","contentUrl":"https:\/\/ahamarketing.hu\/en\/wp-content\/uploads\/2025\/08\/szorolap-tervezes-szorolap-keszites.png","width":1920,"height":700},{"@type":"BreadcrumbList","@id":"https:\/\/ahamarketing.hu\/en\/flyer-design-production\/#breadcrumb","itemListElement":[{"@type":"ListItem","position":1,"name":"Kezd\u0151lap","item":"https:\/\/ahamarketing.hu\/en\/"},{"@type":"ListItem","position":2,"name":"Flyer design"}]},{"@type":"WebSite","@id":"https:\/\/ahamarketing.hu\/en\/#website","url":"https:\/\/ahamarketing.hu\/en\/","name":"AhaMarketing","description":"","publisher":{"@id":"https:\/\/ahamarketing.hu\/en\/#organization"},"potentialAction":[{"@type":"SearchAction","target":{"@type":"EntryPoint","urlTemplate":"https:\/\/ahamarketing.hu\/en\/?s={search_term_string}"},"query-input":"required name=search_term_string"}],"inLanguage":"hu"},{"@type":"Organization","@id":"https:\/\/ahamarketing.hu\/en\/#organization","name":"AhaMarketing","url":"https:\/\/ahamarketing.hu\/en\/","logo":{"@type":"ImageObject","inLanguage":"hu","@id":"https:\/\/ahamarketing.hu\/en\/#\/schema\/logo\/image\/","url":"https:\/\/ahamarketing.hu\/en\/wp-content\/uploads\/2024\/04\/aha-marketing-studio-logo.png","contentUrl":"https:\/\/ahamarketing.hu\/en\/wp-content\/uploads\/2024\/04\/aha-marketing-studio-logo.png","width":259,"height":139,"caption":"AhaMarketing"},"image":{"@id":"https:\/\/ahamarketing.hu\/en\/#\/schema\/logo\/image\/"}}]}},"uagb_featured_image_src":{"full":false,"thumbnail":false,"medium":false,"medium_large":false,"large":false,"1536x1536":false,"2048x2048":false},"uagb_author_info":{"display_name":"wp-admin","author_link":"https:\/\/ahamarketing.hu\/en\/author\/wp-admin\/"},"uagb_comment_info":0,"uagb_excerpt":"Flyer design and flyer creation are still among the most effective offline marketing tools \u2013 if done right. A well-designed [&hellip;]","_links":{"self":[{"href":"https:\/\/ahamarketing.hu\/en\/wp-json\/wp\/v2\/pages\/1387","targetHints":{"allow":["GET"]}}],"collection":[{"href":"https:\/\/ahamarketing.hu\/en\/wp-json\/wp\/v2\/pages"}],"about":[{"href":"https:\/\/ahamarketing.hu\/en\/wp-json\/wp\/v2\/types\/page"}],"author":[{"embeddable":true,"href":"https:\/\/ahamarketing.hu\/en\/wp-json\/wp\/v2\/users\/1"}],"replies":[{"embeddable":true,"href":"https:\/\/ahamarketing.hu\/en\/wp-json\/wp\/v2\/comments?post=1387"}],"version-history":[{"count":12,"href":"https:\/\/ahamarketing.hu\/en\/wp-json\/wp\/v2\/pages\/1387\/revisions"}],"predecessor-version":[{"id":1408,"href":"https:\/\/ahamarketing.hu\/en\/wp-json\/wp\/v2\/pages\/1387\/revisions\/1408"}],"wp:attachment":[{"href":"https:\/\/ahamarketing.hu\/en\/wp-json\/wp\/v2\/media?parent=1387"}],"curies":[{"name":"wp","href":"https:\/\/api.w.org\/{rel}","templated":true}]}}