{"id":1334,"date":"2025-08-18T11:39:59","date_gmt":"2025-08-18T09:39:59","guid":{"rendered":"https:\/\/ahamarketing.hu\/en\/?page_id=1334"},"modified":"2025-08-18T11:40:01","modified_gmt":"2025-08-18T09:40:01","slug":"marketing-copywriting","status":"publish","type":"page","link":"https:\/\/ahamarketing.hu\/en\/marketing-copywriting\/","title":{"rendered":"Marketing copywriting"},"content":{"rendered":"\n<div class=\"wp-block-uagb-container uagb-block-81f09a13 alignfull uagb-is-root-container\"><div class=\"uagb-container-inner-blocks-wrap\">\n<div class=\"wp-block-uagb-container uag-hide-mob uagb-block-e675fc2c\">\n<div class=\"wp-block-uagb-image uagb-block-6ddc59f0 wp-block-uagb-image--layout-default wp-block-uagb-image--effect-static wp-block-uagb-image--align-none\"><figure class=\"wp-block-uagb-image__figure\"><img decoding=\"async\" srcset=\"https:\/\/ahamarketing.hu\/en\/wp-content\/uploads\/2025\/08\/marketing-szovegiras-aha-marketing.png ,https:\/\/ahamarketing.hu\/en\/wp-content\/uploads\/2025\/08\/marketing-szovegiras-aha-marketing.png 780w, https:\/\/ahamarketing.hu\/en\/wp-content\/uploads\/2025\/08\/marketing-szovegiras-aha-marketing.png 360w\" sizes=\"auto, (max-width: 480px) 150px\" src=\"https:\/\/ahamarketing.hu\/en\/wp-content\/uploads\/2025\/08\/marketing-szovegiras-aha-marketing.png\" alt=\"\" class=\"uag-image-1332\" width=\"1920\" height=\"700\" title=\"marketing-szovegiras-aha-marketing\" loading=\"lazy\" role=\"img\"\/><\/figure><\/div>\n<\/div>\n\n\n\n<div class=\"wp-block-uagb-container uag-hide-desktop uag-hide-tab uagb-block-10ba0b92\">\n<div class=\"wp-block-uagb-image uagb-block-9a50c6b0 wp-block-uagb-image--layout-default wp-block-uagb-image--effect-static wp-block-uagb-image--align-none\"><figure class=\"wp-block-uagb-image__figure\"><img decoding=\"async\" srcset=\"https:\/\/ahamarketing.hu\/en\/wp-content\/uploads\/2025\/08\/marketing-szovegiras-aha-marketing_.png ,https:\/\/ahamarketing.hu\/en\/wp-content\/uploads\/2025\/08\/marketing-szovegiras-aha-marketing_.png 780w, https:\/\/ahamarketing.hu\/en\/wp-content\/uploads\/2025\/08\/marketing-szovegiras-aha-marketing_.png 360w\" sizes=\"auto, (max-width: 480px) 150px\" src=\"https:\/\/ahamarketing.hu\/en\/wp-content\/uploads\/2025\/08\/marketing-szovegiras-aha-marketing_.png\" alt=\"\" class=\"uag-image-1323\" width=\"540\" height=\"340\" title=\"marketing-szovegiras-aha-marketing_\" loading=\"lazy\" role=\"img\"\/><\/figure><\/div>\n<\/div>\n\n\n\n<div class=\"wp-block-uagb-container uagb-block-50fbf2b4\">\n<div class=\"wp-block-uagb-info-box uagb-block-d9c6d626 uagb-infobox__content-wrap  uagb-infobox-icon-above-title uagb-infobox-image-valign-top\"><div class=\"uagb-ifb-content\"><div class=\"uagb-ifb-title-wrap\"><h3 class=\"uagb-ifb-title\">Marketing Copywriting \u2013 Conversion-driven content<\/h3><\/div><\/div><\/div>\n<\/div>\n\n\n\n<div class=\"wp-block-uagb-container uag-hide-mob uagb-block-4585ece4\">\n<p class=\"has-text-color has-link-color wp-elements-8bdbbc791e8342e4835526959e7999c2\" style=\"color:#4e596b;font-size:25px;font-style:normal;font-weight:400;letter-spacing:1px;line-height:1.6\"><strong>Marketing copywriting<\/strong> requires more than just creativity \u2013 it demands strategic thinking. In the online space, it takes only seconds to determine whether a visitor becomes a customer\u2026 or keeps scrolling. Great copy doesn\u2019t just inform \u2013 it <strong>evokes emotion, sells<\/strong>, and <strong>guides<\/strong>. At <strong>Aha Marketing<\/strong>, our team of experienced <strong>marketing copywriters<\/strong> ensures that your content is not only beautiful, but also powerfully effective.<br><br>A piece of writing may be stylish, grammatically flawless, and informative \u2013 but if it doesn\u2019t inspire action, it misses its purpose.<br><br><strong>Marketing copywriting<\/strong> is effective when it speaks directly to your audience, dissolves their doubts, and motivates them to act. Whether it\u2019s a <strong>website, advertisement, newsletter,<\/strong> or <strong>campaign copy<\/strong>, we know how to turn <strong>words into conversions<\/strong>.<br><br>We apply proven techniques that grab the reader\u2019s attention in the very first lines and guide them toward a purchasing decision \u2013 all in your brand voice, tailored to your target audience.<br><br>In our work, we focus not just on how your copy looks, but what it <strong>does.<\/strong><\/p>\n\n\n\n<h2 class=\"wp-block-heading has-text-color has-link-color wp-elements-aeef8513b11d6ba23ced3e3617a251a5\" style=\"color:#4e596b;font-size:30px\">Marketing Copywriting Pricing<\/h2>\n\n\n\n<p class=\"has-text-color has-link-color wp-elements-e36607f42ca9007912f5ba4be54e7f7f\" style=\"color:#4e596b;font-size:25px;font-style:normal;font-weight:400;letter-spacing:1px;line-height:1.6\"><strong>Marketing copywriting prices<\/strong> depend on the <strong>complexity<\/strong>, <strong>length<\/strong>, and <strong>type of platform<\/strong>. A short ad copy and a full website copy require different approaches and resources. Contact us for a <strong>custom quote<\/strong>, and we\u2019ll help you find the best value-for-money solution tailored to your goals.<\/p>\n\n\n\n<h2 class=\"wp-block-heading has-text-color has-link-color wp-elements-86fbf406395225dff8c5e1438f102dc1\" style=\"color:#4e596b;font-size:30px\">What makes great marketing copy?<\/h2>\n\n\n\n<p class=\"has-text-color has-link-color wp-elements-7b11b4b82e38fa6494fc8524df22f2d0\" style=\"color:#4e596b;font-size:25px;font-style:normal;font-weight:400;letter-spacing:1px;line-height:1.6\">So, what exactly is <strong>great marketing copy<\/strong>? It\u2019s writing that grabs attention in the first moment, communicates value in the second, and drives action in the third. Good copy isn\u2019t overcomplicated \u2013 nor is it generic. It speaks the <strong>language<\/strong> of <strong>your audience<\/strong> and knows exactly what it\u2019s aiming to achieve.<\/p>\n<\/div>\n<\/div><\/div>\n","protected":false},"excerpt":{"rendered":"<p>Marketing copywriting requires more than just creativity \u2013 it demands strategic thinking. In the online space, it takes only seconds [&hellip;]<\/p>\n","protected":false},"author":1,"featured_media":0,"parent":0,"menu_order":0,"comment_status":"closed","ping_status":"closed","template":"","meta":{"_uag_custom_page_level_css":"","site-sidebar-layout":"default","site-content-layout":"","ast-site-content-layout":"","site-content-style":"default","site-sidebar-style":"default","ast-global-header-display":"","ast-banner-title-visibility":"","ast-main-header-display":"","ast-hfb-above-header-display":"","ast-hfb-below-header-display":"","ast-hfb-mobile-header-display":"","site-post-title":"disabled","ast-breadcrumbs-content":"","ast-featured-img":"","footer-sml-layout":"","theme-transparent-header-meta":"","adv-header-id-meta":"","stick-header-meta":"","header-above-stick-meta":"","header-main-stick-meta":"","header-below-stick-meta":"","astra-migrate-meta-layouts":"default","ast-page-background-enabled":"default","ast-page-background-meta":{"desktop":{"background-color":"var(--ast-global-color-4)","background-image":"","background-repeat":"repeat","background-position":"center center","background-size":"auto","background-attachment":"scroll","background-type":"","background-media":"","overlay-type":"","overlay-color":"","overlay-gradient":""},"tablet":{"background-color":"","background-image":"","background-repeat":"repeat","background-position":"center center","background-size":"auto","background-attachment":"scroll","background-type":"","background-media":"","overlay-type":"","overlay-color":"","overlay-gradient":""},"mobile":{"background-color":"","background-image":"","background-repeat":"repeat","background-position":"center center","background-size":"auto","background-attachment":"scroll","background-type":"","background-media":"","overlay-type":"","overlay-color":"","overlay-gradient":""}},"ast-content-background-meta":{"desktop":{"background-color":"var(--ast-global-color-5)","background-image":"","background-repeat":"repeat","background-position":"center center","background-size":"auto","background-attachment":"scroll","background-type":"","background-media":"","overlay-type":"","overlay-color":"","overlay-gradient":""},"tablet":{"background-color":"var(--ast-global-color-5)","background-image":"","background-repeat":"repeat","background-position":"center center","background-size":"auto","background-attachment":"scroll","background-type":"","background-media":"","overlay-type":"","overlay-color":"","overlay-gradient":""},"mobile":{"background-color":"var(--ast-global-color-5)","background-image":"","background-repeat":"repeat","background-position":"center center","background-size":"auto","background-attachment":"scroll","background-type":"","background-media":"","overlay-type":"","overlay-color":"","overlay-gradient":""}},"footnotes":""},"class_list":["post-1334","page","type-page","status-publish","hentry"],"yoast_head":"<!-- This site is optimized with the Yoast SEO plugin v22.5 - https:\/\/yoast.com\/wordpress\/plugins\/seo\/ -->\n<title>Marketing Copywriting \u2013 Conversion Content - Aha Marketing<\/title>\n<meta name=\"description\" content=\"Creative, impactful marketing copywriting from professional writers, starting from small businesses. Dedicated project manager \u2714 Experienced copywriters \u2714 Corporate-level professionalism \u2714 Get in touch!\" \/>\n<meta name=\"robots\" content=\"index, follow, max-snippet:-1, max-image-preview:large, max-video-preview:-1\" \/>\n<link rel=\"canonical\" href=\"https:\/\/ahamarketing.hu\/en\/marketing-copywriting\/\" \/>\n<meta property=\"og:locale\" content=\"hu_HU\" \/>\n<meta property=\"og:type\" content=\"article\" \/>\n<meta property=\"og:title\" content=\"Marketing Copywriting \u2013 Conversion Content - Aha Marketing\" \/>\n<meta property=\"og:description\" content=\"Creative, impactful marketing copywriting from professional writers, starting from small businesses. Dedicated project manager \u2714 Experienced copywriters \u2714 Corporate-level professionalism \u2714 Get in touch!\" \/>\n<meta property=\"og:url\" content=\"https:\/\/ahamarketing.hu\/en\/marketing-copywriting\/\" \/>\n<meta property=\"og:site_name\" content=\"AhaMarketing\" \/>\n<meta property=\"article:modified_time\" content=\"2025-08-18T09:40:01+00:00\" \/>\n<meta property=\"og:image\" content=\"https:\/\/ahamarketing.hu\/en\/wp-content\/uploads\/2025\/08\/marketing-szovegiras-aha-marketing.png\" \/>\n<meta name=\"twitter:card\" content=\"summary_large_image\" \/>\n<meta name=\"twitter:label1\" content=\"Becs\u00fclt olvas\u00e1si id\u0151\" \/>\n\t<meta name=\"twitter:data1\" content=\"2 perc\" \/>\n<script type=\"application\/ld+json\" class=\"yoast-schema-graph\">{\"@context\":\"https:\/\/schema.org\",\"@graph\":[{\"@type\":\"WebPage\",\"@id\":\"https:\/\/ahamarketing.hu\/en\/marketing-copywriting\/\",\"url\":\"https:\/\/ahamarketing.hu\/en\/marketing-copywriting\/\",\"name\":\"Marketing Copywriting \u2013 Conversion Content - Aha Marketing\",\"isPartOf\":{\"@id\":\"https:\/\/ahamarketing.hu\/en\/#website\"},\"primaryImageOfPage\":{\"@id\":\"https:\/\/ahamarketing.hu\/en\/marketing-copywriting\/#primaryimage\"},\"image\":{\"@id\":\"https:\/\/ahamarketing.hu\/en\/marketing-copywriting\/#primaryimage\"},\"thumbnailUrl\":\"https:\/\/ahamarketing.hu\/en\/wp-content\/uploads\/2025\/08\/marketing-szovegiras-aha-marketing.png\",\"datePublished\":\"2025-08-18T09:39:59+00:00\",\"dateModified\":\"2025-08-18T09:40:01+00:00\",\"description\":\"Creative, impactful marketing copywriting from professional writers, starting from small businesses. Dedicated project manager \u2714 Experienced copywriters \u2714 Corporate-level professionalism \u2714 Get in touch!\",\"breadcrumb\":{\"@id\":\"https:\/\/ahamarketing.hu\/en\/marketing-copywriting\/#breadcrumb\"},\"inLanguage\":\"hu\",\"potentialAction\":[{\"@type\":\"ReadAction\",\"target\":[\"https:\/\/ahamarketing.hu\/en\/marketing-copywriting\/\"]}]},{\"@type\":\"ImageObject\",\"inLanguage\":\"hu\",\"@id\":\"https:\/\/ahamarketing.hu\/en\/marketing-copywriting\/#primaryimage\",\"url\":\"https:\/\/ahamarketing.hu\/en\/wp-content\/uploads\/2025\/08\/marketing-szovegiras-aha-marketing.png\",\"contentUrl\":\"https:\/\/ahamarketing.hu\/en\/wp-content\/uploads\/2025\/08\/marketing-szovegiras-aha-marketing.png\",\"width\":1920,\"height\":700},{\"@type\":\"BreadcrumbList\",\"@id\":\"https:\/\/ahamarketing.hu\/en\/marketing-copywriting\/#breadcrumb\",\"itemListElement\":[{\"@type\":\"ListItem\",\"position\":1,\"name\":\"Kezd\u0151lap\",\"item\":\"https:\/\/ahamarketing.hu\/en\/\"},{\"@type\":\"ListItem\",\"position\":2,\"name\":\"Marketing copywriting\"}]},{\"@type\":\"WebSite\",\"@id\":\"https:\/\/ahamarketing.hu\/en\/#website\",\"url\":\"https:\/\/ahamarketing.hu\/en\/\",\"name\":\"AhaMarketing\",\"description\":\"\",\"publisher\":{\"@id\":\"https:\/\/ahamarketing.hu\/en\/#organization\"},\"potentialAction\":[{\"@type\":\"SearchAction\",\"target\":{\"@type\":\"EntryPoint\",\"urlTemplate\":\"https:\/\/ahamarketing.hu\/en\/?s={search_term_string}\"},\"query-input\":\"required name=search_term_string\"}],\"inLanguage\":\"hu\"},{\"@type\":\"Organization\",\"@id\":\"https:\/\/ahamarketing.hu\/en\/#organization\",\"name\":\"AhaMarketing\",\"url\":\"https:\/\/ahamarketing.hu\/en\/\",\"logo\":{\"@type\":\"ImageObject\",\"inLanguage\":\"hu\",\"@id\":\"https:\/\/ahamarketing.hu\/en\/#\/schema\/logo\/image\/\",\"url\":\"https:\/\/ahamarketing.hu\/en\/wp-content\/uploads\/2024\/04\/aha-marketing-studio-logo.png\",\"contentUrl\":\"https:\/\/ahamarketing.hu\/en\/wp-content\/uploads\/2024\/04\/aha-marketing-studio-logo.png\",\"width\":259,\"height\":139,\"caption\":\"AhaMarketing\"},\"image\":{\"@id\":\"https:\/\/ahamarketing.hu\/en\/#\/schema\/logo\/image\/\"}}]}<\/script>\n<!-- \/ Yoast SEO plugin. -->","yoast_head_json":{"title":"Marketing Copywriting \u2013 Conversion Content - Aha Marketing","description":"Creative, impactful marketing copywriting from professional writers, starting from small businesses. Dedicated project manager \u2714 Experienced copywriters \u2714 Corporate-level professionalism \u2714 Get in touch!","robots":{"index":"index","follow":"follow","max-snippet":"max-snippet:-1","max-image-preview":"max-image-preview:large","max-video-preview":"max-video-preview:-1"},"canonical":"https:\/\/ahamarketing.hu\/en\/marketing-copywriting\/","og_locale":"hu_HU","og_type":"article","og_title":"Marketing Copywriting \u2013 Conversion Content - Aha Marketing","og_description":"Creative, impactful marketing copywriting from professional writers, starting from small businesses. Dedicated project manager \u2714 Experienced copywriters \u2714 Corporate-level professionalism \u2714 Get in touch!","og_url":"https:\/\/ahamarketing.hu\/en\/marketing-copywriting\/","og_site_name":"AhaMarketing","article_modified_time":"2025-08-18T09:40:01+00:00","og_image":[{"url":"https:\/\/ahamarketing.hu\/en\/wp-content\/uploads\/2025\/08\/marketing-szovegiras-aha-marketing.png"}],"twitter_card":"summary_large_image","twitter_misc":{"Becs\u00fclt olvas\u00e1si id\u0151":"2 perc"},"schema":{"@context":"https:\/\/schema.org","@graph":[{"@type":"WebPage","@id":"https:\/\/ahamarketing.hu\/en\/marketing-copywriting\/","url":"https:\/\/ahamarketing.hu\/en\/marketing-copywriting\/","name":"Marketing Copywriting \u2013 Conversion Content - Aha Marketing","isPartOf":{"@id":"https:\/\/ahamarketing.hu\/en\/#website"},"primaryImageOfPage":{"@id":"https:\/\/ahamarketing.hu\/en\/marketing-copywriting\/#primaryimage"},"image":{"@id":"https:\/\/ahamarketing.hu\/en\/marketing-copywriting\/#primaryimage"},"thumbnailUrl":"https:\/\/ahamarketing.hu\/en\/wp-content\/uploads\/2025\/08\/marketing-szovegiras-aha-marketing.png","datePublished":"2025-08-18T09:39:59+00:00","dateModified":"2025-08-18T09:40:01+00:00","description":"Creative, impactful marketing copywriting from professional writers, starting from small businesses. Dedicated project manager \u2714 Experienced copywriters \u2714 Corporate-level professionalism \u2714 Get in touch!","breadcrumb":{"@id":"https:\/\/ahamarketing.hu\/en\/marketing-copywriting\/#breadcrumb"},"inLanguage":"hu","potentialAction":[{"@type":"ReadAction","target":["https:\/\/ahamarketing.hu\/en\/marketing-copywriting\/"]}]},{"@type":"ImageObject","inLanguage":"hu","@id":"https:\/\/ahamarketing.hu\/en\/marketing-copywriting\/#primaryimage","url":"https:\/\/ahamarketing.hu\/en\/wp-content\/uploads\/2025\/08\/marketing-szovegiras-aha-marketing.png","contentUrl":"https:\/\/ahamarketing.hu\/en\/wp-content\/uploads\/2025\/08\/marketing-szovegiras-aha-marketing.png","width":1920,"height":700},{"@type":"BreadcrumbList","@id":"https:\/\/ahamarketing.hu\/en\/marketing-copywriting\/#breadcrumb","itemListElement":[{"@type":"ListItem","position":1,"name":"Kezd\u0151lap","item":"https:\/\/ahamarketing.hu\/en\/"},{"@type":"ListItem","position":2,"name":"Marketing copywriting"}]},{"@type":"WebSite","@id":"https:\/\/ahamarketing.hu\/en\/#website","url":"https:\/\/ahamarketing.hu\/en\/","name":"AhaMarketing","description":"","publisher":{"@id":"https:\/\/ahamarketing.hu\/en\/#organization"},"potentialAction":[{"@type":"SearchAction","target":{"@type":"EntryPoint","urlTemplate":"https:\/\/ahamarketing.hu\/en\/?s={search_term_string}"},"query-input":"required name=search_term_string"}],"inLanguage":"hu"},{"@type":"Organization","@id":"https:\/\/ahamarketing.hu\/en\/#organization","name":"AhaMarketing","url":"https:\/\/ahamarketing.hu\/en\/","logo":{"@type":"ImageObject","inLanguage":"hu","@id":"https:\/\/ahamarketing.hu\/en\/#\/schema\/logo\/image\/","url":"https:\/\/ahamarketing.hu\/en\/wp-content\/uploads\/2024\/04\/aha-marketing-studio-logo.png","contentUrl":"https:\/\/ahamarketing.hu\/en\/wp-content\/uploads\/2024\/04\/aha-marketing-studio-logo.png","width":259,"height":139,"caption":"AhaMarketing"},"image":{"@id":"https:\/\/ahamarketing.hu\/en\/#\/schema\/logo\/image\/"}}]}},"uagb_featured_image_src":{"full":false,"thumbnail":false,"medium":false,"medium_large":false,"large":false,"1536x1536":false,"2048x2048":false},"uagb_author_info":{"display_name":"wp-admin","author_link":"https:\/\/ahamarketing.hu\/en\/author\/wp-admin\/"},"uagb_comment_info":0,"uagb_excerpt":"Marketing copywriting requires more than just creativity \u2013 it demands strategic thinking. In the online space, it takes only seconds [&hellip;]","_links":{"self":[{"href":"https:\/\/ahamarketing.hu\/en\/wp-json\/wp\/v2\/pages\/1334","targetHints":{"allow":["GET"]}}],"collection":[{"href":"https:\/\/ahamarketing.hu\/en\/wp-json\/wp\/v2\/pages"}],"about":[{"href":"https:\/\/ahamarketing.hu\/en\/wp-json\/wp\/v2\/types\/page"}],"author":[{"embeddable":true,"href":"https:\/\/ahamarketing.hu\/en\/wp-json\/wp\/v2\/users\/1"}],"replies":[{"embeddable":true,"href":"https:\/\/ahamarketing.hu\/en\/wp-json\/wp\/v2\/comments?post=1334"}],"version-history":[{"count":12,"href":"https:\/\/ahamarketing.hu\/en\/wp-json\/wp\/v2\/pages\/1334\/revisions"}],"predecessor-version":[{"id":1346,"href":"https:\/\/ahamarketing.hu\/en\/wp-json\/wp\/v2\/pages\/1334\/revisions\/1346"}],"wp:attachment":[{"href":"https:\/\/ahamarketing.hu\/en\/wp-json\/wp\/v2\/media?parent=1334"}],"curies":[{"name":"wp","href":"https:\/\/api.w.org\/{rel}","templated":true}]}}