{"id":1320,"date":"2025-08-18T11:39:18","date_gmt":"2025-08-18T09:39:18","guid":{"rendered":"https:\/\/ahamarketing.hu\/en\/?page_id=1320"},"modified":"2025-08-18T11:39:20","modified_gmt":"2025-08-18T09:39:20","slug":"brand-design","status":"publish","type":"page","link":"https:\/\/ahamarketing.hu\/en\/brand-design\/","title":{"rendered":"Brand Design"},"content":{"rendered":"\n<div class=\"wp-block-uagb-container uagb-block-81f09a13 alignfull uagb-is-root-container\"><div class=\"uagb-container-inner-blocks-wrap\">\n<div class=\"wp-block-uagb-container uag-hide-mob uagb-block-e675fc2c\">\n<div class=\"wp-block-uagb-image uagb-block-6ddc59f0 wp-block-uagb-image--layout-default wp-block-uagb-image--effect-static wp-block-uagb-image--align-none\"><figure class=\"wp-block-uagb-image__figure\"><img decoding=\"async\" srcset=\"https:\/\/ahamarketing.hu\/en\/wp-content\/uploads\/2025\/08\/arculattervezes-aha-marketing.png ,https:\/\/ahamarketing.hu\/en\/wp-content\/uploads\/2025\/08\/arculattervezes-aha-marketing.png 780w, https:\/\/ahamarketing.hu\/en\/wp-content\/uploads\/2025\/08\/arculattervezes-aha-marketing.png 360w\" sizes=\"auto, (max-width: 480px) 150px\" src=\"https:\/\/ahamarketing.hu\/en\/wp-content\/uploads\/2025\/08\/arculattervezes-aha-marketing.png\" alt=\"\" class=\"uag-image-1328\" width=\"1920\" height=\"700\" title=\"arculattervezes-aha-marketing\" loading=\"lazy\" role=\"img\"\/><\/figure><\/div>\n<\/div>\n\n\n\n<div class=\"wp-block-uagb-container uag-hide-desktop uag-hide-tab uagb-block-649d10c8\">\n<div class=\"wp-block-uagb-image uagb-block-930b664a wp-block-uagb-image--layout-default wp-block-uagb-image--effect-static wp-block-uagb-image--align-none\"><figure class=\"wp-block-uagb-image__figure\"><img decoding=\"async\" srcset=\"https:\/\/ahamarketing.hu\/en\/wp-content\/uploads\/2025\/08\/arculattervezes-aha-marketing_.png ,https:\/\/ahamarketing.hu\/en\/wp-content\/uploads\/2025\/08\/arculattervezes-aha-marketing_.png 780w, https:\/\/ahamarketing.hu\/en\/wp-content\/uploads\/2025\/08\/arculattervezes-aha-marketing_.png 360w\" sizes=\"auto, (max-width: 480px) 150px\" src=\"https:\/\/ahamarketing.hu\/en\/wp-content\/uploads\/2025\/08\/arculattervezes-aha-marketing_.png\" alt=\"\" class=\"uag-image-1329\" width=\"540\" height=\"340\" title=\"arculattervezes-aha-marketing_\" loading=\"lazy\" role=\"img\"\/><\/figure><\/div>\n<\/div>\n\n\n\n<div class=\"wp-block-uagb-container uagb-block-50fbf2b4\">\n<div class=\"wp-block-uagb-info-box uagb-block-d9c6d626 uagb-infobox__content-wrap  uagb-infobox-icon-above-title uagb-infobox-image-valign-top\"><div class=\"uagb-ifb-content\"><div class=\"uagb-ifb-title-wrap\"><h3 class=\"uagb-ifb-title\">Brand Identity Design \u2013 Professional brand guidelines<\/h3><\/div><\/div><\/div>\n<\/div>\n\n\n\n<div class=\"wp-block-uagb-container uag-hide-mob uagb-block-4585ece4\">\n<p class=\"has-text-color has-link-color wp-elements-f7c2bde366a009272f19d0c68bed33ee\" style=\"color:#4e596b;font-size:25px;font-style:normal;font-weight:400;letter-spacing:1px;line-height:1.6\"><strong>Brand identity design<\/strong> is much more than creating a logo or selecting a color palette \u2013 it\u2019s the visual language of your business, the way your customers recognize and connect with you in the market. A well-developed corporate identity ensures a consistent appearance across all platforms, strengthens your brand\u2019s credibility, and builds trust with your target audience. At Aha Marketing, we offer comprehensive solutions that deliver not only aesthetic, but also strategically grounded brand identities.<br><br>We don\u2019t just design logos \u2013 our logo and brand identity design service includes a detailed and practical brand guidelines document that helps your brand maintain a consistent and professional impression wherever it appears.<\/p>\n\n\n\n<h2 class=\"wp-block-heading has-text-color has-link-color wp-elements-d1e6e9c4a21ae0102deb4f1b08832878\" style=\"color:#4e596b;font-size:30px\"><strong>Brand identity design pricing<\/strong><\/h2>\n\n\n\n<p class=\"has-text-color has-link-color wp-elements-91280843dc234e9d71116b6e9da6b6bb\" style=\"color:#4e596b;font-size:25px;font-style:normal;font-weight:400;letter-spacing:1px;line-height:1.6\">Brand identity design pricing depends on several factors: the complexity of the visual identity, the number of elements included, and the depth of the project. At Aha Marketing, we provide tailored quotes that align with your business size and goals. Whether you&#8217;re launching a new brand or updating an existing corporate identity, we offer transparent and customized solutions.<\/p>\n\n\n\n<h2 class=\"wp-block-heading has-text-color has-link-color wp-elements-da5a6dd1887dcc95c4da2cb892839d3e\" style=\"color:#4e596b;font-size:30px\"><strong>Steps of brand identity design<\/strong><\/h2>\n\n\n\n<ul style=\"color:#4e596b;font-size:30px\" class=\"wp-block-list has-text-color has-link-color wp-elements-764ba75cb6ca28bbc79c5ee371397266\">\n<li style=\"font-size:25px;line-height:1.6\">Briefing and consultation \u2013 understanding your brand\u2019s values and goals<\/li>\n\n\n\n<li style=\"font-size:25px;line-height:1.6\">Market research and defining visual direction<\/li>\n\n\n\n<li style=\"font-size:25px;line-height:1.6\">Designing core elements: logo, color palette, typography, icons, brand patterns<\/li>\n\n\n\n<li style=\"font-size:25px;line-height:1.6\">Creating the <strong>brand guidelines<\/strong> \u2013 rules and recommendations for consistent application<\/li>\n\n\n\n<li style=\"font-size:25px;line-height:1.6\">Delivery and implementation support<\/li>\n<\/ul>\n\n\n\n<div class=\"wp-block-uagb-container uagb-block-e00bb99c\"><\/div>\n\n\n\n<h2 class=\"wp-block-heading has-text-color has-link-color wp-elements-e42b9362a4b41fe98b124c2401303092\" style=\"color:#4e596b;font-size:30px\">What does brand identity design mean?<\/h2>\n\n\n\n<p class=\"has-text-color has-link-color wp-elements-0957111a975006f46af4aa48b38d31fb\" style=\"color:#4e596b;font-size:25px;font-style:normal;font-weight:400;letter-spacing:1px;line-height:1.6\">So, what exactly is brand identity design? It is the strategic creation of a brand\u2019s visual and communicative appearance \u2013 a system that reflects your company\u2019s personality, positioning, and message. A strong visual identity builds trust, sets you apart from competitors, and supports long-term brand growth.<\/p>\n<\/div>\n<\/div><\/div>\n","protected":false},"excerpt":{"rendered":"<p>Brand identity design is much more than creating a logo or selecting a color palette \u2013 it\u2019s the visual language [&hellip;]<\/p>\n","protected":false},"author":1,"featured_media":0,"parent":0,"menu_order":0,"comment_status":"closed","ping_status":"closed","template":"","meta":{"_uag_custom_page_level_css":"","site-sidebar-layout":"default","site-content-layout":"","ast-site-content-layout":"","site-content-style":"default","site-sidebar-style":"default","ast-global-header-display":"","ast-banner-title-visibility":"","ast-main-header-display":"","ast-hfb-above-header-display":"","ast-hfb-below-header-display":"","ast-hfb-mobile-header-display":"","site-post-title":"disabled","ast-breadcrumbs-content":"","ast-featured-img":"","footer-sml-layout":"","theme-transparent-header-meta":"","adv-header-id-meta":"","stick-header-meta":"","header-above-stick-meta":"","header-main-stick-meta":"","header-below-stick-meta":"","astra-migrate-meta-layouts":"default","ast-page-background-enabled":"default","ast-page-background-meta":{"desktop":{"background-color":"var(--ast-global-color-4)","background-image":"","background-repeat":"repeat","background-position":"center center","background-size":"auto","background-attachment":"scroll","background-type":"","background-media":"","overlay-type":"","overlay-color":"","overlay-gradient":""},"tablet":{"background-color":"","background-image":"","background-repeat":"repeat","background-position":"center center","background-size":"auto","background-attachment":"scroll","background-type":"","background-media":"","overlay-type":"","overlay-color":"","overlay-gradient":""},"mobile":{"background-color":"","background-image":"","background-repeat":"repeat","background-position":"center center","background-size":"auto","background-attachment":"scroll","background-type":"","background-media":"","overlay-type":"","overlay-color":"","overlay-gradient":""}},"ast-content-background-meta":{"desktop":{"background-color":"var(--ast-global-color-5)","background-image":"","background-repeat":"repeat","background-position":"center center","background-size":"auto","background-attachment":"scroll","background-type":"","background-media":"","overlay-type":"","overlay-color":"","overlay-gradient":""},"tablet":{"background-color":"var(--ast-global-color-5)","background-image":"","background-repeat":"repeat","background-position":"center center","background-size":"auto","background-attachment":"scroll","background-type":"","background-media":"","overlay-type":"","overlay-color":"","overlay-gradient":""},"mobile":{"background-color":"var(--ast-global-color-5)","background-image":"","background-repeat":"repeat","background-position":"center center","background-size":"auto","background-attachment":"scroll","background-type":"","background-media":"","overlay-type":"","overlay-color":"","overlay-gradient":""}},"footnotes":""},"class_list":["post-1320","page","type-page","status-publish","hentry"],"yoast_head":"<!-- This site is optimized with the Yoast SEO plugin v22.5 - https:\/\/yoast.com\/wordpress\/plugins\/seo\/ -->\n<title>Brand Design \u2013 Professional Brand Guidelines - Aha Marketing<\/title>\n<meta name=\"description\" content=\"Comprehensive brand design, starting from small businesses. Let&#039;s write your company&#039;s story together! Dedicated project manager \u2714 Experienced designers \u2714 Corporate-level professionalism \u2714\" \/>\n<meta name=\"robots\" content=\"index, follow, max-snippet:-1, max-image-preview:large, max-video-preview:-1\" \/>\n<link rel=\"canonical\" href=\"https:\/\/ahamarketing.hu\/en\/brand-design\/\" \/>\n<meta property=\"og:locale\" content=\"hu_HU\" \/>\n<meta property=\"og:type\" content=\"article\" \/>\n<meta property=\"og:title\" content=\"Brand Design \u2013 Professional Brand Guidelines - Aha Marketing\" \/>\n<meta property=\"og:description\" content=\"Comprehensive brand design, starting from small businesses. Let&#039;s write your company&#039;s story together! Dedicated project manager \u2714 Experienced designers \u2714 Corporate-level professionalism \u2714\" \/>\n<meta property=\"og:url\" content=\"https:\/\/ahamarketing.hu\/en\/brand-design\/\" \/>\n<meta property=\"og:site_name\" content=\"AhaMarketing\" \/>\n<meta property=\"article:modified_time\" content=\"2025-08-18T09:39:20+00:00\" \/>\n<meta property=\"og:image\" content=\"https:\/\/ahamarketing.hu\/en\/wp-content\/uploads\/2025\/08\/arculattervezes-aha-marketing.png\" \/>\n<meta name=\"twitter:card\" content=\"summary_large_image\" \/>\n<meta name=\"twitter:label1\" content=\"Becs\u00fclt olvas\u00e1si id\u0151\" \/>\n\t<meta name=\"twitter:data1\" content=\"2 perc\" \/>\n<script type=\"application\/ld+json\" class=\"yoast-schema-graph\">{\"@context\":\"https:\/\/schema.org\",\"@graph\":[{\"@type\":\"WebPage\",\"@id\":\"https:\/\/ahamarketing.hu\/en\/brand-design\/\",\"url\":\"https:\/\/ahamarketing.hu\/en\/brand-design\/\",\"name\":\"Brand Design \u2013 Professional Brand Guidelines - Aha Marketing\",\"isPartOf\":{\"@id\":\"https:\/\/ahamarketing.hu\/en\/#website\"},\"primaryImageOfPage\":{\"@id\":\"https:\/\/ahamarketing.hu\/en\/brand-design\/#primaryimage\"},\"image\":{\"@id\":\"https:\/\/ahamarketing.hu\/en\/brand-design\/#primaryimage\"},\"thumbnailUrl\":\"https:\/\/ahamarketing.hu\/en\/wp-content\/uploads\/2025\/08\/arculattervezes-aha-marketing.png\",\"datePublished\":\"2025-08-18T09:39:18+00:00\",\"dateModified\":\"2025-08-18T09:39:20+00:00\",\"description\":\"Comprehensive brand design, starting from small businesses. Let's write your company's story together! Dedicated project manager \u2714 Experienced designers \u2714 Corporate-level professionalism \u2714\",\"breadcrumb\":{\"@id\":\"https:\/\/ahamarketing.hu\/en\/brand-design\/#breadcrumb\"},\"inLanguage\":\"hu\",\"potentialAction\":[{\"@type\":\"ReadAction\",\"target\":[\"https:\/\/ahamarketing.hu\/en\/brand-design\/\"]}]},{\"@type\":\"ImageObject\",\"inLanguage\":\"hu\",\"@id\":\"https:\/\/ahamarketing.hu\/en\/brand-design\/#primaryimage\",\"url\":\"https:\/\/ahamarketing.hu\/en\/wp-content\/uploads\/2025\/08\/arculattervezes-aha-marketing.png\",\"contentUrl\":\"https:\/\/ahamarketing.hu\/en\/wp-content\/uploads\/2025\/08\/arculattervezes-aha-marketing.png\",\"width\":1920,\"height\":700},{\"@type\":\"BreadcrumbList\",\"@id\":\"https:\/\/ahamarketing.hu\/en\/brand-design\/#breadcrumb\",\"itemListElement\":[{\"@type\":\"ListItem\",\"position\":1,\"name\":\"Kezd\u0151lap\",\"item\":\"https:\/\/ahamarketing.hu\/en\/\"},{\"@type\":\"ListItem\",\"position\":2,\"name\":\"Brand Design\"}]},{\"@type\":\"WebSite\",\"@id\":\"https:\/\/ahamarketing.hu\/en\/#website\",\"url\":\"https:\/\/ahamarketing.hu\/en\/\",\"name\":\"AhaMarketing\",\"description\":\"\",\"publisher\":{\"@id\":\"https:\/\/ahamarketing.hu\/en\/#organization\"},\"potentialAction\":[{\"@type\":\"SearchAction\",\"target\":{\"@type\":\"EntryPoint\",\"urlTemplate\":\"https:\/\/ahamarketing.hu\/en\/?s={search_term_string}\"},\"query-input\":\"required name=search_term_string\"}],\"inLanguage\":\"hu\"},{\"@type\":\"Organization\",\"@id\":\"https:\/\/ahamarketing.hu\/en\/#organization\",\"name\":\"AhaMarketing\",\"url\":\"https:\/\/ahamarketing.hu\/en\/\",\"logo\":{\"@type\":\"ImageObject\",\"inLanguage\":\"hu\",\"@id\":\"https:\/\/ahamarketing.hu\/en\/#\/schema\/logo\/image\/\",\"url\":\"https:\/\/ahamarketing.hu\/en\/wp-content\/uploads\/2024\/04\/aha-marketing-studio-logo.png\",\"contentUrl\":\"https:\/\/ahamarketing.hu\/en\/wp-content\/uploads\/2024\/04\/aha-marketing-studio-logo.png\",\"width\":259,\"height\":139,\"caption\":\"AhaMarketing\"},\"image\":{\"@id\":\"https:\/\/ahamarketing.hu\/en\/#\/schema\/logo\/image\/\"}}]}<\/script>\n<!-- \/ Yoast SEO plugin. -->","yoast_head_json":{"title":"Brand Design \u2013 Professional Brand Guidelines - Aha Marketing","description":"Comprehensive brand design, starting from small businesses. Let's write your company's story together! Dedicated project manager \u2714 Experienced designers \u2714 Corporate-level professionalism \u2714","robots":{"index":"index","follow":"follow","max-snippet":"max-snippet:-1","max-image-preview":"max-image-preview:large","max-video-preview":"max-video-preview:-1"},"canonical":"https:\/\/ahamarketing.hu\/en\/brand-design\/","og_locale":"hu_HU","og_type":"article","og_title":"Brand Design \u2013 Professional Brand Guidelines - Aha Marketing","og_description":"Comprehensive brand design, starting from small businesses. Let's write your company's story together! Dedicated project manager \u2714 Experienced designers \u2714 Corporate-level professionalism \u2714","og_url":"https:\/\/ahamarketing.hu\/en\/brand-design\/","og_site_name":"AhaMarketing","article_modified_time":"2025-08-18T09:39:20+00:00","og_image":[{"url":"https:\/\/ahamarketing.hu\/en\/wp-content\/uploads\/2025\/08\/arculattervezes-aha-marketing.png"}],"twitter_card":"summary_large_image","twitter_misc":{"Becs\u00fclt olvas\u00e1si id\u0151":"2 perc"},"schema":{"@context":"https:\/\/schema.org","@graph":[{"@type":"WebPage","@id":"https:\/\/ahamarketing.hu\/en\/brand-design\/","url":"https:\/\/ahamarketing.hu\/en\/brand-design\/","name":"Brand Design \u2013 Professional Brand Guidelines - Aha Marketing","isPartOf":{"@id":"https:\/\/ahamarketing.hu\/en\/#website"},"primaryImageOfPage":{"@id":"https:\/\/ahamarketing.hu\/en\/brand-design\/#primaryimage"},"image":{"@id":"https:\/\/ahamarketing.hu\/en\/brand-design\/#primaryimage"},"thumbnailUrl":"https:\/\/ahamarketing.hu\/en\/wp-content\/uploads\/2025\/08\/arculattervezes-aha-marketing.png","datePublished":"2025-08-18T09:39:18+00:00","dateModified":"2025-08-18T09:39:20+00:00","description":"Comprehensive brand design, starting from small businesses. Let's write your company's story together! Dedicated project manager \u2714 Experienced designers \u2714 Corporate-level professionalism \u2714","breadcrumb":{"@id":"https:\/\/ahamarketing.hu\/en\/brand-design\/#breadcrumb"},"inLanguage":"hu","potentialAction":[{"@type":"ReadAction","target":["https:\/\/ahamarketing.hu\/en\/brand-design\/"]}]},{"@type":"ImageObject","inLanguage":"hu","@id":"https:\/\/ahamarketing.hu\/en\/brand-design\/#primaryimage","url":"https:\/\/ahamarketing.hu\/en\/wp-content\/uploads\/2025\/08\/arculattervezes-aha-marketing.png","contentUrl":"https:\/\/ahamarketing.hu\/en\/wp-content\/uploads\/2025\/08\/arculattervezes-aha-marketing.png","width":1920,"height":700},{"@type":"BreadcrumbList","@id":"https:\/\/ahamarketing.hu\/en\/brand-design\/#breadcrumb","itemListElement":[{"@type":"ListItem","position":1,"name":"Kezd\u0151lap","item":"https:\/\/ahamarketing.hu\/en\/"},{"@type":"ListItem","position":2,"name":"Brand Design"}]},{"@type":"WebSite","@id":"https:\/\/ahamarketing.hu\/en\/#website","url":"https:\/\/ahamarketing.hu\/en\/","name":"AhaMarketing","description":"","publisher":{"@id":"https:\/\/ahamarketing.hu\/en\/#organization"},"potentialAction":[{"@type":"SearchAction","target":{"@type":"EntryPoint","urlTemplate":"https:\/\/ahamarketing.hu\/en\/?s={search_term_string}"},"query-input":"required name=search_term_string"}],"inLanguage":"hu"},{"@type":"Organization","@id":"https:\/\/ahamarketing.hu\/en\/#organization","name":"AhaMarketing","url":"https:\/\/ahamarketing.hu\/en\/","logo":{"@type":"ImageObject","inLanguage":"hu","@id":"https:\/\/ahamarketing.hu\/en\/#\/schema\/logo\/image\/","url":"https:\/\/ahamarketing.hu\/en\/wp-content\/uploads\/2024\/04\/aha-marketing-studio-logo.png","contentUrl":"https:\/\/ahamarketing.hu\/en\/wp-content\/uploads\/2024\/04\/aha-marketing-studio-logo.png","width":259,"height":139,"caption":"AhaMarketing"},"image":{"@id":"https:\/\/ahamarketing.hu\/en\/#\/schema\/logo\/image\/"}}]}},"uagb_featured_image_src":{"full":false,"thumbnail":false,"medium":false,"medium_large":false,"large":false,"1536x1536":false,"2048x2048":false},"uagb_author_info":{"display_name":"wp-admin","author_link":"https:\/\/ahamarketing.hu\/en\/author\/wp-admin\/"},"uagb_comment_info":0,"uagb_excerpt":"Brand identity design is much more than creating a logo or selecting a color palette \u2013 it\u2019s the visual language [&hellip;]","_links":{"self":[{"href":"https:\/\/ahamarketing.hu\/en\/wp-json\/wp\/v2\/pages\/1320","targetHints":{"allow":["GET"]}}],"collection":[{"href":"https:\/\/ahamarketing.hu\/en\/wp-json\/wp\/v2\/pages"}],"about":[{"href":"https:\/\/ahamarketing.hu\/en\/wp-json\/wp\/v2\/types\/page"}],"author":[{"embeddable":true,"href":"https:\/\/ahamarketing.hu\/en\/wp-json\/wp\/v2\/users\/1"}],"replies":[{"embeddable":true,"href":"https:\/\/ahamarketing.hu\/en\/wp-json\/wp\/v2\/comments?post=1320"}],"version-history":[{"count":4,"href":"https:\/\/ahamarketing.hu\/en\/wp-json\/wp\/v2\/pages\/1320\/revisions"}],"predecessor-version":[{"id":1399,"href":"https:\/\/ahamarketing.hu\/en\/wp-json\/wp\/v2\/pages\/1320\/revisions\/1399"}],"wp:attachment":[{"href":"https:\/\/ahamarketing.hu\/en\/wp-json\/wp\/v2\/media?parent=1320"}],"curies":[{"name":"wp","href":"https:\/\/api.w.org\/{rel}","templated":true}]}}